{"id":42224,"date":"2024-01-31T11:29:47","date_gmt":"2024-01-31T11:29:47","guid":{"rendered":"https:\/\/e.kosmolat.eu\/product\/lv-skrpostu-tusa-killer-melna-11-g\/"},"modified":"2025-09-19T19:54:26","modified_gmt":"2025-09-19T19:54:26","slug":"lv-skrpostu-tusa-killer-melna-11-g","status":"publish","type":"product","link":"https:\/\/e.kosmolat.eu\/lv\/product\/lv-skrpostu-tusa-killer-melna-11-g\/","title":{"rendered":"LV Skrpostu tu\u0161a KILLER, Melna, 11 g"},"content":{"rendered":"<p>Skropstu tu\u0161a pie\u0161\u0137ir skropst\u0101m \u012bpa\u0161i lielu apjomu un nodro\u0161ina perfektu atdal\u012b\u0161anu.<\/p>\n<p><\/p>\n","protected":false},"excerpt":{"rendered":"<p>Skropstu tu\u0161a pie\u0161\u0137ir skropst\u0101m \u012bpa\u0161i lielu apjomu un nodro\u0161ina perfektu atdal\u012b\u0161anu.<\/p>\n","protected":false},"featured_media":83350,"template":"","meta":[],"product_cat":[1380],"product_tag":[],"class_list":{"0":"post-42224","1":"product","2":"type-product","3":"status-publish","4":"has-post-thumbnail","6":"product_brand-lux-visage_by","7":"product_cat-tusas","9":"first","10":"outofstock","11":"taxable","12":"shipping-taxable","13":"product-type-simple"},"_links":{"self":[{"href":"https:\/\/e.kosmolat.eu\/lv\/wp-json\/wp\/v2\/product\/42224","targetHints":{"allow":["GET"]}}],"collection":[{"href":"https:\/\/e.kosmolat.eu\/lv\/wp-json\/wp\/v2\/product"}],"about":[{"href":"https:\/\/e.kosmolat.eu\/lv\/wp-json\/wp\/v2\/types\/product"}],"wp:featuredmedia":[{"embeddable":true,"href":"https:\/\/e.kosmolat.eu\/lv\/wp-json\/wp\/v2\/media\/83350"}],"wp:attachment":[{"href":"https:\/\/e.kosmolat.eu\/lv\/wp-json\/wp\/v2\/media?parent=42224"}],"wp:term":[{"taxonomy":"product_cat","embeddable":true,"href":"https:\/\/e.kosmolat.eu\/lv\/wp-json\/wp\/v2\/product_cat?post=42224"},{"taxonomy":"product_tag","embeddable":true,"href":"https:\/\/e.kosmolat.eu\/lv\/wp-json\/wp\/v2\/product_tag?post=42224"}],"curies":[{"name":"wp","href":"https:\/\/api.w.org\/{rel}","templated":true}]}}