{"id":42200,"date":"2024-01-31T11:28:45","date_gmt":"2024-01-31T11:28:45","guid":{"rendered":"https:\/\/e.kosmolat.eu\/product\/i_lv-skropstu-tusa-be-crazy-apjomsieliekums-volume-lift-up-10-g\/"},"modified":"2025-09-19T19:55:15","modified_gmt":"2025-09-19T19:55:15","slug":"lv-skropstu-tusa-be-crazy-apjomsieliekums-volume-lift-up-10-g","status":"publish","type":"product","link":"https:\/\/e.kosmolat.eu\/lv\/product\/lv-skropstu-tusa-be-crazy-apjomsieliekums-volume-lift-up-10-g\/","title":{"rendered":"!LV Skropstu tu\u0161a be Crazy , Apjoms&#038;Ieliekums (volume &#038; lift up) , 10 g"},"content":{"rendered":"<p>Skropstu tu\u0161a pie\u0161\u0137ir j\u016bsu skropst\u0101m apjomu, izteiksm\u012bgu garumu un izliekumu.<\/p>\n","protected":false},"excerpt":{"rendered":"<p>Skropstu tu\u0161a pie\u0161\u0137ir j\u016bsu skropst\u0101m apjomu, izteiksm\u012bgu garumu un izliekumu.<\/p>\n","protected":false},"featured_media":83366,"template":"","meta":[],"product_cat":[1380],"product_tag":[],"class_list":{"0":"post-42200","1":"product","2":"type-product","3":"status-publish","4":"has-post-thumbnail","6":"product_brand-lux-visage_by","7":"product_cat-tusas","9":"first","10":"outofstock","11":"taxable","12":"shipping-taxable","13":"product-type-simple"},"_links":{"self":[{"href":"https:\/\/e.kosmolat.eu\/lv\/wp-json\/wp\/v2\/product\/42200","targetHints":{"allow":["GET"]}}],"collection":[{"href":"https:\/\/e.kosmolat.eu\/lv\/wp-json\/wp\/v2\/product"}],"about":[{"href":"https:\/\/e.kosmolat.eu\/lv\/wp-json\/wp\/v2\/types\/product"}],"wp:featuredmedia":[{"embeddable":true,"href":"https:\/\/e.kosmolat.eu\/lv\/wp-json\/wp\/v2\/media\/83366"}],"wp:attachment":[{"href":"https:\/\/e.kosmolat.eu\/lv\/wp-json\/wp\/v2\/media?parent=42200"}],"wp:term":[{"taxonomy":"product_cat","embeddable":true,"href":"https:\/\/e.kosmolat.eu\/lv\/wp-json\/wp\/v2\/product_cat?post=42200"},{"taxonomy":"product_tag","embeddable":true,"href":"https:\/\/e.kosmolat.eu\/lv\/wp-json\/wp\/v2\/product_tag?post=42200"}],"curies":[{"name":"wp","href":"https:\/\/api.w.org\/{rel}","templated":true}]}}