{"id":42196,"date":"2024-01-31T11:28:29","date_gmt":"2024-01-31T11:28:29","guid":{"rendered":"https:\/\/e.kosmolat.eu\/product\/i_lv-skropstu-tusa-be-crazy-totals-efekts-10-g\/"},"modified":"2025-09-19T19:55:29","modified_gmt":"2025-09-19T19:55:29","slug":"lv-skropstu-tusa-be-crazy-totals-efekts-10-g","status":"publish","type":"product","link":"https:\/\/e.kosmolat.eu\/lv\/product\/lv-skropstu-tusa-be-crazy-totals-efekts-10-g\/","title":{"rendered":"LV Skropstu tu\u0161a be Crazy , Tot\u0101ls efekts , 10 g"},"content":{"rendered":"<p>Lieliska skropstu tu\u0161a \u0101trai apjoma palielin\u0101\u0161anai un garuma pagarin\u0101\u0161anai.<\/p>\n","protected":false},"excerpt":{"rendered":"<p>Lieliska skropstu tu\u0161a \u0101trai apjoma palielin\u0101\u0161anai un garuma pagarin\u0101\u0161anai.<\/p>\n","protected":false},"featured_media":83370,"template":"","meta":[],"product_cat":[1380],"product_tag":[],"class_list":{"0":"post-42196","1":"product","2":"type-product","3":"status-publish","4":"has-post-thumbnail","6":"product_brand-lux-visage_by","7":"product_cat-tusas","9":"first","10":"outofstock","11":"taxable","12":"shipping-taxable","13":"product-type-simple"},"_links":{"self":[{"href":"https:\/\/e.kosmolat.eu\/lv\/wp-json\/wp\/v2\/product\/42196","targetHints":{"allow":["GET"]}}],"collection":[{"href":"https:\/\/e.kosmolat.eu\/lv\/wp-json\/wp\/v2\/product"}],"about":[{"href":"https:\/\/e.kosmolat.eu\/lv\/wp-json\/wp\/v2\/types\/product"}],"wp:featuredmedia":[{"embeddable":true,"href":"https:\/\/e.kosmolat.eu\/lv\/wp-json\/wp\/v2\/media\/83370"}],"wp:attachment":[{"href":"https:\/\/e.kosmolat.eu\/lv\/wp-json\/wp\/v2\/media?parent=42196"}],"wp:term":[{"taxonomy":"product_cat","embeddable":true,"href":"https:\/\/e.kosmolat.eu\/lv\/wp-json\/wp\/v2\/product_cat?post=42196"},{"taxonomy":"product_tag","embeddable":true,"href":"https:\/\/e.kosmolat.eu\/lv\/wp-json\/wp\/v2\/product_tag?post=42196"}],"curies":[{"name":"wp","href":"https:\/\/api.w.org\/{rel}","templated":true}]}}