{"id":42180,"date":"2024-01-31T11:27:25","date_gmt":"2024-01-31T11:27:25","guid":{"rendered":"https:\/\/e.kosmolat.eu\/product\/lv-puderis-skulptors-02-tonis-9-g\/"},"modified":"2025-09-19T19:58:19","modified_gmt":"2025-09-19T19:58:19","slug":"lv-puderis-skulptors-02-tonis-9-g","status":"publish","type":"product","link":"https:\/\/e.kosmolat.eu\/lv\/product\/lv-puderis-skulptors-02-tonis-9-g\/","title":{"rendered":"LV P\u016bderis-skulptors, 02 tonis, 9 g"},"content":{"rendered":"<p>P\u016bdera-skulptora maig\u0101 un pigment\u0113t\u0101 tekst\u016bra lieliski uzkl\u0101jas un ieton\u0113, nodro\u0161inot ilgsto\u0161u un notur\u012bgu rezult\u0101tu.\n<\/p>\n<p>P\u016bderis-skulptors tiek prezent\u0113ts tr\u012bs to\u0146os:\n<\/p>\n<p>1. tonis \u201cKr\u0113mveida karamele\u201d\n<\/p>\n<p>2. tonis \u201cVanilla Cappuccino\u201d\n<\/p>\n<p>3. tonis &#8220;Piena \u0161okol\u0101de&#8221;\n<\/p>\n<p>Katrs no tiem sast\u0101v no gai\u0161as un tum\u0161as nokr\u0101sas, kuras ir viegli sajaukt sav\u0101 starp\u0101, pan\u0101kot dabisk\u0101k\u0101s l\u012bnijas.\n<\/p>\n<p>Tum\u0161a nokr\u0101sa pasl\u0113ps nepiln\u012bbas un padar\u012bs sejas kont\u016bru reljef\u0101ku. Gai\u0161a nokr\u0101sa uzsv\u0113rs un pie\u0161\u0137irs sejai apjomu.\n<\/p>\n<p>Lieliskas iesp\u0113jas ar gaismas un \u0113nas sp\u0113li!\n<\/p>\n<p>Uzman\u012bbu! Displeja kr\u0101sas var at\u0161\u0137irties no faktisk\u0101s izstr\u0101d\u0101juma kr\u0101sas.<\/p>\n","protected":false},"excerpt":{"rendered":"<p>P\u016bdera-skulptora maig\u0101 un pigment\u0113t\u0101 tekst\u016bra lieliski uzkl\u0101jas un ieton\u0113, nodro\u0161inot ilgsto\u0161u un notur\u012bgu rezult\u0101tu. P\u016bderis-skulptors tiek prezent\u0113ts tr\u012bs to\u0146os: 1. tonis \u201cKr\u0113mveida karamele\u201d 2. tonis \u201cVanilla Cappuccino\u201d 3. tonis &#8220;Piena \u0161okol\u0101de&#8221; Katrs no tiem sast\u0101v no gai\u0161as un tum\u0161as nokr\u0101sas, kuras ir viegli sajaukt sav\u0101 starp\u0101, pan\u0101kot dabisk\u0101k\u0101s l\u012bnijas. Tum\u0161a nokr\u0101sa pasl\u0113ps nepiln\u012bbas un padar\u012bs [&#8230;]\n","protected":false},"featured_media":83434,"template":"","meta":[],"product_cat":[1289],"product_tag":[],"class_list":{"0":"post-42180","1":"product","2":"type-product","3":"status-publish","4":"has-post-thumbnail","6":"product_brand-lux-visage_by","7":"product_cat-grima-pamats","9":"first","10":"outofstock","11":"taxable","12":"shipping-taxable","13":"product-type-simple"},"_links":{"self":[{"href":"https:\/\/e.kosmolat.eu\/lv\/wp-json\/wp\/v2\/product\/42180","targetHints":{"allow":["GET"]}}],"collection":[{"href":"https:\/\/e.kosmolat.eu\/lv\/wp-json\/wp\/v2\/product"}],"about":[{"href":"https:\/\/e.kosmolat.eu\/lv\/wp-json\/wp\/v2\/types\/product"}],"wp:featuredmedia":[{"embeddable":true,"href":"https:\/\/e.kosmolat.eu\/lv\/wp-json\/wp\/v2\/media\/83434"}],"wp:attachment":[{"href":"https:\/\/e.kosmolat.eu\/lv\/wp-json\/wp\/v2\/media?parent=42180"}],"wp:term":[{"taxonomy":"product_cat","embeddable":true,"href":"https:\/\/e.kosmolat.eu\/lv\/wp-json\/wp\/v2\/product_cat?post=42180"},{"taxonomy":"product_tag","embeddable":true,"href":"https:\/\/e.kosmolat.eu\/lv\/wp-json\/wp\/v2\/product_tag?post=42180"}],"curies":[{"name":"wp","href":"https:\/\/api.w.org\/{rel}","templated":true}]}}