{"id":42168,"date":"2024-01-31T11:20:23","date_gmt":"2024-01-31T11:20:23","guid":{"rendered":"https:\/\/e.kosmolat.eu\/product\/lv-tonalais-krems-matejoss-11-tonis-35-g\/"},"modified":"2025-09-19T18:47:50","modified_gmt":"2025-09-19T18:47:50","slug":"lv-tonalais-krems-matejoss-11-tonis-35-g","status":"publish","type":"product","link":"https:\/\/e.kosmolat.eu\/lv\/product\/lv-tonalais-krems-matejoss-11-tonis-35-g\/","title":{"rendered":"LV Ton\u0101lais kr\u0113ms, Mat\u0113jo\u0161s, 11 tonis, 35 g"},"content":{"rendered":"<p>Viegli un vienm\u0113r\u012bgi uzkl\u0101jams ton\u0101lais kr\u0113ms nodro\u0161ina ilgsto\u0161u mat\u0113jo\u0161u efektu. Maksim\u0101li sl\u0113pj \u0101das nepiln\u012bbas un pie\u0161\u0137ir sejai svaigu un koptu izskatu visas dienas garum\u0101.<\/p>\n<p>Satur A vitam\u012bnu. L\u016bgums pirms lieto\u0161anas p\u0101rdom\u0101t savu dienas devu.<\/p>\n<p>Lieto\u0161ana: uzkl\u0101t uz att\u012br\u012btas sejas un kakla \u0101das vienm\u0113r\u012bg\u0101 sl\u0101n\u012b. <\/p>\n<p>Uzglab\u0101t temperat\u016br\u0101 no +8 \u00b0\u0421 l\u012bdz +25 \u00b0\u0421 saus\u0101 viet\u0101, sarg\u0101jot no tie\u0161iem saules stariem.<\/p>\n<p>Uzman\u012bbu! Displeja kr\u0101sa var at\u0161\u0137irties no faktisk\u0101s produkta kr\u0101sas.<\/p>\n","protected":false},"excerpt":{"rendered":"<p>Viegli un vienm\u0113r\u012bgi uzkl\u0101jams ton\u0101lais kr\u0113ms nodro\u0161ina ilgsto\u0161u mat\u0113jo\u0161u efektu. Maksim\u0101li sl\u0113pj \u0101das nepiln\u012bbas un pie\u0161\u0137ir sejai svaigu un koptu izskatu visas dienas garum\u0101. Satur A vitam\u012bnu. L\u016bgums pirms lieto\u0161anas p\u0101rdom\u0101t savu dienas devu. Lieto\u0161ana: uzkl\u0101t uz att\u012br\u012btas sejas un kakla \u0101das vienm\u0113r\u012bg\u0101 sl\u0101n\u012b. Uzglab\u0101t temperat\u016br\u0101 no +8 \u00b0\u0421 l\u012bdz +25 \u00b0\u0421 saus\u0101 viet\u0101, sarg\u0101jot [&#8230;]\n","protected":false},"featured_media":82142,"template":"","meta":[],"product_cat":[1289],"product_tag":[],"class_list":{"0":"post-42168","1":"product","2":"type-product","3":"status-publish","4":"has-post-thumbnail","6":"product_brand-lux-visage_by","7":"product_cat-grima-pamats","9":"first","10":"outofstock","11":"taxable","12":"shipping-taxable","13":"product-type-simple"},"_links":{"self":[{"href":"https:\/\/e.kosmolat.eu\/lv\/wp-json\/wp\/v2\/product\/42168","targetHints":{"allow":["GET"]}}],"collection":[{"href":"https:\/\/e.kosmolat.eu\/lv\/wp-json\/wp\/v2\/product"}],"about":[{"href":"https:\/\/e.kosmolat.eu\/lv\/wp-json\/wp\/v2\/types\/product"}],"wp:featuredmedia":[{"embeddable":true,"href":"https:\/\/e.kosmolat.eu\/lv\/wp-json\/wp\/v2\/media\/82142"}],"wp:attachment":[{"href":"https:\/\/e.kosmolat.eu\/lv\/wp-json\/wp\/v2\/media?parent=42168"}],"wp:term":[{"taxonomy":"product_cat","embeddable":true,"href":"https:\/\/e.kosmolat.eu\/lv\/wp-json\/wp\/v2\/product_cat?post=42168"},{"taxonomy":"product_tag","embeddable":true,"href":"https:\/\/e.kosmolat.eu\/lv\/wp-json\/wp\/v2\/product_tag?post=42168"}],"curies":[{"name":"wp","href":"https:\/\/api.w.org\/{rel}","templated":true}]}}