{"id":42154,"date":"2024-01-31T11:17:55","date_gmt":"2024-01-31T11:17:55","guid":{"rendered":"https:\/\/e.kosmolat.eu\/product\/lv-glam-look-lupu-krasa-304-tonis-4-g\/"},"modified":"2025-09-19T18:50:39","modified_gmt":"2025-09-19T18:50:39","slug":"lv-glam-look-lupu-krasa-304-tonis-4-g","status":"publish","type":"product","link":"https:\/\/e.kosmolat.eu\/lv\/product\/lv-glam-look-lupu-krasa-304-tonis-4-g\/","title":{"rendered":"LV GLAM LOOK L\u016bpu kr\u0101sa, 304 tonis, 4 g"},"content":{"rendered":"<p>\u012apa\u0161a l\u016bpu kr\u0101sas formula ar kopjo\u0161\u0101m sast\u0101vda\u013c\u0101m un \u012bpa\u0161i moderniem kr\u0101su pigmentiem nodro\u0161ina izcilu p\u0101rkl\u0101jumu, iztur\u012bbu, skaidru kont\u016bru, skaistu kr\u0101su, samtainu saj\u016btu, kop\u0161anu un aizsardz\u012bbu.\n<\/p>\n<\/p>\n<p>Akt\u012bv\u0101s sast\u0101vda\u013cas &#8211; E vitam\u012bns, augu e\u013c\u013cas, triglicer\u012bdi par\u016bp\u0113sies par j\u016bsu l\u016bp\u0101m.\n<\/p>\n<\/p>\n<p>Triglicer\u012bdi mitrina l\u016bpu pl\u0101nu \u0101du, baro un aizsarg\u0101 no nelabv\u0113l\u012bgas vides ietekmes uz l\u016bp\u0101m. Ieviesusi Pasaules Vesel\u012bbas organiz\u0101cija apstiprin\u0101to sast\u0101vda\u013cu sarakst\u0101 b\u0113rniem paredz\u0113tiem farmaceitiskiem un kosm\u0113tiskiem prepar\u0101tiem.\n<\/p>\n<\/p>\n<p>Uzman\u012bbu! Displeja kr\u0101sas var at\u0161\u0137irties no faktisk\u0101s izstr\u0101d\u0101juma kr\u0101sas.<\/p>\n","protected":false},"excerpt":{"rendered":"<p>\u012apa\u0161a l\u016bpu kr\u0101sas formula ar kopjo\u0161\u0101m sast\u0101vda\u013c\u0101m un \u012bpa\u0161i moderniem kr\u0101su pigmentiem nodro\u0161ina izcilu p\u0101rkl\u0101jumu, iztur\u012bbu, skaidru kont\u016bru, skaistu kr\u0101su, samtainu saj\u016btu, kop\u0161anu un aizsardz\u012bbu. Akt\u012bv\u0101s sast\u0101vda\u013cas &#8211; E vitam\u012bns, augu e\u013c\u013cas, triglicer\u012bdi par\u016bp\u0113sies par j\u016bsu l\u016bp\u0101m. Triglicer\u012bdi mitrina l\u016bpu pl\u0101nu \u0101du, baro un aizsarg\u0101 no nelabv\u0113l\u012bgas vides ietekmes uz l\u016bp\u0101m. Ieviesusi Pasaules Vesel\u012bbas organiz\u0101cija [&#8230;]\n","protected":false},"featured_media":82194,"template":"","meta":[],"product_cat":[1267],"product_tag":[],"class_list":{"0":"post-42154","1":"product","2":"type-product","3":"status-publish","4":"has-post-thumbnail","6":"product_brand-lux-visage_by","7":"product_cat-lupu-krasas","9":"first","10":"outofstock","11":"taxable","12":"shipping-taxable","13":"product-type-simple"},"_links":{"self":[{"href":"https:\/\/e.kosmolat.eu\/lv\/wp-json\/wp\/v2\/product\/42154","targetHints":{"allow":["GET"]}}],"collection":[{"href":"https:\/\/e.kosmolat.eu\/lv\/wp-json\/wp\/v2\/product"}],"about":[{"href":"https:\/\/e.kosmolat.eu\/lv\/wp-json\/wp\/v2\/types\/product"}],"wp:featuredmedia":[{"embeddable":true,"href":"https:\/\/e.kosmolat.eu\/lv\/wp-json\/wp\/v2\/media\/82194"}],"wp:attachment":[{"href":"https:\/\/e.kosmolat.eu\/lv\/wp-json\/wp\/v2\/media?parent=42154"}],"wp:term":[{"taxonomy":"product_cat","embeddable":true,"href":"https:\/\/e.kosmolat.eu\/lv\/wp-json\/wp\/v2\/product_cat?post=42154"},{"taxonomy":"product_tag","embeddable":true,"href":"https:\/\/e.kosmolat.eu\/lv\/wp-json\/wp\/v2\/product_tag?post=42154"}],"curies":[{"name":"wp","href":"https:\/\/api.w.org\/{rel}","templated":true}]}}