{"id":42130,"date":"2024-01-31T11:16:26","date_gmt":"2024-01-31T11:16:26","guid":{"rendered":"https:\/\/e.kosmolat.eu\/product\/lv-pin-up-ultra-matt-34-tonislupu-spidums-5-g\/"},"modified":"2026-03-31T20:09:05","modified_gmt":"2026-03-31T20:09:05","slug":"lv-pin-up-ultra-matt-34-tonislupu-spidums-5-g","status":"publish","type":"product","link":"https:\/\/e.kosmolat.eu\/lv\/product\/lv-pin-up-ultra-matt-34-tonislupu-spidums-5-g\/","title":{"rendered":"LV PIN-UP ultra matt  34 tonis,L\u016bpu sp\u012bdums,  5 g"},"content":{"rendered":"<p>Inovat\u012bvs produkts &#8220;tr\u012bs vien\u0101&#8221;, kas nodro\u0161ina izcilu komfortu, notur\u012bbu un mat\u0113tu kop\u0161anu. Maigo kr\u0113mveida tekst\u016bru ir viegli uzkl\u0101t, pie\u0161\u0137irot l\u016bp\u0101m gludumu un elast\u012bbu. Sp\u012bdums neizsm\u0113rejas un rada skaistu mat\u0113tu p\u016bdera efektu. Satur E vitam\u012bnu, kas baro, m\u012bkstina un izl\u012bdzina l\u016bpu \u0101du.<\/p>\n","protected":false},"excerpt":{"rendered":"<p>Inovat\u012bvs produkts &#8220;tr\u012bs vien\u0101&#8221;, kas nodro\u0161ina izcilu komfortu, notur\u012bbu un mat\u0113tu kop\u0161anu. Maigo kr\u0113mveida tekst\u016bru ir viegli uzkl\u0101t, pie\u0161\u0137irot l\u016bp\u0101m gludumu un elast\u012bbu. Sp\u012bdums neizsm\u0113rejas un rada skaistu mat\u0113tu p\u016bdera efektu. Satur E vitam\u012bnu, kas baro, m\u012bkstina un izl\u012bdzina l\u016bpu \u0101du.<\/p>\n","protected":false},"featured_media":82322,"template":"","meta":[],"product_cat":[1271],"product_tag":[],"class_list":{"0":"post-42130","1":"product","2":"type-product","3":"status-publish","4":"has-post-thumbnail","6":"product_brand-lux-visage_by","7":"product_cat-lupu-spidumi","9":"first","10":"outofstock","11":"taxable","12":"shipping-taxable","13":"product-type-simple"},"_links":{"self":[{"href":"https:\/\/e.kosmolat.eu\/lv\/wp-json\/wp\/v2\/product\/42130","targetHints":{"allow":["GET"]}}],"collection":[{"href":"https:\/\/e.kosmolat.eu\/lv\/wp-json\/wp\/v2\/product"}],"about":[{"href":"https:\/\/e.kosmolat.eu\/lv\/wp-json\/wp\/v2\/types\/product"}],"wp:featuredmedia":[{"embeddable":true,"href":"https:\/\/e.kosmolat.eu\/lv\/wp-json\/wp\/v2\/media\/82322"}],"wp:attachment":[{"href":"https:\/\/e.kosmolat.eu\/lv\/wp-json\/wp\/v2\/media?parent=42130"}],"wp:term":[{"taxonomy":"product_cat","embeddable":true,"href":"https:\/\/e.kosmolat.eu\/lv\/wp-json\/wp\/v2\/product_cat?post=42130"},{"taxonomy":"product_tag","embeddable":true,"href":"https:\/\/e.kosmolat.eu\/lv\/wp-json\/wp\/v2\/product_tag?post=42130"}],"curies":[{"name":"wp","href":"https:\/\/api.w.org\/{rel}","templated":true}]}}