{"id":42010,"date":"2024-01-31T11:11:23","date_gmt":"2024-01-31T11:11:23","guid":{"rendered":"https:\/\/e.kosmolat.eu\/product\/suprim-sprejs-traipu-likvidetajs-400-ml\/"},"modified":"2025-09-19T18:01:59","modified_gmt":"2025-09-19T18:01:59","slug":"suprim-sprejs-traipu-likvidetajs-400-ml","status":"publish","type":"product","link":"https:\/\/e.kosmolat.eu\/lv\/product\/suprim-sprejs-traipu-likvidetajs-400-ml\/","title":{"rendered":"Suprim  Sprejs-traipu likvid\u0113t\u0101js, 400 ml"},"content":{"rendered":"<p>Saudz\u012bgai un efekt\u012bvai traipu no\u0146em&scaron;anai no visu veidu audumiem. Paredz\u0113ts \u012bpa&scaron;i net\u012bru audumu pirmsapstr\u0101dei un mazg\u0101&scaron;anas efektivit\u0101tes pastiprin\u0101&scaron;anai. Piem\u0113rots b\u0113rnu ap\u0123\u0113rbiem.&nbsp;<\/p>\n<p><strong>Sast\u0101v\u0101: <\/strong>5 % un vair\u0101k, bet maz\u0101k nek\u0101 15 % anjonu virsmakt\u012bvo vielu, maz\u0101k par 5 % nejonu virsmakt\u012bvo vielu. Fermenti. Smar\u017eas un arom\u0101tisk\u0101s kompoz\u012bcijas. Konservanti: Methylchloroisothiazolinone, Methylisothiazolinone.<\/p>\n<p><strong>Lieto&scaron;ana:<\/strong> izsmidzin\u0101t uz traipiem. Atst\u0101t iedarboties 15 min. Mazg\u0101t ierastaj\u0101 veid\u0101. Ja nepiecie&scaron;ams, atk\u0101rtot.&nbsp;<\/p>\n<p>&nbsp;<\/p>\n<p><strong><img decoding=\"async\" alt=\"\" src=\"file:\/\/\/C:\/Users\/masha\/Desktop\/GHS07.png\" style=\"height:40px; width:40px\" \/>GHS07 Uzman\u012bbu&nbsp;<\/strong><br \/>\n<strong>H319 <\/strong>Izraisa nopietnu acu kairin\u0101jumu.<br \/>\n<strong>H315<\/strong> Kairina \u0101du<br \/>\nDro&scaron;\u012bbas pras\u012bbu apz\u012bm\u0113jumi:<br \/>\nP101 Medic\u012bniska padoma nepiecie&scaron;am\u012bbas gad\u012bjum\u0101 attiec\u012bg\u0101 inform\u0101cija ir nor\u0101d\u012bta uz iepakojuma vai eti\u0137etes.<br \/>\nP102 Sarg\u0101t no b\u0113rniem.<br \/>\nP103 Pirms izmanto&scaron;anas izlas\u012bt eti\u0137eti.<br \/>\nP264 P\u0113c izmanto&scaron;anas rokas k\u0101rt\u012bgi nomazg\u0101t.<br \/>\nP280 Izmantot aizsargcimdus\/aizsargdr\u0113bes\/ acu aizsargus\/sejas aizsargus.<br \/>\nP305+P351+P338 SASKAR\u0112 AR AC\u012aM: Uzman\u012bgi izskalot ar \u016bdeni vair\u0101kas min\u016btes. Iz\u0146emt kontaktl\u0113cas, ja t\u0101s ir ievietotas un ja to var vienk\u0101r&scaron;i izdar\u012bt. Turpin\u0101t skalot.<br \/>\nP337+P313 Ja acu iekaisums nep\u0101riet: l\u016bdziet medi\u0137u pal\u012bdz\u012bbu&nbsp;<br \/>\nP302+P352 SASKAR\u0112 AR \u0100DU: nomazg\u0101t ar lielu \u016bdens daudzumu. &nbsp;&nbsp;<br \/>\nP332+P313 Ja rodas \u0101das iekaisums: l\u016bdziet medi\u0137u pal\u012bdz\u012bbu.<br \/>\nP321 \u012apa&scaron;a medic\u012bnisk\u0101 pal\u012bdz\u012bba (skat. uz &scaron;\u012bs eti\u0137etes).<\/p>\n<p>Uzglab\u0101t atsevi&scaron;\u0137i no p\u0101rtikas produktiem, b\u0113rniem nepieejam\u0101 vieta, temperat\u016br\u0101 no +5 &deg;\u0421 l\u012bdz +25 &deg;\u0421, relat\u012bvaj\u0101 gaisa mitrum\u0101 ne vair\u0101k k\u0101 95 %, sarg\u0101jot no tie&scaron;iem saules stariem.<\/p>\n<p><strong>Der\u012bguma termi\u0146&scaron;:<\/strong> 36 m\u0113ne&scaron;i no izgatavo&scaron;anas datuma.<br \/>\n&nbsp;<\/p>\n","protected":false},"excerpt":{"rendered":"<p>Saudz\u012bgai un efekt\u012bvai traipu no\u0146em&scaron;anai no visu veidu audumiem. Paredz\u0113ts \u012bpa&scaron;i net\u012bru audumu pirmsapstr\u0101dei un mazg\u0101&scaron;anas efektivit\u0101tes pastiprin\u0101&scaron;anai. Piem\u0113rots b\u0113rnu ap\u0123\u0113rbiem.&nbsp; Sast\u0101v\u0101: 5 % un vair\u0101k, bet maz\u0101k nek\u0101 15 % anjonu virsmakt\u012bvo vielu, maz\u0101k par 5 % nejonu virsmakt\u012bvo vielu. Fermenti. Smar\u017eas un arom\u0101tisk\u0101s kompoz\u012bcijas. Konservanti: Methylchloroisothiazolinone, Methylisothiazolinone. Lieto&scaron;ana: izsmidzin\u0101t uz traipiem. Atst\u0101t iedarboties [&#8230;]\n","protected":false},"featured_media":81374,"template":"","meta":[],"product_cat":[1532],"product_tag":[],"class_list":{"0":"post-42010","1":"product","2":"type-product","3":"status-publish","4":"has-post-thumbnail","6":"product_brand-sontsa-by","7":"product_cat-lidzekli-pret-traipiem","9":"first","10":"outofstock","11":"taxable","12":"shipping-taxable","13":"product-type-simple"},"_links":{"self":[{"href":"https:\/\/e.kosmolat.eu\/lv\/wp-json\/wp\/v2\/product\/42010","targetHints":{"allow":["GET"]}}],"collection":[{"href":"https:\/\/e.kosmolat.eu\/lv\/wp-json\/wp\/v2\/product"}],"about":[{"href":"https:\/\/e.kosmolat.eu\/lv\/wp-json\/wp\/v2\/types\/product"}],"wp:featuredmedia":[{"embeddable":true,"href":"https:\/\/e.kosmolat.eu\/lv\/wp-json\/wp\/v2\/media\/81374"}],"wp:attachment":[{"href":"https:\/\/e.kosmolat.eu\/lv\/wp-json\/wp\/v2\/media?parent=42010"}],"wp:term":[{"taxonomy":"product_cat","embeddable":true,"href":"https:\/\/e.kosmolat.eu\/lv\/wp-json\/wp\/v2\/product_cat?post=42010"},{"taxonomy":"product_tag","embeddable":true,"href":"https:\/\/e.kosmolat.eu\/lv\/wp-json\/wp\/v2\/product_tag?post=42010"}],"curies":[{"name":"wp","href":"https:\/\/api.w.org\/{rel}","templated":true}]}}