{"id":42002,"date":"2024-01-31T11:11:09","date_gmt":"2024-01-31T11:11:09","guid":{"rendered":"https:\/\/e.kosmolat.eu\/product\/dr-s-argan-hair-krems-maska-300-ml-2\/"},"modified":"2025-07-08T13:54:53","modified_gmt":"2025-07-08T13:54:53","slug":"i_dr-s-argan-hair-krems-maska-300-ml","status":"publish","type":"product","link":"https:\/\/e.kosmolat.eu\/lv\/product\/i_dr-s-argan-hair-krems-maska-300-ml\/","title":{"rendered":"I_Dr. S Argan Hair Kr\u0113ms-maska, 300 ml"},"content":{"rendered":"<p>Intens\u012bva kop&scaron;ana boj\u0101tiem matiem.<\/p>\n<p><strong>Lieto&scaron;ana:<\/strong> uzkl\u0101t uz izmazg\u0101tiem un ar dvieli nosusin\u0101tiem matiem l\u012bdz pat galiem. P\u0113c 5 min\u016bt\u0113m nomazg\u0101t ar \u016bdeni. Lietot reizi ned\u0113\u013c\u0101.<\/p>\n<p><strong>Piesardz\u012bbas pas\u0101kumi:<\/strong> iek\u013c\u016bstot ac\u012bs nomazg\u0101t ar \u016bdeni. Iesp\u0113jama paaugstin\u0101ta individu\u0101l\u0101 jut\u012bba pret atsevi&scaron;\u0137\u0101m sast\u0101vda\u013c\u0101m.<\/p>\n<p>Uzglab\u0101t temperat\u016br\u0101 no +5 &deg;\u0421 l\u012bdz +25 &deg;\u0421.<br \/>\n&nbsp;<\/p>\n","protected":false},"excerpt":{"rendered":"<p>Intens\u012bva kop&scaron;ana boj\u0101tiem matiem. Lieto&scaron;ana: uzkl\u0101t uz izmazg\u0101tiem un ar dvieli nosusin\u0101tiem matiem l\u012bdz pat galiem. P\u0113c 5 min\u016bt\u0113m nomazg\u0101t ar \u016bdeni. Lietot reizi ned\u0113\u013c\u0101. Piesardz\u012bbas pas\u0101kumi: iek\u013c\u016bstot ac\u012bs nomazg\u0101t ar \u016bdeni. Iesp\u0113jama paaugstin\u0101ta individu\u0101l\u0101 jut\u012bba pret atsevi&scaron;\u0137\u0101m sast\u0101vda\u013c\u0101m. Uzglab\u0101t temperat\u016br\u0101 no +5 &deg;\u0421 l\u012bdz +25 &deg;\u0421. &nbsp;<\/p>\n","protected":false},"featured_media":42006,"template":"","meta":[],"product_cat":[1254],"product_tag":[],"class_list":{"0":"post-42002","1":"product","2":"type-product","3":"status-publish","4":"has-post-thumbnail","6":"product_brand-elfa_ua","7":"product_cat-maskas-matiem","9":"first","10":"outofstock","11":"taxable","12":"shipping-taxable","13":"product-type-simple"},"_links":{"self":[{"href":"https:\/\/e.kosmolat.eu\/lv\/wp-json\/wp\/v2\/product\/42002","targetHints":{"allow":["GET"]}}],"collection":[{"href":"https:\/\/e.kosmolat.eu\/lv\/wp-json\/wp\/v2\/product"}],"about":[{"href":"https:\/\/e.kosmolat.eu\/lv\/wp-json\/wp\/v2\/types\/product"}],"wp:featuredmedia":[{"embeddable":true,"href":"https:\/\/e.kosmolat.eu\/lv\/wp-json\/wp\/v2\/media\/42006"}],"wp:attachment":[{"href":"https:\/\/e.kosmolat.eu\/lv\/wp-json\/wp\/v2\/media?parent=42002"}],"wp:term":[{"taxonomy":"product_cat","embeddable":true,"href":"https:\/\/e.kosmolat.eu\/lv\/wp-json\/wp\/v2\/product_cat?post=42002"},{"taxonomy":"product_tag","embeddable":true,"href":"https:\/\/e.kosmolat.eu\/lv\/wp-json\/wp\/v2\/product_tag?post=42002"}],"curies":[{"name":"wp","href":"https:\/\/api.w.org\/{rel}","templated":true}]}}