{"id":41994,"date":"2024-01-31T11:10:58","date_gmt":"2024-01-31T11:10:58","guid":{"rendered":"https:\/\/e.kosmolat.eu\/product\/i_dr-s-argan-hair-sampuns-250-ml\/"},"modified":"2025-07-24T10:21:37","modified_gmt":"2025-07-24T10:21:37","slug":"i_dr-s-argan-hair-sampuns-250-ml","status":"publish","type":"product","link":"https:\/\/e.kosmolat.eu\/lv\/product\/i_dr-s-argan-hair-sampuns-250-ml\/","title":{"rendered":"I_&#8221;Dr.S Argan Hair&#8221; \u0160amp\u016bns, 250 ml"},"content":{"rendered":"<p>Argana e\u013c\u013ca un kerat\u012bns. Boj\u0101tiem matiem.&nbsp;<br \/>\nS\u0113rija &ldquo;Argan hair&rdquo; satur v\u0113rt\u012bgu komponentu &ndash; argana e\u013c\u013cu, kas atjauno matu strukt\u016bru gan iek\u0161pus\u0113, gan \u0101rpus\u0113. Iek\u013c\u016bstot mat\u0101, e\u013c\u013ca savieno mata zv\u012b\u0146as ar korteksu, nov\u0113r\u0161 matu galu \u0161\u0137el\u0161anos. P\u0101rkl\u0101jot matu no iek\u0161puses, e\u013c\u013ca nogludina un ilg\u0101ku laiku notur mitrumu, padarot matus z\u012bdainus. Kerat\u012bns aizpilda tuk\u0161umus matu boj\u0101jumu viet\u0101s un aizsarg\u0101 matus no nelabv\u0113l\u012bgiem laika apst\u0101k\u013ciem. Kvie\u0161u prote\u012bni stiprina un atjauno matus, pazemina to l\u016b\u0161anu par 80%. Mati izskat\u0101s vesel\u012bg\u0101ki jau p\u0113c 4 lieto\u0161anas ned\u0113\u013c\u0101m, pamatojoties uz 4 ned\u0113\u013cu ilgas pat\u0113r\u0113t\u0101ju test\u0113\u0161anas rezult\u0101tiem. &Scaron;amp\u016bns saudz\u012bgi att\u012bra matus no net\u012brumiem un sagatavo tos turpm\u0101k\u0101m atjauno\u0161anas un stiprin\u0101\u0161anas proced\u016br\u0101m. Sniedz matiem vieglumu, z\u012bdainumu, atjauno elast\u012bgumu, veselu un koptu izskatu.<\/p>\n<p><strong>Lieto\u0161ana:<\/strong> nepiecie\u0161amo \u0161amp\u016bna daudzumu uzkl\u0101t uz mitriem matiem, saputot, izmazg\u0101t ar \u016bdeni. Nepiecie\u0161am\u012bbas gad\u012bjum\u0101 atk\u0101rtot proced\u016bru.<\/p>\n<p><strong>Piesardz\u012bbas pas\u0101kumi:<\/strong> Ja nok\u013c\u016bst ac\u012bs, izskalot ar \u016bdeni. Iesp\u0113jama individu\u0101la nepanes\u012bba pret atsevi\u0161\u0137\u0101m produkta sast\u0101vda\u013c\u0101m.<br \/>\n.<\/p>\n","protected":false},"excerpt":{"rendered":"<p>Argana e\u013c\u013ca un kerat\u012bns. Boj\u0101tiem matiem.&nbsp; S\u0113rija &ldquo;Argan hair&rdquo; satur v\u0113rt\u012bgu komponentu &ndash; argana e\u013c\u013cu, kas atjauno matu strukt\u016bru gan iek\u0161pus\u0113, gan \u0101rpus\u0113. Iek\u013c\u016bstot mat\u0101, e\u013c\u013ca savieno mata zv\u012b\u0146as ar korteksu, nov\u0113r\u0161 matu galu \u0161\u0137el\u0161anos. P\u0101rkl\u0101jot matu no iek\u0161puses, e\u013c\u013ca nogludina un ilg\u0101ku laiku notur mitrumu, padarot matus z\u012bdainus. Kerat\u012bns aizpilda tuk\u0161umus matu boj\u0101jumu viet\u0101s [&#8230;]\n","protected":false},"featured_media":67988,"template":"","meta":[],"product_cat":[1999],"product_tag":[],"class_list":{"0":"post-41994","1":"product","2":"type-product","3":"status-publish","4":"has-post-thumbnail","6":"product_brand-elfa_ua","7":"product_cat-bez-kategorijas","9":"first","10":"outofstock","11":"taxable","12":"shipping-taxable","13":"product-type-simple"},"_links":{"self":[{"href":"https:\/\/e.kosmolat.eu\/lv\/wp-json\/wp\/v2\/product\/41994","targetHints":{"allow":["GET"]}}],"collection":[{"href":"https:\/\/e.kosmolat.eu\/lv\/wp-json\/wp\/v2\/product"}],"about":[{"href":"https:\/\/e.kosmolat.eu\/lv\/wp-json\/wp\/v2\/types\/product"}],"wp:featuredmedia":[{"embeddable":true,"href":"https:\/\/e.kosmolat.eu\/lv\/wp-json\/wp\/v2\/media\/67988"}],"wp:attachment":[{"href":"https:\/\/e.kosmolat.eu\/lv\/wp-json\/wp\/v2\/media?parent=41994"}],"wp:term":[{"taxonomy":"product_cat","embeddable":true,"href":"https:\/\/e.kosmolat.eu\/lv\/wp-json\/wp\/v2\/product_cat?post=41994"},{"taxonomy":"product_tag","embeddable":true,"href":"https:\/\/e.kosmolat.eu\/lv\/wp-json\/wp\/v2\/product_tag?post=41994"}],"curies":[{"name":"wp","href":"https:\/\/api.w.org\/{rel}","templated":true}]}}