{"id":41982,"date":"2024-01-30T10:10:36","date_gmt":"2024-01-30T10:10:36","guid":{"rendered":"https:\/\/e.kosmolat.eu\/?post_type=product&#038;p=41982"},"modified":"2026-04-01T07:37:09","modified_gmt":"2026-04-01T07:37:09","slug":"favor-lokon-super-permanent-aukst-permanents-ilgvilniem-gruti-veidojamiem-mat-2-x-100-ml","status":"publish","type":"product","link":"https:\/\/e.kosmolat.eu\/lv\/product\/favor-lokon-super-permanent-aukst-permanents-ilgvilniem-gruti-veidojamiem-mat-2-x-100-ml\/","title":{"rendered":"Favor Lokon Super Permanent Aukst. permanents ilgvi\u013c\u0146iem gr\u016bti veidojamiem mat., 2 x 100 ml"},"content":{"rendered":"<p><strong>Iepakojuma saturs:<\/strong><\/p>\n<ul>\n<li>Aukstais permanents ilgvi\u013c\u0146iem FAVOR Lokon Super Permanent (100 ml);<\/li>\n<li>Fiks\u0101cijas l\u012bdzeklis FAVOR 3% (100 ml);<\/li>\n<li>Cimdi;<\/li>\n<li>Cepur\u012bte;<\/li>\n<li>S\u016bklis;<\/li>\n<li>Lieto&scaron;anas instrukcija.<\/li>\n<\/ul>\n<p>Klasisk\u0101 pieeja matu veido&scaron;anai apvienota ar m\u016bsdien\u012bg\u0101m kosm\u0113tisk\u0101m tehnolo\u0123ij\u0101m. Viegli lietojams l\u012bdzeklis, piem\u0113rots lieto&scaron;anai gan m\u0101j\u0101s, gan friz\u0113tav\u0101s. Pateicoties formulai ar api\u0146u ziedu ekstraktu, l\u012bdzeklis nodro&scaron;ina nevainojamu loko&scaron;anas kvalit\u0101ti, vienlaikus saudz\u0113jot matus. \u012apa&scaron;i atlas\u012btas sast\u0101vda\u013cas padara matus dabiski cirtainus un apjom\u012bgus. Ir viegli pan\u0101kt &ldquo;vieglu vilni&rdquo; vai apjom\u012bgu cirtu efektu.<\/p>\n<p><strong>Br\u012bdin\u0101jums:<\/strong> Iev\u0113rot nor\u0101d\u012bjumus. 24 stundas pirms produkta lieto&scaron;anas veikt \u0101das jut\u012bguma testu (skat. lieto&scaron;anas instrukciju). Nepie\u013caut nok\u013c\u016b&scaron;anu ac\u012bs. Ja l\u012bdzeklis iek\u013c\u016bst ac\u012bs, t\u016bl\u012bt izskalot. Nepiecie&scaron;am\u012bbas gad\u012bjum\u0101 konsult\u0113ties ar \u0101rstu. Lietot atbilsto&scaron;us aizsargcimdus. Sarg\u0101t no b\u0113rniem. Satur tioglikol\u0101tu (ethanolamine thioglycolate). Satur \u016bde\u0146ra\u017ea peroks\u012bdu (hydrogen peroxide). Iesp\u0113jama paaugstin\u0101ta individu\u0101l\u0101 jut\u012bba pret atsevi&scaron;\u0137\u0101m sast\u0101vda\u013c\u0101m.<\/p>\n<p><strong>Der\u012bguma termi\u0146s:<\/strong> 24 m\u0113ne&scaron;i no izgatavo&scaron;anas datuma.<\/p>\n<p><strong>Uzglab\u0101&scaron;anas noteikumi:<\/strong> uzglab\u0101t temperat\u016br\u0101 no +5 &ordm;C l\u012bdz +25 &ordm;C, sarg\u0101jot no tie&scaron;iem saules stariem, vismaz 0,5 m att\u0101lum\u0101 no apkures ier\u012bc\u0113m. Utiliz\u0113t k\u0101 sadz\u012bves atkritumus.<br \/>\n&nbsp;<\/p>\n","protected":false},"excerpt":{"rendered":"<p>Iepakojuma saturs: Aukstais permanents ilgvi\u013c\u0146iem FAVOR Lokon Super Permanent (100 ml); Fiks\u0101cijas l\u012bdzeklis FAVOR 3% (100 ml); Cimdi; Cepur\u012bte; S\u016bklis; Lieto&scaron;anas instrukcija. Klasisk\u0101 pieeja matu veido&scaron;anai apvienota ar m\u016bsdien\u012bg\u0101m kosm\u0113tisk\u0101m tehnolo\u0123ij\u0101m. Viegli lietojams l\u012bdzeklis, piem\u0113rots lieto&scaron;anai gan m\u0101j\u0101s, gan friz\u0113tav\u0101s. Pateicoties formulai ar api\u0146u ziedu ekstraktu, l\u012bdzeklis nodro&scaron;ina nevainojamu loko&scaron;anas kvalit\u0101ti, vienlaikus saudz\u0113jot matus. \u012apa&scaron;i [&#8230;]\n","protected":false},"featured_media":90390,"template":"","meta":[],"product_cat":[1343],"product_tag":[],"class_list":{"0":"post-41982","1":"product","2":"type-product","3":"status-publish","4":"has-post-thumbnail","6":"product_brand-supermash_ua","7":"product_cat-citi-matu-kopsanas-produkti","9":"first","10":"instock","11":"taxable","12":"shipping-taxable","13":"product-type-simple"},"_links":{"self":[{"href":"https:\/\/e.kosmolat.eu\/lv\/wp-json\/wp\/v2\/product\/41982","targetHints":{"allow":["GET"]}}],"collection":[{"href":"https:\/\/e.kosmolat.eu\/lv\/wp-json\/wp\/v2\/product"}],"about":[{"href":"https:\/\/e.kosmolat.eu\/lv\/wp-json\/wp\/v2\/types\/product"}],"wp:featuredmedia":[{"embeddable":true,"href":"https:\/\/e.kosmolat.eu\/lv\/wp-json\/wp\/v2\/media\/90390"}],"wp:attachment":[{"href":"https:\/\/e.kosmolat.eu\/lv\/wp-json\/wp\/v2\/media?parent=41982"}],"wp:term":[{"taxonomy":"product_cat","embeddable":true,"href":"https:\/\/e.kosmolat.eu\/lv\/wp-json\/wp\/v2\/product_cat?post=41982"},{"taxonomy":"product_tag","embeddable":true,"href":"https:\/\/e.kosmolat.eu\/lv\/wp-json\/wp\/v2\/product_tag?post=41982"}],"curies":[{"name":"wp","href":"https:\/\/api.w.org\/{rel}","templated":true}]}}