{"id":41948,"date":"2024-01-18T08:20:42","date_gmt":"2024-01-18T08:20:42","guid":{"rendered":"https:\/\/e.kosmolat.eu\/?post_type=product&#038;p=41948"},"modified":"2026-04-01T07:52:03","modified_gmt":"2026-04-01T07:52:03","slug":"sage-sea-smarzas-sievietem-50-ml","status":"publish","type":"product","link":"https:\/\/e.kosmolat.eu\/lv\/product\/sage-sea-smarzas-sievietem-50-ml\/","title":{"rendered":"Sage &#038; Sea Smar\u017eas sieviet\u0113m, 50 ml"},"content":{"rendered":"<p><strong>Smar\u017eu \u0123imene:<\/strong> arom\u0101tisks, \u016bdens.<\/p>\n<p><strong>Galven\u0101s notis:<\/strong> greipfr\u016bts, salvija.<br \/>\n<strong>Sirds notis<\/strong>: j\u016bras s\u0101ls, ambrette.<br \/>\n<strong>B\u0101zes notis:<\/strong> ambrete, koksnes akords.<\/p>\n<p>Etilspirta tilpuma da\u013ca 80% tilp.<\/p>\n<p>Uzglab\u0101t temperat\u016br\u0101 no +5&deg;C l\u012bdz +25&deg;C, prom no apkures ier\u012bc\u0113m, sarg\u0101jot no tie&scaron;iem saules stariem.Tikai \u0101r\u012bgai lieto&scaron;anai. Izvair\u012bties no iek\u013c\u016b&scaron;anas ac\u012bs. Neizsmidzin\u0101t atv\u0113rtu liesmu tuvum\u0101. Lieto&scaron;ana p\u0101rtikas nol\u016bkos ir b\u012bstama dz\u012bv\u012bbai un vesel\u012bbai.<\/p>\n","protected":false},"excerpt":{"rendered":"<p>Smar\u017eu \u0123imene: arom\u0101tisks, \u016bdens. Galven\u0101s notis: greipfr\u016bts, salvija. Sirds notis: j\u016bras s\u0101ls, ambrette. B\u0101zes notis: ambrete, koksnes akords. Etilspirta tilpuma da\u013ca 80% tilp. Uzglab\u0101t temperat\u016br\u0101 no +5&deg;C l\u012bdz +25&deg;C, prom no apkures ier\u012bc\u0113m, sarg\u0101jot no tie&scaron;iem saules stariem.Tikai \u0101r\u012bgai lieto&scaron;anai. Izvair\u012bties no iek\u013c\u016b&scaron;anas ac\u012bs. Neizsmidzin\u0101t atv\u0113rtu liesmu tuvum\u0101. Lieto&scaron;ana p\u0101rtikas nol\u016bkos ir b\u012bstama dz\u012bv\u012bbai un [&#8230;]\n","protected":false},"featured_media":90506,"template":"","meta":[],"product_cat":[1447],"product_tag":[],"class_list":{"0":"post-41948","1":"product","2":"type-product","3":"status-publish","4":"has-post-thumbnail","6":"product_brand-parfum-by","7":"product_cat-kvepalai-ir-tualetinis-vanduo-moterims","9":"first","10":"instock","11":"taxable","12":"shipping-taxable","13":"product-type-simple"},"_links":{"self":[{"href":"https:\/\/e.kosmolat.eu\/lv\/wp-json\/wp\/v2\/product\/41948","targetHints":{"allow":["GET"]}}],"collection":[{"href":"https:\/\/e.kosmolat.eu\/lv\/wp-json\/wp\/v2\/product"}],"about":[{"href":"https:\/\/e.kosmolat.eu\/lv\/wp-json\/wp\/v2\/types\/product"}],"wp:featuredmedia":[{"embeddable":true,"href":"https:\/\/e.kosmolat.eu\/lv\/wp-json\/wp\/v2\/media\/90506"}],"wp:attachment":[{"href":"https:\/\/e.kosmolat.eu\/lv\/wp-json\/wp\/v2\/media?parent=41948"}],"wp:term":[{"taxonomy":"product_cat","embeddable":true,"href":"https:\/\/e.kosmolat.eu\/lv\/wp-json\/wp\/v2\/product_cat?post=41948"},{"taxonomy":"product_tag","embeddable":true,"href":"https:\/\/e.kosmolat.eu\/lv\/wp-json\/wp\/v2\/product_tag?post=41948"}],"curies":[{"name":"wp","href":"https:\/\/api.w.org\/{rel}","templated":true}]}}