{"id":41806,"date":"2024-01-08T08:36:17","date_gmt":"2024-01-08T08:36:17","guid":{"rendered":"https:\/\/e.kosmolat.eu\/?post_type=product&#038;p=41806"},"modified":"2026-04-22T10:05:32","modified_gmt":"2026-04-22T10:05:32","slug":"bio-naturell-kremv-dusas-zeleja-kokosr-pienins-946-ml","status":"publish","type":"product","link":"https:\/\/e.kosmolat.eu\/lv\/product\/bio-naturell-kremv-dusas-zeleja-kokosr-pienins-946-ml\/","title":{"rendered":"Bio Naturell Kr\u0113mv. du\u0161as \u017eeleja Kokosr. pieni\u0146\u0161, 946 ml"},"content":{"rendered":"<p>Du&scaron;as \u017eeleja Bio Naturell efekt\u012bvi un maigi att\u012bra \u0101du. Viegls arom\u0101ts it k\u0101 ap\u0146em \u0137ermeni un sniedz patiesu baud\u012bjumu. Kokosriekstu un piena ekstrakti kopj \u0101du, padarot to maig\u0101ku un samtain\u0101ku.&nbsp;<\/p>\n<p><strong>Lieto&scaron;ana:<\/strong> uzkl\u0101t uz mitras \u0101das, saputot, noskalot ar \u016bdeni.<\/p>\n<p><strong>Piesardz\u012bbas pas\u0101kumi: <\/strong>iesp\u0113jama paaugstin\u0101ta individu\u0101l\u0101 jut\u012bba pret atsevi&scaron;\u0137\u0101m sast\u0101vda\u013c\u0101m.<\/p>\n<p>Uzglab\u0101t temperat\u016br\u0101 no +5 &deg;C l\u012bdz +25 &deg;C.<br \/>\n&nbsp;<\/p>\n","protected":false},"excerpt":{"rendered":"<p>Du&scaron;as \u017eeleja Bio Naturell efekt\u012bvi un maigi att\u012bra \u0101du. Viegls arom\u0101ts it k\u0101 ap\u0146em \u0137ermeni un sniedz patiesu baud\u012bjumu. Kokosriekstu un piena ekstrakti kopj \u0101du, padarot to maig\u0101ku un samtain\u0101ku.&nbsp; Lieto&scaron;ana: uzkl\u0101t uz mitras \u0101das, saputot, noskalot ar \u016bdeni. Piesardz\u012bbas pas\u0101kumi: iesp\u0113jama paaugstin\u0101ta individu\u0101l\u0101 jut\u012bba pret atsevi&scaron;\u0137\u0101m sast\u0101vda\u013c\u0101m. Uzglab\u0101t temperat\u016br\u0101 no +5 &deg;C l\u012bdz +25 [&#8230;]\n","protected":false},"featured_media":90326,"template":"","meta":[],"product_cat":[1999],"product_tag":[],"class_list":{"0":"post-41806","1":"product","2":"type-product","3":"status-publish","4":"has-post-thumbnail","6":"product_brand-elfa_ua","7":"product_cat-bez-kategorijas","9":"first","10":"instock","11":"taxable","12":"shipping-taxable","13":"product-type-simple"},"_links":{"self":[{"href":"https:\/\/e.kosmolat.eu\/lv\/wp-json\/wp\/v2\/product\/41806","targetHints":{"allow":["GET"]}}],"collection":[{"href":"https:\/\/e.kosmolat.eu\/lv\/wp-json\/wp\/v2\/product"}],"about":[{"href":"https:\/\/e.kosmolat.eu\/lv\/wp-json\/wp\/v2\/types\/product"}],"wp:featuredmedia":[{"embeddable":true,"href":"https:\/\/e.kosmolat.eu\/lv\/wp-json\/wp\/v2\/media\/90326"}],"wp:attachment":[{"href":"https:\/\/e.kosmolat.eu\/lv\/wp-json\/wp\/v2\/media?parent=41806"}],"wp:term":[{"taxonomy":"product_cat","embeddable":true,"href":"https:\/\/e.kosmolat.eu\/lv\/wp-json\/wp\/v2\/product_cat?post=41806"},{"taxonomy":"product_tag","embeddable":true,"href":"https:\/\/e.kosmolat.eu\/lv\/wp-json\/wp\/v2\/product_tag?post=41806"}],"curies":[{"name":"wp","href":"https:\/\/api.w.org\/{rel}","templated":true}]}}