{"id":41725,"date":"2023-12-23T03:26:56","date_gmt":"2023-12-23T03:26:56","guid":{"rendered":"https:\/\/e.kosmolat.eu\/product\/bd-tonalais-krems-magic-cream-tonis-22\/"},"modified":"2025-09-20T00:21:12","modified_gmt":"2025-09-20T00:21:12","slug":"bd-tonalais-krems-magic-cream-tonis-22","status":"publish","type":"product","link":"https:\/\/e.kosmolat.eu\/lv\/product\/bd-tonalais-krems-magic-cream-tonis-22\/","title":{"rendered":"BD Ton\u0101lais kr\u0113ms Magic Cream, tonis 22"},"content":{"rendered":"<p>Saskaroties ar \u0101du, tiek aktiviz\u0113ti iekapsul\u0113tie pigmenti, p\u0101rv\u0113r&scaron;ot kr\u0113mu par ton\u0101lo b\u0101zi. Ilgnotur\u012bgs, bl\u012bvs mat\u0113ts p\u0101rkl\u0101jums un augsta piel\u0101go&scaron;an\u0101s sp\u0113ja.<\/p>\n<p>Uzglab\u0101t temperat\u016br\u0101, no +5 &ordm;C l\u012bdz +25 &ordm;C, prom no apkures ier\u012bc\u0113m, sarg\u0101jot no tie&scaron;iem saules stariem.<br \/>\n&nbsp;<\/p>\n","protected":false},"excerpt":{"rendered":"<p>Saskaroties ar \u0101du, tiek aktiviz\u0113ti iekapsul\u0113tie pigmenti, p\u0101rv\u0113r&scaron;ot kr\u0113mu par ton\u0101lo b\u0101zi. Ilgnotur\u012bgs, bl\u012bvs mat\u0113ts p\u0101rkl\u0101jums un augsta piel\u0101go&scaron;an\u0101s sp\u0113ja. Uzglab\u0101t temperat\u016br\u0101, no +5 &ordm;C l\u012bdz +25 &ordm;C, prom no apkures ier\u012bc\u0113m, sarg\u0101jot no tie&scaron;iem saules stariem. &nbsp;<\/p>\n","protected":false},"featured_media":87902,"template":"","meta":[],"product_cat":[1292],"product_tag":[],"class_list":{"0":"post-41725","1":"product","2":"type-product","3":"status-publish","4":"has-post-thumbnail","6":"product_brand-belordizain_by","7":"product_cat-1292","9":"first","10":"outofstock","11":"taxable","12":"shipping-taxable","13":"product-type-simple"},"_links":{"self":[{"href":"https:\/\/e.kosmolat.eu\/lv\/wp-json\/wp\/v2\/product\/41725","targetHints":{"allow":["GET"]}}],"collection":[{"href":"https:\/\/e.kosmolat.eu\/lv\/wp-json\/wp\/v2\/product"}],"about":[{"href":"https:\/\/e.kosmolat.eu\/lv\/wp-json\/wp\/v2\/types\/product"}],"wp:featuredmedia":[{"embeddable":true,"href":"https:\/\/e.kosmolat.eu\/lv\/wp-json\/wp\/v2\/media\/87902"}],"wp:attachment":[{"href":"https:\/\/e.kosmolat.eu\/lv\/wp-json\/wp\/v2\/media?parent=41725"}],"wp:term":[{"taxonomy":"product_cat","embeddable":true,"href":"https:\/\/e.kosmolat.eu\/lv\/wp-json\/wp\/v2\/product_cat?post=41725"},{"taxonomy":"product_tag","embeddable":true,"href":"https:\/\/e.kosmolat.eu\/lv\/wp-json\/wp\/v2\/product_tag?post=41725"}],"curies":[{"name":"wp","href":"https:\/\/api.w.org\/{rel}","templated":true}]}}