{"id":41713,"date":"2023-12-23T03:25:29","date_gmt":"2023-12-23T03:25:29","guid":{"rendered":"https:\/\/e.kosmolat.eu\/product\/avenelle-pienins-kosmetikas-nonemsanai-90-g\/"},"modified":"2025-09-20T00:20:15","modified_gmt":"2025-09-20T00:20:15","slug":"avenelle-pienins-kosmetikas-nonemsanai-90-g","status":"publish","type":"product","link":"https:\/\/e.kosmolat.eu\/lv\/product\/avenelle-pienins-kosmetikas-nonemsanai-90-g\/","title":{"rendered":"Avenelle Pieni\u0146\u0161 kosm\u0113tikas no\u0146em\u0161anai, 90 g"},"content":{"rendered":"<p>Efekt\u012bvs un maigs kosm\u0113tikas no\u0146em&scaron;anas l\u012bdzeklis. Kosm\u0113tisk\u0101 vazel\u012bna e\u013c\u013ca, neuzs\u016bcoties \u0101d\u0101, lieliski sajaucas ar e\u013c\u013c\u0101m, taukiem, \u0101das virsmas net\u012brumiem un tos efekt\u012bvi no\u0146em. Aizsarg\u0101 \u0101du no mitruma zuduma \u0101das att\u012br\u012b&scaron;anas laik\u0101. Glicer\u012bns mitrina \u0101du, stiprina un atjauno hidrolip\u012bdu sl\u0101ni. Auzu ekstrakts satur aminosk\u0101bes, vitam\u012bnus A, B1, B2, PP, K, E un miner\u0101lvielas. Toniz\u0113, atjauno, izl\u012bdzina \u0101das tekst\u016bru.&nbsp;<\/p>\n<p><strong>Lieto&scaron;ana: <\/strong>vienm\u0113r\u012bgi uzkl\u0101jiet l\u012bdzekli uz \u0101das, uzman\u012bgi not\u012briet kosm\u0113tiku, noskalojiet l\u012bdzekli ar teko&scaron;u \u016bdeni vai not\u012briet ar toniku.<\/p>\n<p>Uzglab\u0101t temperat\u016br\u0101 no +5 &deg;\u0421 l\u012bdz +25 &deg;\u0421.<\/p>\n<p><strong>Der\u012bguma termi\u0146&scaron;:<\/strong> 36 m\u0113ne&scaron;i.<br \/>\n&nbsp;<\/p>\n","protected":false},"excerpt":{"rendered":"<p>Efekt\u012bvs un maigs kosm\u0113tikas no\u0146em&scaron;anas l\u012bdzeklis. Kosm\u0113tisk\u0101 vazel\u012bna e\u013c\u013ca, neuzs\u016bcoties \u0101d\u0101, lieliski sajaucas ar e\u013c\u013c\u0101m, taukiem, \u0101das virsmas net\u012brumiem un tos efekt\u012bvi no\u0146em. Aizsarg\u0101 \u0101du no mitruma zuduma \u0101das att\u012br\u012b&scaron;anas laik\u0101. Glicer\u012bns mitrina \u0101du, stiprina un atjauno hidrolip\u012bdu sl\u0101ni. Auzu ekstrakts satur aminosk\u0101bes, vitam\u012bnus A, B1, B2, PP, K, E un miner\u0101lvielas. Toniz\u0113, atjauno, izl\u012bdzina [&#8230;]\n","protected":false},"featured_media":87886,"template":"","meta":[],"product_cat":[1572],"product_tag":[],"class_list":{"0":"post-41713","1":"product","2":"type-product","3":"status-publish","4":"has-post-thumbnail","6":"product_brand-belkosmex_by","7":"product_cat-pienini-un-ellas","9":"first","10":"outofstock","11":"taxable","12":"shipping-taxable","13":"product-type-simple"},"_links":{"self":[{"href":"https:\/\/e.kosmolat.eu\/lv\/wp-json\/wp\/v2\/product\/41713","targetHints":{"allow":["GET"]}}],"collection":[{"href":"https:\/\/e.kosmolat.eu\/lv\/wp-json\/wp\/v2\/product"}],"about":[{"href":"https:\/\/e.kosmolat.eu\/lv\/wp-json\/wp\/v2\/types\/product"}],"wp:featuredmedia":[{"embeddable":true,"href":"https:\/\/e.kosmolat.eu\/lv\/wp-json\/wp\/v2\/media\/87886"}],"wp:attachment":[{"href":"https:\/\/e.kosmolat.eu\/lv\/wp-json\/wp\/v2\/media?parent=41713"}],"wp:term":[{"taxonomy":"product_cat","embeddable":true,"href":"https:\/\/e.kosmolat.eu\/lv\/wp-json\/wp\/v2\/product_cat?post=41713"},{"taxonomy":"product_tag","embeddable":true,"href":"https:\/\/e.kosmolat.eu\/lv\/wp-json\/wp\/v2\/product_tag?post=41713"}],"curies":[{"name":"wp","href":"https:\/\/api.w.org\/{rel}","templated":true}]}}