{"id":41709,"date":"2023-12-23T03:25:03","date_gmt":"2023-12-23T03:25:03","guid":{"rendered":"https:\/\/e.kosmolat.eu\/product\/avenelle-kremv-koncentats-jaunai-adai-30-g\/"},"modified":"2026-01-08T15:52:01","modified_gmt":"2026-01-08T15:52:01","slug":"avenelle-kremv-koncentats-jaunai-adai-30-g","status":"publish","type":"product","link":"https:\/\/e.kosmolat.eu\/lv\/product\/avenelle-kremv-koncentats-jaunai-adai-30-g\/","title":{"rendered":"Avenelle Kr\u0113mv.koncent\u0101ts jaunai \u0101dai, 30 g"},"content":{"rendered":"<p>Jaunas sejas \u0101das pamatvajadz\u012bbas ir elast\u012bbas un pietiekama mitruma l\u012bme\u0146a uztur\u0113&scaron;ana, svaigas sejas kr\u0101sas saglab\u0101&scaron;ana, c\u012b\u0146a pret pirmaj\u0101m m\u012bmiskaj\u0101m grumb\u0101m, aizsardz\u012bba pret apk\u0101rt\u0113j\u0101s vides ietekmi un &ldquo;digit\u0101l\u0101s noveco&scaron;an\u0101s&rdquo; profilakse.&nbsp;<\/p>\n<ul>\n<li>Auzu ekstrakts normaliz\u0113 \u0101das kr\u0101su, mitrina un saglab\u0101 elast\u012bbu.<\/li>\n<li>V\u012bnogu s\u0113klu e\u013c\u013ca nov\u0113r&scaron; lob\u012b&scaron;anos un kairin\u0101jumu, normaliz\u0113 aizsardz\u012bbu pret br\u012bvajiem radik\u0101\u013ciem.<\/li>\n<li>C vitam\u012bns uzlabo sejas \u0101das st\u0101vokli, pateicoties antioksidantu aizsardz\u012bbai, uzlabo \u0101das tonusu, pie&scaron;\u0137ir \u0101dai vesel\u012bgu kr\u0101su.<\/li>\n<li>E vitam\u012bns uztur jaun\u012bbu, akt\u012bvi mitrinot sejas \u0101du, stimul\u0113 &ldquo;&scaron;\u016bnu elpo&scaron;anu&rdquo;.<\/li>\n<li>Augstas molekulmasas hialuronsk\u0101be uz \u0101das veido poras neaizsprostojo&scaron;u pl\u0113vi optim\u0101lai \u016bdens vielmai\u0146as regul\u0113&scaron;anai, ir ilgsto&scaron;as iedarb\u012bbas mitrumu aizturo&scaron;a sast\u0101vda\u013ca.&nbsp;<\/li>\n<\/ul>\n<p><strong>Lieto&scaron;ana:<\/strong> vienm\u0113r\u012bgi un maigi uzkl\u0101jiet l\u012bdzekli uz labi att\u012br\u012btas sausas sejas un kakla \u0101das gar mas\u0101\u017eas l\u012bnij\u0101m. Var lietot k\u0101 makij\u0101\u017eas b\u0101zi. Ja rodas nev\u0113lama \u0101das reakcija &ndash; p\u0101rtrauciet kosm\u0113tisk\u0101 l\u012bdzek\u013ca lieto&scaron;anu. Optim\u0101lais l\u012bdzek\u013ca daudzums vienai lieto&scaron;anas reizei ir 1-2 dozatora spiedieni.<\/p>\n<p>Uzglab\u0101t temperat\u016br\u0101 no +5 &deg;\u0421 l\u012bdz +25 &deg;\u0421.<\/p>\n<p><strong>Der\u012bguma termi\u0146&scaron;:<\/strong> 36 m\u0113ne&scaron;i.<\/p>\n<p>\n&nbsp;<\/p>\n","protected":false},"excerpt":{"rendered":"<p>Jaunas sejas \u0101das pamatvajadz\u012bbas ir elast\u012bbas un pietiekama mitruma l\u012bme\u0146a uztur\u0113&scaron;ana, svaigas sejas kr\u0101sas saglab\u0101&scaron;ana, c\u012b\u0146a pret pirmaj\u0101m m\u012bmiskaj\u0101m grumb\u0101m, aizsardz\u012bba pret apk\u0101rt\u0113j\u0101s vides ietekmi un &ldquo;digit\u0101l\u0101s noveco&scaron;an\u0101s&rdquo; profilakse.&nbsp; Auzu ekstrakts normaliz\u0113 \u0101das kr\u0101su, mitrina un saglab\u0101 elast\u012bbu. V\u012bnogu s\u0113klu e\u013c\u013ca nov\u0113r&scaron; lob\u012b&scaron;anos un kairin\u0101jumu, normaliz\u0113 aizsardz\u012bbu pret br\u012bvajiem radik\u0101\u013ciem. C vitam\u012bns uzlabo sejas \u0101das [&#8230;]\n","protected":false},"featured_media":87878,"template":"","meta":[],"product_cat":[1999],"product_tag":[],"class_list":{"0":"post-41709","1":"product","2":"type-product","3":"status-publish","4":"has-post-thumbnail","6":"product_brand-belkosmex_by","7":"product_cat-bez-kategorijas","9":"first","10":"outofstock","11":"taxable","12":"shipping-taxable","13":"product-type-simple"},"_links":{"self":[{"href":"https:\/\/e.kosmolat.eu\/lv\/wp-json\/wp\/v2\/product\/41709","targetHints":{"allow":["GET"]}}],"collection":[{"href":"https:\/\/e.kosmolat.eu\/lv\/wp-json\/wp\/v2\/product"}],"about":[{"href":"https:\/\/e.kosmolat.eu\/lv\/wp-json\/wp\/v2\/types\/product"}],"wp:featuredmedia":[{"embeddable":true,"href":"https:\/\/e.kosmolat.eu\/lv\/wp-json\/wp\/v2\/media\/87878"}],"wp:attachment":[{"href":"https:\/\/e.kosmolat.eu\/lv\/wp-json\/wp\/v2\/media?parent=41709"}],"wp:term":[{"taxonomy":"product_cat","embeddable":true,"href":"https:\/\/e.kosmolat.eu\/lv\/wp-json\/wp\/v2\/product_cat?post=41709"},{"taxonomy":"product_tag","embeddable":true,"href":"https:\/\/e.kosmolat.eu\/lv\/wp-json\/wp\/v2\/product_tag?post=41709"}],"curies":[{"name":"wp","href":"https:\/\/api.w.org\/{rel}","templated":true}]}}