{"id":41677,"date":"2023-12-23T03:22:09","date_gmt":"2023-12-23T03:22:09","guid":{"rendered":"https:\/\/e.kosmolat.eu\/product\/lv-izgaismotajs-moonlight-02-tonis\/"},"modified":"2025-09-20T00:17:37","modified_gmt":"2025-09-20T00:17:37","slug":"lv-izgaismotajs-moonlight-02-tonis","status":"publish","type":"product","link":"https:\/\/e.kosmolat.eu\/lv\/product\/lv-izgaismotajs-moonlight-02-tonis\/","title":{"rendered":"LV Izgaismot\u0101js Moonlight, 02 tonis"},"content":{"rendered":"<p><strong>Lieto&scaron;ana: <\/strong>ar otas pal\u012bdz\u012bbu uzkl\u0101jiet izgaismot\u0101ju uz viet\u0101m, kuras v\u0113laties izcelt.<\/p>\n<p>Uzglab\u0101t temperat\u016br\u0101 no 0 &deg;\u0421 l\u012bdz +25 &deg;\u0421 saus\u0101 viet\u0101 prom no apkures ier\u012bc\u0113m, sarg\u0101jot no tie&scaron;iem saules stariem.<br \/>\n&nbsp;<\/p>\n","protected":false},"excerpt":{"rendered":"<p>Lieto&scaron;ana: ar otas pal\u012bdz\u012bbu uzkl\u0101jiet izgaismot\u0101ju uz viet\u0101m, kuras v\u0113laties izcelt. Uzglab\u0101t temperat\u016br\u0101 no 0 &deg;\u0421 l\u012bdz +25 &deg;\u0421 saus\u0101 viet\u0101 prom no apkures ier\u012bc\u0113m, sarg\u0101jot no tie&scaron;iem saules stariem. &nbsp;<\/p>\n","protected":false},"featured_media":87842,"template":"","meta":[],"product_cat":[1488],"product_tag":[],"class_list":{"0":"post-41677","1":"product","2":"type-product","3":"status-publish","4":"has-post-thumbnail","6":"product_brand-lux-visage_by","7":"product_cat-korektori","9":"first","10":"outofstock","11":"taxable","12":"shipping-taxable","13":"product-type-simple"},"_links":{"self":[{"href":"https:\/\/e.kosmolat.eu\/lv\/wp-json\/wp\/v2\/product\/41677","targetHints":{"allow":["GET"]}}],"collection":[{"href":"https:\/\/e.kosmolat.eu\/lv\/wp-json\/wp\/v2\/product"}],"about":[{"href":"https:\/\/e.kosmolat.eu\/lv\/wp-json\/wp\/v2\/types\/product"}],"wp:featuredmedia":[{"embeddable":true,"href":"https:\/\/e.kosmolat.eu\/lv\/wp-json\/wp\/v2\/media\/87842"}],"wp:attachment":[{"href":"https:\/\/e.kosmolat.eu\/lv\/wp-json\/wp\/v2\/media?parent=41677"}],"wp:term":[{"taxonomy":"product_cat","embeddable":true,"href":"https:\/\/e.kosmolat.eu\/lv\/wp-json\/wp\/v2\/product_cat?post=41677"},{"taxonomy":"product_tag","embeddable":true,"href":"https:\/\/e.kosmolat.eu\/lv\/wp-json\/wp\/v2\/product_tag?post=41677"}],"curies":[{"name":"wp","href":"https:\/\/api.w.org\/{rel}","templated":true}]}}