{"id":41629,"date":"2023-12-23T03:18:04","date_gmt":"2023-12-23T03:18:04","guid":{"rendered":"https:\/\/e.kosmolat.eu\/product\/shik-tualetes-ziepes-pirtij-180-g\/"},"modified":"2026-04-21T12:09:18","modified_gmt":"2026-04-21T12:09:18","slug":"shik-tualetes-ziepes-pirtij-180-g","status":"publish","type":"product","link":"https:\/\/e.kosmolat.eu\/lv\/product\/shik-tualetes-ziepes-pirtij-180-g\/","title":{"rendered":"SHIK Tualetes ziepes pirtij, 180 g"},"content":{"rendered":"<p>Dab\u012bg\u0101s tualetes ziepes pirtij lieliski att\u012bra \u0101du no net\u012brumiem. Veido bag\u0101t\u012bgas un m\u012bkstas putas, kas nodro&scaron;ina maigu un r\u016bp\u012bgu att\u012br\u012b&scaron;anu, viegli noskalojas, neatst\u0101jot slidenas pl\u0113ves saj\u016btu uz \u0101das virsmas. Ziep\u0113m piem\u012bt viegls pat\u012bkams arom\u0101ts. T\u0101s lieliski der ikdienas lieto&scaron;anai &ndash; roku un \u0137erme\u0146a mazg\u0101&scaron;anai. Ieteicams lietot saun\u0101s un hammam turku pirt\u012bs.&nbsp;<\/p>\n<p>93% dab\u012bgas izcelsmes sast\u0101vda\u013cu.<\/p>\n<p><strong>Piesardz\u012bbas pas\u0101kumi:<\/strong> ja iek\u013c\u016bst ac\u012bs, nekav\u0113joties izskalot ar teko&scaron;u \u016bdeni.<\/p>\n<p>Uzglab\u0101t saus\u0101s, labi v\u0113din\u0101m\u0101s telp\u0101s.&nbsp;<\/p>\n<p><strong>Der\u012bguma termi\u0146&scaron;:<\/strong> 5 gadi no izgatavo&scaron;anas datuma.&nbsp;<br \/>\n&nbsp;<\/p>\n","protected":false},"excerpt":{"rendered":"<p>Dab\u012bg\u0101s tualetes ziepes pirtij lieliski att\u012bra \u0101du no net\u012brumiem. Veido bag\u0101t\u012bgas un m\u012bkstas putas, kas nodro&scaron;ina maigu un r\u016bp\u012bgu att\u012br\u012b&scaron;anu, viegli noskalojas, neatst\u0101jot slidenas pl\u0113ves saj\u016btu uz \u0101das virsmas. Ziep\u0113m piem\u012bt viegls pat\u012bkams arom\u0101ts. T\u0101s lieliski der ikdienas lieto&scaron;anai &ndash; roku un \u0137erme\u0146a mazg\u0101&scaron;anai. Ieteicams lietot saun\u0101s un hammam turku pirt\u012bs.&nbsp; 93% dab\u012bgas izcelsmes sast\u0101vda\u013cu. [&#8230;]\n","protected":false},"featured_media":87790,"template":"","meta":[],"product_cat":[1999],"product_tag":[],"class_list":{"0":"post-41629","1":"product","2":"type-product","3":"status-publish","4":"has-post-thumbnail","6":"product_brand-slobozanskij-milovar_ua","7":"product_cat-bez-kategorijas","9":"first","10":"instock","11":"taxable","12":"shipping-taxable","13":"product-type-simple"},"_links":{"self":[{"href":"https:\/\/e.kosmolat.eu\/lv\/wp-json\/wp\/v2\/product\/41629","targetHints":{"allow":["GET"]}}],"collection":[{"href":"https:\/\/e.kosmolat.eu\/lv\/wp-json\/wp\/v2\/product"}],"about":[{"href":"https:\/\/e.kosmolat.eu\/lv\/wp-json\/wp\/v2\/types\/product"}],"wp:featuredmedia":[{"embeddable":true,"href":"https:\/\/e.kosmolat.eu\/lv\/wp-json\/wp\/v2\/media\/87790"}],"wp:attachment":[{"href":"https:\/\/e.kosmolat.eu\/lv\/wp-json\/wp\/v2\/media?parent=41629"}],"wp:term":[{"taxonomy":"product_cat","embeddable":true,"href":"https:\/\/e.kosmolat.eu\/lv\/wp-json\/wp\/v2\/product_cat?post=41629"},{"taxonomy":"product_tag","embeddable":true,"href":"https:\/\/e.kosmolat.eu\/lv\/wp-json\/wp\/v2\/product_tag?post=41629"}],"curies":[{"name":"wp","href":"https:\/\/api.w.org\/{rel}","templated":true}]}}