{"id":41625,"date":"2023-12-23T03:17:44","date_gmt":"2023-12-23T03:17:44","guid":{"rendered":"https:\/\/e.kosmolat.eu\/product\/cosmeplant-roku-krems-viegla-barosana-ar-baltas-akacijas-zied-ekstr-vis-adas-tip-75-ml\/"},"modified":"2026-04-11T18:23:53","modified_gmt":"2026-04-11T18:23:53","slug":"cosmeplant-roku-krems-viegla-barosana-ar-baltas-akacijas-zied-ekstr-vis-adas-tip-75-ml","status":"publish","type":"product","link":"https:\/\/e.kosmolat.eu\/lv\/product\/cosmeplant-roku-krems-viegla-barosana-ar-baltas-akacijas-zied-ekstr-vis-adas-tip-75-ml\/","title":{"rendered":"Cosmeplant Roku kr\u0113ms Viegla baro\u0161ana ar balt\u0101s ak\u0101cijas zied.ekstr.vis.\u0101das tip., 75 ml"},"content":{"rendered":"<p>Acumirkl\u012b uzs\u016bcas, nov\u0113r&scaron; sausumu, nodro&scaron;ina komforta saj\u016btu.&nbsp;<\/p>\n<p><strong>Lieto&scaron;ana: <\/strong>uzkl\u0101jiet kr\u0113mu uz t\u012bras sausas roku \u0101das, iemas\u0113jiet l\u012bdz tas piln\u012bb\u0101 uzs\u016bcas.&nbsp;<\/p>\n<p>Uzglab\u0101t t&deg; no +5&deg;\u0421 l\u012bdz +25&deg;\u0421, sarg\u0101jot no tie&scaron;iem saules stariem.<\/p>\n<p><strong>Der\u012bguma termi\u0146&scaron;:<\/strong> 30 m\u0113ne&scaron;i.<br \/>\n&nbsp;<\/p>\n","protected":false},"excerpt":{"rendered":"<p>Acumirkl\u012b uzs\u016bcas, nov\u0113r&scaron; sausumu, nodro&scaron;ina komforta saj\u016btu.&nbsp; Lieto&scaron;ana: uzkl\u0101jiet kr\u0113mu uz t\u012bras sausas roku \u0101das, iemas\u0113jiet l\u012bdz tas piln\u012bb\u0101 uzs\u016bcas.&nbsp; Uzglab\u0101t t&deg; no +5&deg;\u0421 l\u012bdz +25&deg;\u0421, sarg\u0101jot no tie&scaron;iem saules stariem. Der\u012bguma termi\u0146&scaron;: 30 m\u0113ne&scaron;i. &nbsp;<\/p>\n","protected":false},"featured_media":87786,"template":"","meta":[],"product_cat":[1304],"product_tag":[],"class_list":{"0":"post-41625","1":"product","2":"type-product","3":"status-publish","4":"has-post-thumbnail","6":"product_brand-viorica-cosmeplant_bg","7":"product_cat-ranku-prieziuros-kosmetika","9":"first","10":"instock","11":"taxable","12":"shipping-taxable","13":"product-type-simple"},"_links":{"self":[{"href":"https:\/\/e.kosmolat.eu\/lv\/wp-json\/wp\/v2\/product\/41625","targetHints":{"allow":["GET"]}}],"collection":[{"href":"https:\/\/e.kosmolat.eu\/lv\/wp-json\/wp\/v2\/product"}],"about":[{"href":"https:\/\/e.kosmolat.eu\/lv\/wp-json\/wp\/v2\/types\/product"}],"wp:featuredmedia":[{"embeddable":true,"href":"https:\/\/e.kosmolat.eu\/lv\/wp-json\/wp\/v2\/media\/87786"}],"wp:attachment":[{"href":"https:\/\/e.kosmolat.eu\/lv\/wp-json\/wp\/v2\/media?parent=41625"}],"wp:term":[{"taxonomy":"product_cat","embeddable":true,"href":"https:\/\/e.kosmolat.eu\/lv\/wp-json\/wp\/v2\/product_cat?post=41625"},{"taxonomy":"product_tag","embeddable":true,"href":"https:\/\/e.kosmolat.eu\/lv\/wp-json\/wp\/v2\/product_tag?post=41625"}],"curies":[{"name":"wp","href":"https:\/\/api.w.org\/{rel}","templated":true}]}}