{"id":41621,"date":"2023-12-23T03:17:19","date_gmt":"2023-12-23T03:17:19","guid":{"rendered":"https:\/\/e.kosmolat.eu\/product\/cosmeplant-pretblaugznu-losjons-ar-salvijas-ekstr-propolisu-un-klimbazolu-200-ml\/"},"modified":"2025-09-20T00:13:14","modified_gmt":"2025-09-20T00:13:14","slug":"cosmeplant-pretblaugznu-losjons-ar-salvijas-ekstr-propolisu-un-klimbazolu-200-ml","status":"publish","type":"product","link":"https:\/\/e.kosmolat.eu\/lv\/product\/cosmeplant-pretblaugznu-losjons-ar-salvijas-ekstr-propolisu-un-klimbazolu-200-ml\/","title":{"rendered":"Cosmeplant Pretblaugznu losjons ar salvijas ekstr., propolisu un klimbazolu, 200 ml"},"content":{"rendered":"<p>Intens\u012bvi iedarbojas uz galvas \u0101du, normaliz\u0113 sebuma izstr\u0101di, nov\u0113r&scaron; blaugznas, notur mitrumu, t\u0101d\u0113j\u0101di mazinot lob\u012b&scaron;anos. Rezult\u0101ts ir vesel\u012bgi un kopti mati bez blaugzn\u0101m.&nbsp;<\/p>\n<p><strong>Lieto&scaron;ana:<\/strong> izsmidziniet l\u012bdzekli uz saus\u0101m vai mitr\u0101m sakn\u0113m, maigi pamas\u0113jiet galvas \u0101du. Nav nepiecie&scaron;ams skalot.&nbsp;<\/p>\n<p>Uzglab\u0101t t&deg; no +5&deg;\u0421 l\u012bdz +25&deg;\u0421, sarg\u0101jot no tie&scaron;iem saules stariem.&nbsp;<\/p>\n<p><strong>Der\u012bguma termi\u0146&scaron;:<\/strong> 36 m\u0113ne&scaron;i.<br \/>\n&nbsp;<\/p>\n","protected":false},"excerpt":{"rendered":"<p>Intens\u012bvi iedarbojas uz galvas \u0101du, normaliz\u0113 sebuma izstr\u0101di, nov\u0113r&scaron; blaugznas, notur mitrumu, t\u0101d\u0113j\u0101di mazinot lob\u012b&scaron;anos. Rezult\u0101ts ir vesel\u012bgi un kopti mati bez blaugzn\u0101m.&nbsp; Lieto&scaron;ana: izsmidziniet l\u012bdzekli uz saus\u0101m vai mitr\u0101m sakn\u0113m, maigi pamas\u0113jiet galvas \u0101du. Nav nepiecie&scaron;ams skalot.&nbsp; Uzglab\u0101t t&deg; no +5&deg;\u0421 l\u012bdz +25&deg;\u0421, sarg\u0101jot no tie&scaron;iem saules stariem.&nbsp; Der\u012bguma termi\u0146&scaron;: 36 m\u0113ne&scaron;i. &nbsp;<\/p>\n","protected":false},"featured_media":87782,"template":"","meta":[],"product_cat":[1346],"product_tag":[],"class_list":{"0":"post-41621","1":"product","2":"type-product","3":"status-publish","4":"has-post-thumbnail","6":"product_brand-viorica-cosmeplant_bg","7":"product_cat-1346","9":"first","10":"outofstock","11":"taxable","12":"shipping-taxable","13":"product-type-simple"},"_links":{"self":[{"href":"https:\/\/e.kosmolat.eu\/lv\/wp-json\/wp\/v2\/product\/41621","targetHints":{"allow":["GET"]}}],"collection":[{"href":"https:\/\/e.kosmolat.eu\/lv\/wp-json\/wp\/v2\/product"}],"about":[{"href":"https:\/\/e.kosmolat.eu\/lv\/wp-json\/wp\/v2\/types\/product"}],"wp:featuredmedia":[{"embeddable":true,"href":"https:\/\/e.kosmolat.eu\/lv\/wp-json\/wp\/v2\/media\/87782"}],"wp:attachment":[{"href":"https:\/\/e.kosmolat.eu\/lv\/wp-json\/wp\/v2\/media?parent=41621"}],"wp:term":[{"taxonomy":"product_cat","embeddable":true,"href":"https:\/\/e.kosmolat.eu\/lv\/wp-json\/wp\/v2\/product_cat?post=41621"},{"taxonomy":"product_tag","embeddable":true,"href":"https:\/\/e.kosmolat.eu\/lv\/wp-json\/wp\/v2\/product_tag?post=41621"}],"curies":[{"name":"wp","href":"https:\/\/api.w.org\/{rel}","templated":true}]}}