{"id":41617,"date":"2023-12-23T03:16:58","date_gmt":"2023-12-23T03:16:58","guid":{"rendered":"https:\/\/e.kosmolat.eu\/product\/cosmeplant-fiksejoss-matu-losjons-ar-ehinacijas-un-rozmarina-ekstr-200-ml\/"},"modified":"2026-04-11T18:23:39","modified_gmt":"2026-04-11T18:23:39","slug":"cosmeplant-fiksejoss-matu-losjons-ar-ehinacijas-un-rozmarina-ekstr-200-ml","status":"publish","type":"product","link":"https:\/\/e.kosmolat.eu\/lv\/product\/cosmeplant-fiksejoss-matu-losjons-ar-ehinacijas-un-rozmarina-ekstr-200-ml\/","title":{"rendered":"Cosmeplant Fiks\u0113jo\u0161s matu losjons ar ehin\u0101cijas un rozmar\u012bna ekstr., 200 ml"},"content":{"rendered":"<p>Saglab\u0101 ieveidoto formu, nesalipinot &scaron;\u0137ipsnas. Pie&scaron;\u0137ir apjomu un padara lokas elast\u012bgas un atsper\u012bgas. Mati ieg\u016bst koptu izskatu un nep\u016bkojas.&nbsp;<\/p>\n<p><strong>Lieto&scaron;ana: <\/strong>izsmidziniet uz mitriem vai sausiem matiem, iz\u017e\u0101v\u0113jiet matus dabiski vai ar f\u0113nu, pie&scaron;\u0137irot tiem v\u0113lamo formu.&nbsp;<\/p>\n<p>Uzglab\u0101t t&deg; no +5&deg;\u0421 l\u012bdz +25&deg;\u0421, sarg\u0101jot no tie&scaron;iem saules stariem.&nbsp;<\/p>\n<p><strong>Der\u012bguma termi\u0146&scaron;: <\/strong>36 m\u0113ne&scaron;i.&nbsp;<br \/>\n&nbsp;<\/p>\n","protected":false},"excerpt":{"rendered":"<p>Saglab\u0101 ieveidoto formu, nesalipinot &scaron;\u0137ipsnas. Pie&scaron;\u0137ir apjomu un padara lokas elast\u012bgas un atsper\u012bgas. Mati ieg\u016bst koptu izskatu un nep\u016bkojas.&nbsp; Lieto&scaron;ana: izsmidziniet uz mitriem vai sausiem matiem, iz\u017e\u0101v\u0113jiet matus dabiski vai ar f\u0113nu, pie&scaron;\u0137irot tiem v\u0113lamo formu.&nbsp; Uzglab\u0101t t&deg; no +5&deg;\u0421 l\u012bdz +25&deg;\u0421, sarg\u0101jot no tie&scaron;iem saules stariem.&nbsp; Der\u012bguma termi\u0146&scaron;: 36 m\u0113ne&scaron;i.&nbsp; &nbsp;<\/p>\n","protected":false},"featured_media":87778,"template":"","meta":[],"product_cat":[1653],"product_tag":[],"class_list":{"0":"post-41617","1":"product","2":"type-product","3":"status-publish","4":"has-post-thumbnail","6":"product_brand-viorica-cosmeplant_bg","7":"product_cat-geliai-kremai-aliejai-ir-kt","9":"first","10":"outofstock","11":"taxable","12":"shipping-taxable","13":"product-type-simple"},"_links":{"self":[{"href":"https:\/\/e.kosmolat.eu\/lv\/wp-json\/wp\/v2\/product\/41617","targetHints":{"allow":["GET"]}}],"collection":[{"href":"https:\/\/e.kosmolat.eu\/lv\/wp-json\/wp\/v2\/product"}],"about":[{"href":"https:\/\/e.kosmolat.eu\/lv\/wp-json\/wp\/v2\/types\/product"}],"wp:featuredmedia":[{"embeddable":true,"href":"https:\/\/e.kosmolat.eu\/lv\/wp-json\/wp\/v2\/media\/87778"}],"wp:attachment":[{"href":"https:\/\/e.kosmolat.eu\/lv\/wp-json\/wp\/v2\/media?parent=41617"}],"wp:term":[{"taxonomy":"product_cat","embeddable":true,"href":"https:\/\/e.kosmolat.eu\/lv\/wp-json\/wp\/v2\/product_cat?post=41617"},{"taxonomy":"product_tag","embeddable":true,"href":"https:\/\/e.kosmolat.eu\/lv\/wp-json\/wp\/v2\/product_tag?post=41617"}],"curies":[{"name":"wp","href":"https:\/\/api.w.org\/{rel}","templated":true}]}}