{"id":41613,"date":"2023-12-23T03:16:33","date_gmt":"2023-12-23T03:16:33","guid":{"rendered":"https:\/\/e.kosmolat.eu\/product\/cosmeplant-losjons-viegla-kemmesana-ar-vinogu-lapu-ekstr-200-ml\/"},"modified":"2026-04-17T13:09:49","modified_gmt":"2026-04-17T13:09:49","slug":"cosmeplant-losjons-viegla-kemmesana-ar-vinogu-lapu-ekstr-200-ml","status":"publish","type":"product","link":"https:\/\/e.kosmolat.eu\/lv\/product\/cosmeplant-losjons-viegla-kemmesana-ar-vinogu-lapu-ekstr-200-ml\/","title":{"rendered":"Cosmeplant Losjons Viegla \u0137emm\u0113sana ar v\u012bnogu lapu ekstr., 200 ml"},"content":{"rendered":"<p>Nepaklaus\u012bgu, sausu matu kop&scaron;anai ar noslieci uz sap\u012b&scaron;anos. Atvieglo gan sausu, gan mitru loku \u0137emm\u0113&scaron;anu un nov\u0113r&scaron; sap\u012b&scaron;anos. Pie&scaron;\u0137ir papildu sp\u012bdumu, elast\u012bbu un maigumu, pasarg\u0101 no \u0101r\u0113jiem faktoriem. Nepadara matus smag\u0101kus.&nbsp;<\/p>\n<p><strong>Lieto&scaron;ana:<\/strong> Izsmidziniet l\u012bdzekli uz mitriem vai sausiem matiem, izvairoties no sakn\u0113m.&nbsp;<\/p>\n<p>Uzglab\u0101t t&deg; no +5&deg;\u0421 l\u012bdz +25&deg;\u0421, sarg\u0101jot no tie&scaron;iem saules stariem.&nbsp;<\/p>\n<p><strong>Der\u012bguma termi\u0146&scaron;:<\/strong> 36 m\u0113ne&scaron;i<br \/>\n&nbsp;<\/p>\n","protected":false},"excerpt":{"rendered":"<p>Nepaklaus\u012bgu, sausu matu kop&scaron;anai ar noslieci uz sap\u012b&scaron;anos. Atvieglo gan sausu, gan mitru loku \u0137emm\u0113&scaron;anu un nov\u0113r&scaron; sap\u012b&scaron;anos. Pie&scaron;\u0137ir papildu sp\u012bdumu, elast\u012bbu un maigumu, pasarg\u0101 no \u0101r\u0113jiem faktoriem. Nepadara matus smag\u0101kus.&nbsp; Lieto&scaron;ana: Izsmidziniet l\u012bdzekli uz mitriem vai sausiem matiem, izvairoties no sakn\u0113m.&nbsp; Uzglab\u0101t t&deg; no +5&deg;\u0421 l\u012bdz +25&deg;\u0421, sarg\u0101jot no tie&scaron;iem saules stariem.&nbsp; Der\u012bguma termi\u0146&scaron;: [&#8230;]\n","protected":false},"featured_media":87774,"template":"","meta":[],"product_cat":[1346],"product_tag":[],"class_list":{"0":"post-41613","1":"product","2":"type-product","3":"status-publish","4":"has-post-thumbnail","6":"product_brand-viorica-cosmeplant_bg","7":"product_cat-1346","9":"first","10":"outofstock","11":"taxable","12":"shipping-taxable","13":"product-type-simple"},"_links":{"self":[{"href":"https:\/\/e.kosmolat.eu\/lv\/wp-json\/wp\/v2\/product\/41613","targetHints":{"allow":["GET"]}}],"collection":[{"href":"https:\/\/e.kosmolat.eu\/lv\/wp-json\/wp\/v2\/product"}],"about":[{"href":"https:\/\/e.kosmolat.eu\/lv\/wp-json\/wp\/v2\/types\/product"}],"wp:featuredmedia":[{"embeddable":true,"href":"https:\/\/e.kosmolat.eu\/lv\/wp-json\/wp\/v2\/media\/87774"}],"wp:attachment":[{"href":"https:\/\/e.kosmolat.eu\/lv\/wp-json\/wp\/v2\/media?parent=41613"}],"wp:term":[{"taxonomy":"product_cat","embeddable":true,"href":"https:\/\/e.kosmolat.eu\/lv\/wp-json\/wp\/v2\/product_cat?post=41613"},{"taxonomy":"product_tag","embeddable":true,"href":"https:\/\/e.kosmolat.eu\/lv\/wp-json\/wp\/v2\/product_tag?post=41613"}],"curies":[{"name":"wp","href":"https:\/\/api.w.org\/{rel}","templated":true}]}}