{"id":41601,"date":"2023-12-23T03:15:33","date_gmt":"2023-12-23T03:15:33","guid":{"rendered":"https:\/\/e.kosmolat.eu\/product\/cosmeplant-victorita-bernu-ella-ar-a-vitaminu-200-ml\/"},"modified":"2026-04-10T05:30:35","modified_gmt":"2026-04-10T05:30:35","slug":"cosmeplant-victorita-bernu-ella-ar-a-vitaminu-200-ml","status":"publish","type":"product","link":"https:\/\/e.kosmolat.eu\/lv\/product\/cosmeplant-victorita-bernu-ella-ar-a-vitaminu-200-ml\/","title":{"rendered":"Cosmeplant Victorita B\u0113rnu e\u013c\u013ca ar A vitam\u012bnu, 200 ml"},"content":{"rendered":"<p>L\u012bdzeklis maig\u0101s b\u0113rna \u0101das saudz\u012bgai kop\u0161anai. Var lietot gan mas\u0101\u017eai, gan kr\u0113ma viet\u0101. Viegli uzs\u016bcas, d\u0101v\u0101jot maiguma un komforta saj\u016btu. <\/p>\n<p>Satur A vitam\u012bnu. L\u016bgums pirms lieto\u0161anas p\u0101rdom\u0101t savu dienas devu.<\/p>\n<p>Lieto\u0161ana: uzkl\u0101t uz t\u012bras sausas \u0101das, iemas\u0113t. <\/p>\n<p>Uzglab\u0101t t\u00b0 no +5 \u00b0\u0421 l\u012bdz +25 \u00b0\u0421, sarg\u0101jot no tie\u0161iem saules stariem. <\/p>\n<p>Der\u012bguma termi\u0146\u0161: 24 m\u0113ne\u0161i.<\/p>\n","protected":false},"excerpt":{"rendered":"<p>L\u012bdzeklis maig\u0101s b\u0113rna \u0101das saudz\u012bgai kop\u0161anai. Var lietot gan mas\u0101\u017eai, gan kr\u0113ma viet\u0101. Viegli uzs\u016bcas, d\u0101v\u0101jot maiguma un komforta saj\u016btu. Satur A vitam\u012bnu. L\u016bgums pirms lieto\u0161anas p\u0101rdom\u0101t savu dienas devu. Lieto\u0161ana: uzkl\u0101t uz t\u012bras sausas \u0101das, iemas\u0113t. Uzglab\u0101t t\u00b0 no +5 \u00b0\u0421 l\u012bdz +25 \u00b0\u0421, sarg\u0101jot no tie\u0161iem saules stariem. Der\u012bguma termi\u0146\u0161: 24 m\u0113ne\u0161i.<\/p>\n","protected":false},"featured_media":87762,"template":"","meta":[],"product_cat":[1361],"product_tag":[],"class_list":{"0":"post-41601","1":"product","2":"type-product","3":"status-publish","4":"has-post-thumbnail","6":"product_brand-viorica-cosmeplant_bg","7":"product_cat-adas-kopsanas-kosmetika","9":"first","10":"instock","11":"taxable","12":"shipping-taxable","13":"product-type-simple"},"_links":{"self":[{"href":"https:\/\/e.kosmolat.eu\/lv\/wp-json\/wp\/v2\/product\/41601","targetHints":{"allow":["GET"]}}],"collection":[{"href":"https:\/\/e.kosmolat.eu\/lv\/wp-json\/wp\/v2\/product"}],"about":[{"href":"https:\/\/e.kosmolat.eu\/lv\/wp-json\/wp\/v2\/types\/product"}],"wp:featuredmedia":[{"embeddable":true,"href":"https:\/\/e.kosmolat.eu\/lv\/wp-json\/wp\/v2\/media\/87762"}],"wp:attachment":[{"href":"https:\/\/e.kosmolat.eu\/lv\/wp-json\/wp\/v2\/media?parent=41601"}],"wp:term":[{"taxonomy":"product_cat","embeddable":true,"href":"https:\/\/e.kosmolat.eu\/lv\/wp-json\/wp\/v2\/product_cat?post=41601"},{"taxonomy":"product_tag","embeddable":true,"href":"https:\/\/e.kosmolat.eu\/lv\/wp-json\/wp\/v2\/product_tag?post=41601"}],"curies":[{"name":"wp","href":"https:\/\/api.w.org\/{rel}","templated":true}]}}