{"id":41593,"date":"2023-12-23T03:14:52","date_gmt":"2023-12-23T03:14:52","guid":{"rendered":"https:\/\/e.kosmolat.eu\/product\/cosmeplant-victoras-bernu-samp-ar-kumelites-piparmetras-un-gurka-ekstr-500-ml\/"},"modified":"2026-04-13T10:21:51","modified_gmt":"2026-04-13T10:21:51","slug":"cosmeplant-victoras-bernu-samp-ar-kumelites-piparmetras-un-gurka-ekstr-500-ml","status":"publish","type":"product","link":"https:\/\/e.kosmolat.eu\/lv\/product\/cosmeplant-victoras-bernu-samp-ar-kumelites-piparmetras-un-gurka-ekstr-500-ml\/","title":{"rendered":"Cosmeplant Victoras B\u0113rnu \u0161amp.ar kumel\u012btes, piparm\u0113tras un gur\u0137a ekstr., 500 ml"},"content":{"rendered":"<p>Maig\u0101 &scaron;amp\u016bna formula saudz\u012bgi att\u012bra b\u0113rna jut\u012bgo \u0101du un matus. Augu ekstraktu komplekss m\u012bkstina un mitrina \u0101du, stiprina matus un nemaz negrau\u017e acti\u0146as.&nbsp;<\/p>\n<p><strong>Lieto&scaron;ana: <\/strong>uzkl\u0101t uz mitriem matiem, saputot, noskalot ar \u016bdeni.&nbsp;<\/p>\n<p>Uzglab\u0101t t&deg; no +5 &deg;\u0421 l\u012bdz +25 &deg;\u0421, sarg\u0101jot no tie&scaron;iem saules stariem.&nbsp;<\/p>\n<p><strong>Der\u012bguma termi\u0146&scaron;:<\/strong> 36 m\u0113ne&scaron;i.<br \/>\n&nbsp;<\/p>\n","protected":false},"excerpt":{"rendered":"<p>Maig\u0101 &scaron;amp\u016bna formula saudz\u012bgi att\u012bra b\u0113rna jut\u012bgo \u0101du un matus. Augu ekstraktu komplekss m\u012bkstina un mitrina \u0101du, stiprina matus un nemaz negrau\u017e acti\u0146as.&nbsp; Lieto&scaron;ana: uzkl\u0101t uz mitriem matiem, saputot, noskalot ar \u016bdeni.&nbsp; Uzglab\u0101t t&deg; no +5 &deg;\u0421 l\u012bdz +25 &deg;\u0421, sarg\u0101jot no tie&scaron;iem saules stariem.&nbsp; Der\u012bguma termi\u0146&scaron;: 36 m\u0113ne&scaron;i. &nbsp;<\/p>\n","protected":false},"featured_media":87754,"template":"","meta":[],"product_cat":[2182],"product_tag":[],"class_list":{"0":"post-41593","1":"product","2":"type-product","3":"status-publish","4":"has-post-thumbnail","6":"product_brand-sale","7":"product_cat-bez-kategorijas-ru","9":"first","10":"instock","11":"taxable","12":"shipping-taxable","13":"product-type-simple"},"_links":{"self":[{"href":"https:\/\/e.kosmolat.eu\/lv\/wp-json\/wp\/v2\/product\/41593","targetHints":{"allow":["GET"]}}],"collection":[{"href":"https:\/\/e.kosmolat.eu\/lv\/wp-json\/wp\/v2\/product"}],"about":[{"href":"https:\/\/e.kosmolat.eu\/lv\/wp-json\/wp\/v2\/types\/product"}],"wp:featuredmedia":[{"embeddable":true,"href":"https:\/\/e.kosmolat.eu\/lv\/wp-json\/wp\/v2\/media\/87754"}],"wp:attachment":[{"href":"https:\/\/e.kosmolat.eu\/lv\/wp-json\/wp\/v2\/media?parent=41593"}],"wp:term":[{"taxonomy":"product_cat","embeddable":true,"href":"https:\/\/e.kosmolat.eu\/lv\/wp-json\/wp\/v2\/product_cat?post=41593"},{"taxonomy":"product_tag","embeddable":true,"href":"https:\/\/e.kosmolat.eu\/lv\/wp-json\/wp\/v2\/product_tag?post=41593"}],"curies":[{"name":"wp","href":"https:\/\/api.w.org\/{rel}","templated":true}]}}