{"id":41585,"date":"2023-12-23T03:14:10","date_gmt":"2023-12-23T03:14:10","guid":{"rendered":"https:\/\/e.kosmolat.eu\/product\/cosmeplant-victoras-skidras-bernu-ziepes-ar-kumelites-ekstr-300-ml\/"},"modified":"2026-04-21T09:15:46","modified_gmt":"2026-04-21T09:15:46","slug":"cosmeplant-victoras-skidras-bernu-ziepes-ar-kumelites-ekstr-300-ml","status":"publish","type":"product","link":"https:\/\/e.kosmolat.eu\/lv\/product\/cosmeplant-victoras-skidras-bernu-ziepes-ar-kumelites-ekstr-300-ml\/","title":{"rendered":"Cosmeplant Victoras \u0160\u0137idr\u0101s b\u0113rnu ziepes ar kumel\u012btes ekstr., 300 ml"},"content":{"rendered":"<p>Saudz\u012bgi att\u012bra, nomierina un m\u012bkstina b\u0113rna \u0101du. Maig\u0101 formula nesusina \u0101du, uzturot hidrolip\u012bdu l\u012bdzsvaru. Ide\u0101li piem\u0113rotas roku, sejas un \u0137erme\u0146a higi\u0113nai.&nbsp;<\/p>\n<p><strong>Lieto&scaron;ana: <\/strong>uzkl\u0101t uz mitras \u0101das, saputot, noskalot ar \u016bdeni.&nbsp;<\/p>\n<p>Uzglab\u0101t t&deg; no +5 &deg;\u0421 l\u012bdz +25 &deg;\u0421, sarg\u0101jot no tie&scaron;iem saules stariem.&nbsp;<\/p>\n<p><strong>Der\u012bguma termi\u0146&scaron;:<\/strong> 36 m\u0113ne&scaron;i.<br \/>\n&nbsp;<\/p>\n","protected":false},"excerpt":{"rendered":"<p>Saudz\u012bgi att\u012bra, nomierina un m\u012bkstina b\u0113rna \u0101du. Maig\u0101 formula nesusina \u0101du, uzturot hidrolip\u012bdu l\u012bdzsvaru. Ide\u0101li piem\u0113rotas roku, sejas un \u0137erme\u0146a higi\u0113nai.&nbsp; Lieto&scaron;ana: uzkl\u0101t uz mitras \u0101das, saputot, noskalot ar \u016bdeni.&nbsp; Uzglab\u0101t t&deg; no +5 &deg;\u0421 l\u012bdz +25 &deg;\u0421, sarg\u0101jot no tie&scaron;iem saules stariem.&nbsp; Der\u012bguma termi\u0146&scaron;: 36 m\u0113ne&scaron;i. &nbsp;<\/p>\n","protected":false},"featured_media":87746,"template":"","meta":[],"product_cat":[2182],"product_tag":[],"class_list":{"0":"post-41585","1":"product","2":"type-product","3":"status-publish","4":"has-post-thumbnail","6":"product_brand-viorica-cosmeplant_bg","7":"product_cat-bez-kategorijas-ru","9":"first","10":"instock","11":"taxable","12":"shipping-taxable","13":"product-type-simple"},"_links":{"self":[{"href":"https:\/\/e.kosmolat.eu\/lv\/wp-json\/wp\/v2\/product\/41585","targetHints":{"allow":["GET"]}}],"collection":[{"href":"https:\/\/e.kosmolat.eu\/lv\/wp-json\/wp\/v2\/product"}],"about":[{"href":"https:\/\/e.kosmolat.eu\/lv\/wp-json\/wp\/v2\/types\/product"}],"wp:featuredmedia":[{"embeddable":true,"href":"https:\/\/e.kosmolat.eu\/lv\/wp-json\/wp\/v2\/media\/87746"}],"wp:attachment":[{"href":"https:\/\/e.kosmolat.eu\/lv\/wp-json\/wp\/v2\/media?parent=41585"}],"wp:term":[{"taxonomy":"product_cat","embeddable":true,"href":"https:\/\/e.kosmolat.eu\/lv\/wp-json\/wp\/v2\/product_cat?post=41585"},{"taxonomy":"product_tag","embeddable":true,"href":"https:\/\/e.kosmolat.eu\/lv\/wp-json\/wp\/v2\/product_tag?post=41585"}],"curies":[{"name":"wp","href":"https:\/\/api.w.org\/{rel}","templated":true}]}}