{"id":41581,"date":"2023-12-23T03:13:49","date_gmt":"2023-12-23T03:13:49","guid":{"rendered":"https:\/\/e.kosmolat.eu\/product\/cosmeplant-victoras-bernu-ella-ar-e-vitaminu-200-ml\/"},"modified":"2026-04-11T18:21:59","modified_gmt":"2026-04-11T18:21:59","slug":"cosmeplant-victoras-bernu-ella-ar-e-vitaminu-200-ml","status":"publish","type":"product","link":"https:\/\/e.kosmolat.eu\/lv\/product\/cosmeplant-victoras-bernu-ella-ar-e-vitaminu-200-ml\/","title":{"rendered":"Cosmeplant Victoras B\u0113rnu e\u013cla ar E vitam\u012bnu, 200 ml"},"content":{"rendered":"<p>L\u012bdzeklis maig\u0101s b\u0113rna \u0101das saudz\u012bgai kop&scaron;anai. Var lietot gan mas\u0101\u017eai, gan kr\u0113ma viet\u0101. Viegli uzs\u016bcas, d\u0101v\u0101jot maiguma un komforta saj\u016btu.<\/p>\n<p><strong>Lieto&scaron;ana:<\/strong> uzkl\u0101t uz t\u012bras sausas \u0101das, iemas\u0113t.&nbsp;<\/p>\n<p>Uzglab\u0101t t&deg; no +5 &deg;\u0421 l\u012bdz +25 &deg;\u0421, sarg\u0101jot no tie&scaron;iem saules stariem.&nbsp;<\/p>\n<p><strong>Der\u012bguma termi\u0146&scaron;: <\/strong>24 m\u0113ne&scaron;i.<br \/>\n&nbsp;<\/p>\n","protected":false},"excerpt":{"rendered":"<p>L\u012bdzeklis maig\u0101s b\u0113rna \u0101das saudz\u012bgai kop&scaron;anai. Var lietot gan mas\u0101\u017eai, gan kr\u0113ma viet\u0101. Viegli uzs\u016bcas, d\u0101v\u0101jot maiguma un komforta saj\u016btu. Lieto&scaron;ana: uzkl\u0101t uz t\u012bras sausas \u0101das, iemas\u0113t.&nbsp; Uzglab\u0101t t&deg; no +5 &deg;\u0421 l\u012bdz +25 &deg;\u0421, sarg\u0101jot no tie&scaron;iem saules stariem.&nbsp; Der\u012bguma termi\u0146&scaron;: 24 m\u0113ne&scaron;i. &nbsp;<\/p>\n","protected":false},"featured_media":87742,"template":"","meta":[],"product_cat":[1361],"product_tag":[],"class_list":{"0":"post-41581","1":"product","2":"type-product","3":"status-publish","4":"has-post-thumbnail","6":"product_brand-viorica-cosmeplant_bg","7":"product_cat-adas-kopsanas-kosmetika","9":"first","10":"instock","11":"taxable","12":"shipping-taxable","13":"product-type-simple"},"_links":{"self":[{"href":"https:\/\/e.kosmolat.eu\/lv\/wp-json\/wp\/v2\/product\/41581","targetHints":{"allow":["GET"]}}],"collection":[{"href":"https:\/\/e.kosmolat.eu\/lv\/wp-json\/wp\/v2\/product"}],"about":[{"href":"https:\/\/e.kosmolat.eu\/lv\/wp-json\/wp\/v2\/types\/product"}],"wp:featuredmedia":[{"embeddable":true,"href":"https:\/\/e.kosmolat.eu\/lv\/wp-json\/wp\/v2\/media\/87742"}],"wp:attachment":[{"href":"https:\/\/e.kosmolat.eu\/lv\/wp-json\/wp\/v2\/media?parent=41581"}],"wp:term":[{"taxonomy":"product_cat","embeddable":true,"href":"https:\/\/e.kosmolat.eu\/lv\/wp-json\/wp\/v2\/product_cat?post=41581"},{"taxonomy":"product_tag","embeddable":true,"href":"https:\/\/e.kosmolat.eu\/lv\/wp-json\/wp\/v2\/product_tag?post=41581"}],"curies":[{"name":"wp","href":"https:\/\/api.w.org\/{rel}","templated":true}]}}