{"id":41577,"date":"2023-12-23T03:13:29","date_gmt":"2023-12-23T03:13:29","guid":{"rendered":"https:\/\/e.kosmolat.eu\/product\/cosmeplant-victoras-bernu-krems-ar-kumelites-un-gurka-ekstr-100-ml\/"},"modified":"2026-04-10T05:29:13","modified_gmt":"2026-04-10T05:29:13","slug":"cosmeplant-victoras-bernu-krems-ar-kumelites-un-gurka-ekstr-100-ml","status":"publish","type":"product","link":"https:\/\/e.kosmolat.eu\/lv\/product\/cosmeplant-victoras-bernu-krems-ar-kumelites-un-gurka-ekstr-100-ml\/","title":{"rendered":"Cosmeplant Victoras B\u0113rnu kr\u0113ms ar kumel\u012btes un gur\u0137a ekstr., 100 ml"},"content":{"rendered":"<p>Bag\u0101tin\u0101ts ar A un E vitam\u012bniem. Nodro\u0161ina m\u012bkstino\u0161u un nomierino\u0161u iedarb\u012bbu. Efekt\u012bvs \u0101das kairin\u0101jumu, lob\u012b\u0161an\u0101s un auti\u0146biks\u012b\u0161u izsitumu gad\u012bjum\u0101. Viegli uzs\u016bcas, d\u0101v\u0101jot \u0101dai maiguma un komforta saj\u016btu. <\/p>\n<p>Satur A vitam\u012bnu. L\u016bgums pirms lieto\u0161anas p\u0101rdom\u0101t savu dienas devu.<\/p>\n<p>Lieto\u0161ana: uzkl\u0101jiet uz t\u012bras sausas \u0101das, iemas\u0113jiet l\u012bdz kr\u0113ms piln\u012bb\u0101 uzs\u016bcas. <\/p>\n<p>Uzglab\u0101t t\u00b0 no +5 \u00b0\u0421 l\u012bdz +25 \u00b0\u0421, sarg\u0101jot no tie\u0161iem saules stariem.<\/p>\n<p>Der\u012bguma termi\u0146\u0161: 24 m\u0113ne\u0161i.<\/p>\n","protected":false},"excerpt":{"rendered":"<p>Bag\u0101tin\u0101ts ar A un E vitam\u012bniem. Nodro\u0161ina m\u012bkstino\u0161u un nomierino\u0161u iedarb\u012bbu. Efekt\u012bvs \u0101das kairin\u0101jumu, lob\u012b\u0161an\u0101s un auti\u0146biks\u012b\u0161u izsitumu gad\u012bjum\u0101. Viegli uzs\u016bcas, d\u0101v\u0101jot \u0101dai maiguma un komforta saj\u016btu. Satur A vitam\u012bnu. L\u016bgums pirms lieto\u0161anas p\u0101rdom\u0101t savu dienas devu. Lieto\u0161ana: uzkl\u0101jiet uz t\u012bras sausas \u0101das, iemas\u0113jiet l\u012bdz kr\u0113ms piln\u012bb\u0101 uzs\u016bcas. Uzglab\u0101t t\u00b0 no +5 \u00b0\u0421 l\u012bdz +25 [&#8230;]\n","protected":false},"featured_media":87738,"template":"","meta":[],"product_cat":[1361],"product_tag":[],"class_list":{"0":"post-41577","1":"product","2":"type-product","3":"status-publish","4":"has-post-thumbnail","6":"product_brand-viorica-cosmeplant_bg","7":"product_cat-adas-kopsanas-kosmetika","9":"first","10":"instock","11":"taxable","12":"shipping-taxable","13":"product-type-simple"},"_links":{"self":[{"href":"https:\/\/e.kosmolat.eu\/lv\/wp-json\/wp\/v2\/product\/41577","targetHints":{"allow":["GET"]}}],"collection":[{"href":"https:\/\/e.kosmolat.eu\/lv\/wp-json\/wp\/v2\/product"}],"about":[{"href":"https:\/\/e.kosmolat.eu\/lv\/wp-json\/wp\/v2\/types\/product"}],"wp:featuredmedia":[{"embeddable":true,"href":"https:\/\/e.kosmolat.eu\/lv\/wp-json\/wp\/v2\/media\/87738"}],"wp:attachment":[{"href":"https:\/\/e.kosmolat.eu\/lv\/wp-json\/wp\/v2\/media?parent=41577"}],"wp:term":[{"taxonomy":"product_cat","embeddable":true,"href":"https:\/\/e.kosmolat.eu\/lv\/wp-json\/wp\/v2\/product_cat?post=41577"},{"taxonomy":"product_tag","embeddable":true,"href":"https:\/\/e.kosmolat.eu\/lv\/wp-json\/wp\/v2\/product_tag?post=41577"}],"curies":[{"name":"wp","href":"https:\/\/api.w.org\/{rel}","templated":true}]}}