{"id":41573,"date":"2023-12-23T03:13:07","date_gmt":"2023-12-23T03:13:07","guid":{"rendered":"https:\/\/e.kosmolat.eu\/product\/cosmeplant-skidr-virtuves-ziepes-ar-klinger-un-baltas-akacijas-ekstr-400-ml\/"},"modified":"2026-04-11T18:21:47","modified_gmt":"2026-04-11T18:21:47","slug":"cosmeplant-skidr-virtuves-ziepes-ar-klinger-un-baltas-akacijas-ekstr-400-ml","status":"publish","type":"product","link":"https:\/\/e.kosmolat.eu\/lv\/product\/cosmeplant-skidr-virtuves-ziepes-ar-klinger-un-baltas-akacijas-ekstr-400-ml\/","title":{"rendered":"Cosmeplant \u0160\u0137idr.virtuves ziepes ar kli\u0146\u0123er.un balt\u0101s ak\u0101cijas ekstr., 400 ml"},"content":{"rendered":"<p>\u0100tri un viegli likvid\u0113 pat visnotur\u012bg\u0101k\u0101s smakas (zivis, s\u012bpoli, \u0137iploki) un efekt\u012bvi no\u0146em taukus, vienlaikus m\u012bkstinot un aizsarg\u0101jot \u0101du.<\/p>\n<p><strong>Lieto&scaron;ana:<\/strong> uzkl\u0101jiet uz mitr\u0101m rok\u0101m, saputojiet, noskalojiet ar \u016bdeni.&nbsp;<\/p>\n<p>Uzglab\u0101t t&deg; no +5 &deg;\u0421 l\u012bdz +25 &deg;\u0421, sarg\u0101jot no tie&scaron;iem saules stariem.&nbsp;<\/p>\n<p><strong>Der\u012bguma termi\u0146&scaron;: <\/strong>36 m\u0113ne&scaron;i.<br \/>\n&nbsp;<\/p>\n","protected":false},"excerpt":{"rendered":"<p>\u0100tri un viegli likvid\u0113 pat visnotur\u012bg\u0101k\u0101s smakas (zivis, s\u012bpoli, \u0137iploki) un efekt\u012bvi no\u0146em taukus, vienlaikus m\u012bkstinot un aizsarg\u0101jot \u0101du. Lieto&scaron;ana: uzkl\u0101jiet uz mitr\u0101m rok\u0101m, saputojiet, noskalojiet ar \u016bdeni.&nbsp; Uzglab\u0101t t&deg; no +5 &deg;\u0421 l\u012bdz +25 &deg;\u0421, sarg\u0101jot no tie&scaron;iem saules stariem.&nbsp; Der\u012bguma termi\u0146&scaron;: 36 m\u0113ne&scaron;i. &nbsp;<\/p>\n","protected":false},"featured_media":87734,"template":"","meta":[],"product_cat":[1748],"product_tag":[],"class_list":{"0":"post-41573","1":"product","2":"type-product","3":"status-publish","4":"has-post-thumbnail","6":"product_brand-viorica-cosmeplant_bg","7":"product_cat-skystas-muilas","9":"first","10":"outofstock","11":"taxable","12":"shipping-taxable","13":"product-type-simple"},"_links":{"self":[{"href":"https:\/\/e.kosmolat.eu\/lv\/wp-json\/wp\/v2\/product\/41573","targetHints":{"allow":["GET"]}}],"collection":[{"href":"https:\/\/e.kosmolat.eu\/lv\/wp-json\/wp\/v2\/product"}],"about":[{"href":"https:\/\/e.kosmolat.eu\/lv\/wp-json\/wp\/v2\/types\/product"}],"wp:featuredmedia":[{"embeddable":true,"href":"https:\/\/e.kosmolat.eu\/lv\/wp-json\/wp\/v2\/media\/87734"}],"wp:attachment":[{"href":"https:\/\/e.kosmolat.eu\/lv\/wp-json\/wp\/v2\/media?parent=41573"}],"wp:term":[{"taxonomy":"product_cat","embeddable":true,"href":"https:\/\/e.kosmolat.eu\/lv\/wp-json\/wp\/v2\/product_cat?post=41573"},{"taxonomy":"product_tag","embeddable":true,"href":"https:\/\/e.kosmolat.eu\/lv\/wp-json\/wp\/v2\/product_tag?post=41573"}],"curies":[{"name":"wp","href":"https:\/\/api.w.org\/{rel}","templated":true}]}}