{"id":41565,"date":"2023-12-23T03:12:23","date_gmt":"2023-12-23T03:12:23","guid":{"rendered":"https:\/\/e.kosmolat.eu\/product\/cosmeplant-aizsargaj-skidras-ziepes-ar-kumelites-ekstr-400-ml\/"},"modified":"2026-04-10T05:28:36","modified_gmt":"2026-04-10T05:28:36","slug":"cosmeplant-aizsargaj-skidras-ziepes-ar-kumelites-ekstr-400-ml","status":"publish","type":"product","link":"https:\/\/e.kosmolat.eu\/lv\/product\/cosmeplant-aizsargaj-skidras-ziepes-ar-kumelites-ekstr-400-ml\/","title":{"rendered":"Cosmeplant Aizsarg\u0101j.\u0161\u0137idr\u0101s ziepes ar kumel\u012btes ekstr., 400 ml"},"content":{"rendered":"<p>R\u016bp\u012bgi att\u012bra un kopj roku \u0101du. Mitrina un nomierina. D\u0101v\u0101 smalku ziedu arom\u0101tu.&nbsp;<\/p>\n<p><strong>Lieto&scaron;ana: <\/strong>uzkl\u0101jiet uz mitr\u0101m rok\u0101m, saputojiet, noskalojiet ar \u016bdeni.&nbsp;<\/p>\n<p>Uzglab\u0101t t&deg; no +5 &deg;\u0421 l\u012bdz +25 &deg;\u0421, sarg\u0101jot no tie&scaron;iem saules stariem.&nbsp;<\/p>\n<p><strong>Der\u012bguma termi\u0146&scaron;:<\/strong> 36 m\u0113ne&scaron;i.<br \/>\n&nbsp;<\/p>\n","protected":false},"excerpt":{"rendered":"<p>R\u016bp\u012bgi att\u012bra un kopj roku \u0101du. Mitrina un nomierina. D\u0101v\u0101 smalku ziedu arom\u0101tu.&nbsp; Lieto&scaron;ana: uzkl\u0101jiet uz mitr\u0101m rok\u0101m, saputojiet, noskalojiet ar \u016bdeni.&nbsp; Uzglab\u0101t t&deg; no +5 &deg;\u0421 l\u012bdz +25 &deg;\u0421, sarg\u0101jot no tie&scaron;iem saules stariem.&nbsp; Der\u012bguma termi\u0146&scaron;: 36 m\u0113ne&scaron;i. &nbsp;<\/p>\n","protected":false},"featured_media":87726,"template":"","meta":[],"product_cat":[1748],"product_tag":[],"class_list":{"0":"post-41565","1":"product","2":"type-product","3":"status-publish","4":"has-post-thumbnail","6":"product_brand-viorica-cosmeplant_bg","7":"product_cat-skystas-muilas","9":"first","10":"outofstock","11":"taxable","12":"shipping-taxable","13":"product-type-simple"},"_links":{"self":[{"href":"https:\/\/e.kosmolat.eu\/lv\/wp-json\/wp\/v2\/product\/41565","targetHints":{"allow":["GET"]}}],"collection":[{"href":"https:\/\/e.kosmolat.eu\/lv\/wp-json\/wp\/v2\/product"}],"about":[{"href":"https:\/\/e.kosmolat.eu\/lv\/wp-json\/wp\/v2\/types\/product"}],"wp:featuredmedia":[{"embeddable":true,"href":"https:\/\/e.kosmolat.eu\/lv\/wp-json\/wp\/v2\/media\/87726"}],"wp:attachment":[{"href":"https:\/\/e.kosmolat.eu\/lv\/wp-json\/wp\/v2\/media?parent=41565"}],"wp:term":[{"taxonomy":"product_cat","embeddable":true,"href":"https:\/\/e.kosmolat.eu\/lv\/wp-json\/wp\/v2\/product_cat?post=41565"},{"taxonomy":"product_tag","embeddable":true,"href":"https:\/\/e.kosmolat.eu\/lv\/wp-json\/wp\/v2\/product_tag?post=41565"}],"curies":[{"name":"wp","href":"https:\/\/api.w.org\/{rel}","templated":true}]}}