{"id":41549,"date":"2023-12-23T03:10:45","date_gmt":"2023-12-23T03:10:45","guid":{"rendered":"https:\/\/e.kosmolat.eu\/product\/cosmeplant-victorita-bernu-samp-viegla-kemmesana-ar-zemenu-lapu-ekstr-250-ml\/"},"modified":"2026-04-11T18:21:36","modified_gmt":"2026-04-11T18:21:36","slug":"cosmeplant-victorita-bernu-samp-viegla-kemmesana-ar-zemenu-lapu-ekstr-250-ml","status":"publish","type":"product","link":"https:\/\/e.kosmolat.eu\/lv\/product\/cosmeplant-victorita-bernu-samp-viegla-kemmesana-ar-zemenu-lapu-ekstr-250-ml\/","title":{"rendered":"Cosmeplant Victorita B\u0113rnu \u0161amp.Viegla \u0137emm\u0113sana ar zeme\u0146u lapu ekstr., 250 ml"},"content":{"rendered":"<p>Pal\u012bdz nov\u0113rst matu sap\u012b&scaron;anos un mezglo&scaron;anos, padarot vieglu un pat\u012bkamu pat garu un cirtainu matu \u0137emm\u0113&scaron;anu. Formula &ldquo;Bez asar\u0101m&rdquo; satur r\u016bp\u012bgi atlas\u012btas sast\u0101vda\u013cas, kas neizraisa aler\u0123iskas reakcijas, \u0101das sausumu vai kairin\u0101jumu.<\/p>\n<p><strong>Lieto&scaron;ana: <\/strong>uzkl\u0101t uz mitriem matiem, saputot, noskalot ar \u016bdeni.&nbsp;<\/p>\n<p>Uzglab\u0101t t&deg; no +5 &deg;\u0421 l\u012bdz +25 &deg;\u0421, sarg\u0101jot no tie&scaron;iem saules stariem.&nbsp;<\/p>\n<p><strong>Der\u012bguma termi\u0146&scaron;:<\/strong> 36 m\u0113ne&scaron;i.<br \/>\n&nbsp;<\/p>\n","protected":false},"excerpt":{"rendered":"<p>Pal\u012bdz nov\u0113rst matu sap\u012b&scaron;anos un mezglo&scaron;anos, padarot vieglu un pat\u012bkamu pat garu un cirtainu matu \u0137emm\u0113&scaron;anu. Formula &ldquo;Bez asar\u0101m&rdquo; satur r\u016bp\u012bgi atlas\u012btas sast\u0101vda\u013cas, kas neizraisa aler\u0123iskas reakcijas, \u0101das sausumu vai kairin\u0101jumu. Lieto&scaron;ana: uzkl\u0101t uz mitriem matiem, saputot, noskalot ar \u016bdeni.&nbsp; Uzglab\u0101t t&deg; no +5 &deg;\u0421 l\u012bdz +25 &deg;\u0421, sarg\u0101jot no tie&scaron;iem saules stariem.&nbsp; Der\u012bguma termi\u0146&scaron;: [&#8230;]\n","protected":false},"featured_media":87714,"template":"","meta":[],"product_cat":[1793],"product_tag":[],"class_list":{"0":"post-41549","1":"product","2":"type-product","3":"status-publish","4":"has-post-thumbnail","6":"product_brand-viorica-cosmeplant_bg","7":"product_cat-plauku-prieziura-vaikams","9":"first","10":"outofstock","11":"taxable","12":"shipping-taxable","13":"product-type-simple"},"_links":{"self":[{"href":"https:\/\/e.kosmolat.eu\/lv\/wp-json\/wp\/v2\/product\/41549","targetHints":{"allow":["GET"]}}],"collection":[{"href":"https:\/\/e.kosmolat.eu\/lv\/wp-json\/wp\/v2\/product"}],"about":[{"href":"https:\/\/e.kosmolat.eu\/lv\/wp-json\/wp\/v2\/types\/product"}],"wp:featuredmedia":[{"embeddable":true,"href":"https:\/\/e.kosmolat.eu\/lv\/wp-json\/wp\/v2\/media\/87714"}],"wp:attachment":[{"href":"https:\/\/e.kosmolat.eu\/lv\/wp-json\/wp\/v2\/media?parent=41549"}],"wp:term":[{"taxonomy":"product_cat","embeddable":true,"href":"https:\/\/e.kosmolat.eu\/lv\/wp-json\/wp\/v2\/product_cat?post=41549"},{"taxonomy":"product_tag","embeddable":true,"href":"https:\/\/e.kosmolat.eu\/lv\/wp-json\/wp\/v2\/product_tag?post=41549"}],"curies":[{"name":"wp","href":"https:\/\/api.w.org\/{rel}","templated":true}]}}