{"id":41545,"date":"2023-12-23T03:10:18","date_gmt":"2023-12-23T03:10:18","guid":{"rendered":"https:\/\/e.kosmolat.eu\/product\/cosmeplant-victorita-matu-sprejs-berniem-viegla-kemmesana-ar-zemenu-lapu-ekstr-200-ml\/"},"modified":"2026-04-20T10:28:39","modified_gmt":"2026-04-20T10:28:39","slug":"cosmeplant-victorita-matu-sprejs-berniem-viegla-kemmesana-ar-zemenu-lapu-ekstr-200-ml","status":"publish","type":"product","link":"https:\/\/e.kosmolat.eu\/lv\/product\/cosmeplant-victorita-matu-sprejs-berniem-viegla-kemmesana-ar-zemenu-lapu-ekstr-200-ml\/","title":{"rendered":"Cosmeplant Victorita Matu sprejs b\u0113rniem Viegla \u0137emm\u0113sana ar zeme\u0146u lapu ekstr., 200 ml"},"content":{"rendered":"<p>Iev\u0113rojami atvieglo \u0137emm\u0113&scaron;anu un nov\u0113r&scaron; matu sap\u012b&scaron;anos bez smaguma. Pie&scaron;\u0137ir z\u012bdainu gludumu, greznu sp\u012bdumu un p\u0101rsteidzo&scaron;u apjomu. Papildu efekts ir statisk\u0101s elektr\u012bbas nov\u0113r&scaron;ana, k\u0101 rezult\u0101t\u0101 mati k\u013c\u016bst m\u012bkst\u0101ki un paklaus\u012bg\u0101ki.&nbsp;<\/p>\n<p><strong>Lieto&scaron;ana:<\/strong> uzkl\u0101jiet uz mitriem vai sausiem matiem, vienm\u0113r\u012bgi izkl\u0101jot l\u012bdzekli ar \u0137emmi. Nav nepiecie&scaron;ama noskalo&scaron;ana.&nbsp;<\/p>\n<p>Uzglab\u0101t t&deg; no +5 &deg;\u0421 l\u012bdz +25 &deg;\u0421, sarg\u0101jot no tie&scaron;iem saules stariem.&nbsp;<\/p>\n<p><strong>Der\u012bguma termi\u0146&scaron;:<\/strong> 36 m\u0113ne&scaron;i.<br \/>\n&nbsp;<\/p>\n","protected":false},"excerpt":{"rendered":"<p>Iev\u0113rojami atvieglo \u0137emm\u0113&scaron;anu un nov\u0113r&scaron; matu sap\u012b&scaron;anos bez smaguma. Pie&scaron;\u0137ir z\u012bdainu gludumu, greznu sp\u012bdumu un p\u0101rsteidzo&scaron;u apjomu. Papildu efekts ir statisk\u0101s elektr\u012bbas nov\u0113r&scaron;ana, k\u0101 rezult\u0101t\u0101 mati k\u013c\u016bst m\u012bkst\u0101ki un paklaus\u012bg\u0101ki.&nbsp; Lieto&scaron;ana: uzkl\u0101jiet uz mitriem vai sausiem matiem, vienm\u0113r\u012bgi izkl\u0101jot l\u012bdzekli ar \u0137emmi. Nav nepiecie&scaron;ama noskalo&scaron;ana.&nbsp; Uzglab\u0101t t&deg; no +5 &deg;\u0421 l\u012bdz +25 &deg;\u0421, sarg\u0101jot no [&#8230;]\n","protected":false},"featured_media":87710,"template":"","meta":[],"product_cat":[1792],"product_tag":[],"class_list":{"0":"post-41545","1":"product","2":"type-product","3":"status-publish","4":"has-post-thumbnail","6":"product_brand-viorica-cosmeplant_bg","7":"product_cat-1792","9":"first","10":"instock","11":"taxable","12":"shipping-taxable","13":"product-type-simple"},"_links":{"self":[{"href":"https:\/\/e.kosmolat.eu\/lv\/wp-json\/wp\/v2\/product\/41545","targetHints":{"allow":["GET"]}}],"collection":[{"href":"https:\/\/e.kosmolat.eu\/lv\/wp-json\/wp\/v2\/product"}],"about":[{"href":"https:\/\/e.kosmolat.eu\/lv\/wp-json\/wp\/v2\/types\/product"}],"wp:featuredmedia":[{"embeddable":true,"href":"https:\/\/e.kosmolat.eu\/lv\/wp-json\/wp\/v2\/media\/87710"}],"wp:attachment":[{"href":"https:\/\/e.kosmolat.eu\/lv\/wp-json\/wp\/v2\/media?parent=41545"}],"wp:term":[{"taxonomy":"product_cat","embeddable":true,"href":"https:\/\/e.kosmolat.eu\/lv\/wp-json\/wp\/v2\/product_cat?post=41545"},{"taxonomy":"product_tag","embeddable":true,"href":"https:\/\/e.kosmolat.eu\/lv\/wp-json\/wp\/v2\/product_tag?post=41545"}],"curies":[{"name":"wp","href":"https:\/\/api.w.org\/{rel}","templated":true}]}}