{"id":41537,"date":"2023-12-23T03:09:38","date_gmt":"2023-12-23T03:09:38","guid":{"rendered":"https:\/\/e.kosmolat.eu\/product\/cosmeplant-vitam-dusas-kremzeleja-ar-meza-ogu-ekstr-1000-ml\/"},"modified":"2026-04-22T10:44:50","modified_gmt":"2026-04-22T10:44:50","slug":"cosmeplant-vitam-dusas-kremzeleja-ar-meza-ogu-ekstr-1000-ml","status":"publish","type":"product","link":"https:\/\/e.kosmolat.eu\/lv\/product\/cosmeplant-vitam-dusas-kremzeleja-ar-meza-ogu-ekstr-1000-ml\/","title":{"rendered":"Cosmeplant Vitam.du\u0161as kr\u0113m\u017eeleja ar me\u017ea ogu ekstr., 1000 ml"},"content":{"rendered":"<p>Maigi att\u012bra, nesausina \u0101du, pies\u0101tina ar v\u0113rt\u012bgiem vitam\u012bniem.&nbsp;<\/p>\n<p><strong>Lieto&scaron;ana: <\/strong>uzkl\u0101jiet uz mitras \u0101das, saputojiet, noskalojiet ar \u016bdeni.&nbsp;<\/p>\n<p>Uzglab\u0101t t&deg; no +5 &deg;\u0421 l\u012bdz +25 &deg;\u0421, sarg\u0101jot no tie&scaron;iem saules stariem.&nbsp;<\/p>\n<p><strong>Der\u012bguma termi\u0146&scaron;: <\/strong>30 m\u0113ne&scaron;i.<br \/>\n&nbsp;<\/p>\n","protected":false},"excerpt":{"rendered":"<p>Maigi att\u012bra, nesausina \u0101du, pies\u0101tina ar v\u0113rt\u012bgiem vitam\u012bniem.&nbsp; Lieto&scaron;ana: uzkl\u0101jiet uz mitras \u0101das, saputojiet, noskalojiet ar \u016bdeni.&nbsp; Uzglab\u0101t t&deg; no +5 &deg;\u0421 l\u012bdz +25 &deg;\u0421, sarg\u0101jot no tie&scaron;iem saules stariem.&nbsp; Der\u012bguma termi\u0146&scaron;: 30 m\u0113ne&scaron;i. &nbsp;<\/p>\n","protected":false},"featured_media":87702,"template":"","meta":[],"product_cat":[1280],"product_tag":[],"class_list":{"0":"post-41537","1":"product","2":"type-product","3":"status-publish","4":"has-post-thumbnail","6":"product_brand-viorica-cosmeplant_bg","7":"product_cat-dusas-zelejas-un-dusas-ellas","9":"first","10":"instock","11":"taxable","12":"shipping-taxable","13":"product-type-simple"},"_links":{"self":[{"href":"https:\/\/e.kosmolat.eu\/lv\/wp-json\/wp\/v2\/product\/41537","targetHints":{"allow":["GET"]}}],"collection":[{"href":"https:\/\/e.kosmolat.eu\/lv\/wp-json\/wp\/v2\/product"}],"about":[{"href":"https:\/\/e.kosmolat.eu\/lv\/wp-json\/wp\/v2\/types\/product"}],"wp:featuredmedia":[{"embeddable":true,"href":"https:\/\/e.kosmolat.eu\/lv\/wp-json\/wp\/v2\/media\/87702"}],"wp:attachment":[{"href":"https:\/\/e.kosmolat.eu\/lv\/wp-json\/wp\/v2\/media?parent=41537"}],"wp:term":[{"taxonomy":"product_cat","embeddable":true,"href":"https:\/\/e.kosmolat.eu\/lv\/wp-json\/wp\/v2\/product_cat?post=41537"},{"taxonomy":"product_tag","embeddable":true,"href":"https:\/\/e.kosmolat.eu\/lv\/wp-json\/wp\/v2\/product_tag?post=41537"}],"curies":[{"name":"wp","href":"https:\/\/api.w.org\/{rel}","templated":true}]}}