{"id":41521,"date":"2023-12-23T03:08:20","date_gmt":"2023-12-23T03:08:20","guid":{"rendered":"https:\/\/e.kosmolat.eu\/product\/cosmeplant-mitrin-dusas-zeleja-ar-baltas-akacijas-ziedu-ekstr-500-ml\/"},"modified":"2026-04-13T06:25:24","modified_gmt":"2026-04-13T06:25:24","slug":"cosmeplant-mitrin-dusas-zeleja-ar-baltas-akacijas-ziedu-ekstr-500-ml","status":"publish","type":"product","link":"https:\/\/e.kosmolat.eu\/lv\/product\/cosmeplant-mitrin-dusas-zeleja-ar-baltas-akacijas-ziedu-ekstr-500-ml\/","title":{"rendered":"Cosmeplant Mitrin.du\u0161as \u017eeleja ar balt\u0101s ak\u0101cijas ziedu ekstr., 500 ml"},"content":{"rendered":"<p>R\u016bp\u012bgi att\u012bra, mitrina un m\u012bkstina \u0101du.&nbsp;<\/p>\n<p><strong>Lieto&scaron;ana: <\/strong>uzkl\u0101jiet uz mitras \u0101das, saputojiet, noskalojiet ar \u016bdeni.&nbsp;<\/p>\n<p>Uzglab\u0101t t&deg; no +5 &deg;\u0421 l\u012bdz +25 &deg;\u0421, sarg\u0101jot no tie&scaron;iem saules stariem.&nbsp;<\/p>\n<p><strong>Der\u012bguma termi\u0146&scaron;: <\/strong>36 m\u0113ne&scaron;i.<br \/>\n&nbsp;<\/p>\n","protected":false},"excerpt":{"rendered":"<p>R\u016bp\u012bgi att\u012bra, mitrina un m\u012bkstina \u0101du.&nbsp; Lieto&scaron;ana: uzkl\u0101jiet uz mitras \u0101das, saputojiet, noskalojiet ar \u016bdeni.&nbsp; Uzglab\u0101t t&deg; no +5 &deg;\u0421 l\u012bdz +25 &deg;\u0421, sarg\u0101jot no tie&scaron;iem saules stariem.&nbsp; Der\u012bguma termi\u0146&scaron;: 36 m\u0113ne&scaron;i. &nbsp;<\/p>\n","protected":false},"featured_media":87686,"template":"","meta":[],"product_cat":[2181],"product_tag":[],"class_list":{"0":"post-41521","1":"product","2":"type-product","3":"status-publish","4":"has-post-thumbnail","6":"product_brand-viorica-cosmeplant_bg","7":"product_cat-bez-kategorijas-lt","9":"first","10":"instock","11":"taxable","12":"shipping-taxable","13":"product-type-simple"},"_links":{"self":[{"href":"https:\/\/e.kosmolat.eu\/lv\/wp-json\/wp\/v2\/product\/41521","targetHints":{"allow":["GET"]}}],"collection":[{"href":"https:\/\/e.kosmolat.eu\/lv\/wp-json\/wp\/v2\/product"}],"about":[{"href":"https:\/\/e.kosmolat.eu\/lv\/wp-json\/wp\/v2\/types\/product"}],"wp:featuredmedia":[{"embeddable":true,"href":"https:\/\/e.kosmolat.eu\/lv\/wp-json\/wp\/v2\/media\/87686"}],"wp:attachment":[{"href":"https:\/\/e.kosmolat.eu\/lv\/wp-json\/wp\/v2\/media?parent=41521"}],"wp:term":[{"taxonomy":"product_cat","embeddable":true,"href":"https:\/\/e.kosmolat.eu\/lv\/wp-json\/wp\/v2\/product_cat?post=41521"},{"taxonomy":"product_tag","embeddable":true,"href":"https:\/\/e.kosmolat.eu\/lv\/wp-json\/wp\/v2\/product_tag?post=41521"}],"curies":[{"name":"wp","href":"https:\/\/api.w.org\/{rel}","templated":true}]}}