{"id":41513,"date":"2023-12-23T03:07:45","date_gmt":"2023-12-23T03:07:45","guid":{"rendered":"https:\/\/e.kosmolat.eu\/product\/cosmeplant-masazas-ella-ar-smiltserkska-ellu-200-ml\/"},"modified":"2026-04-11T18:20:15","modified_gmt":"2026-04-11T18:20:15","slug":"cosmeplant-masazas-ella-ar-smiltserkska-ellu-200-ml","status":"publish","type":"product","link":"https:\/\/e.kosmolat.eu\/lv\/product\/cosmeplant-masazas-ella-ar-smiltserkska-ellu-200-ml\/","title":{"rendered":"Cosmeplant Mas\u0101\u017eas e\u013c\u013ca ar smilts\u0113rk\u0161\u0137a e\u013clu, 200 ml"},"content":{"rendered":"<p>Pies\u0101tina \u0101du ar v\u0113rt\u012bgiem vitam\u012bniem, c\u012bn\u0101s ar \u0101das noveco&scaron;anu, paaugstina tvirtumu.&nbsp;<\/p>\n<p><strong>Lieto&scaron;ana: <\/strong>uzkl\u0101t uz t\u012bras sausas \u0101das, pamas\u0113t.&nbsp;<\/p>\n<p>Uzglab\u0101t t&deg; no +5 &deg;\u0421 l\u012bdz +25 &deg;\u0421, sarg\u0101jot no tie&scaron;iem saules stariem.<\/p>\n<p><strong>Der\u012bguma termi\u0146&scaron;: <\/strong>24 m\u0113ne&scaron;i.<br \/>\n&nbsp;<\/p>\n","protected":false},"excerpt":{"rendered":"<p>Pies\u0101tina \u0101du ar v\u0113rt\u012bgiem vitam\u012bniem, c\u012bn\u0101s ar \u0101das noveco&scaron;anu, paaugstina tvirtumu.&nbsp; Lieto&scaron;ana: uzkl\u0101t uz t\u012bras sausas \u0101das, pamas\u0113t.&nbsp; Uzglab\u0101t t&deg; no +5 &deg;\u0421 l\u012bdz +25 &deg;\u0421, sarg\u0101jot no tie&scaron;iem saules stariem. Der\u012bguma termi\u0146&scaron;: 24 m\u0113ne&scaron;i. &nbsp;<\/p>\n","protected":false},"featured_media":87678,"template":"","meta":[],"product_cat":[1619],"product_tag":[],"class_list":{"0":"post-41513","1":"product","2":"type-product","3":"status-publish","4":"has-post-thumbnail","6":"product_brand-viorica-cosmeplant_bg","7":"product_cat-ellas","9":"first","10":"outofstock","11":"taxable","12":"shipping-taxable","13":"product-type-simple"},"_links":{"self":[{"href":"https:\/\/e.kosmolat.eu\/lv\/wp-json\/wp\/v2\/product\/41513","targetHints":{"allow":["GET"]}}],"collection":[{"href":"https:\/\/e.kosmolat.eu\/lv\/wp-json\/wp\/v2\/product"}],"about":[{"href":"https:\/\/e.kosmolat.eu\/lv\/wp-json\/wp\/v2\/types\/product"}],"wp:featuredmedia":[{"embeddable":true,"href":"https:\/\/e.kosmolat.eu\/lv\/wp-json\/wp\/v2\/media\/87678"}],"wp:attachment":[{"href":"https:\/\/e.kosmolat.eu\/lv\/wp-json\/wp\/v2\/media?parent=41513"}],"wp:term":[{"taxonomy":"product_cat","embeddable":true,"href":"https:\/\/e.kosmolat.eu\/lv\/wp-json\/wp\/v2\/product_cat?post=41513"},{"taxonomy":"product_tag","embeddable":true,"href":"https:\/\/e.kosmolat.eu\/lv\/wp-json\/wp\/v2\/product_tag?post=41513"}],"curies":[{"name":"wp","href":"https:\/\/api.w.org\/{rel}","templated":true}]}}