{"id":41505,"date":"2023-12-23T03:07:06","date_gmt":"2023-12-23T03:07:06","guid":{"rendered":"https:\/\/e.kosmolat.eu\/product\/cosmeplant-masazas-ella-ar-mandelu-ellu-un-a-vitaminu-200-ml\/"},"modified":"2026-04-11T18:19:48","modified_gmt":"2026-04-11T18:19:48","slug":"cosmeplant-masazas-ella-ar-mandelu-ellu-un-a-vitaminu-200-ml","status":"publish","type":"product","link":"https:\/\/e.kosmolat.eu\/lv\/product\/cosmeplant-masazas-ella-ar-mandelu-ellu-un-a-vitaminu-200-ml\/","title":{"rendered":"Cosmeplant Mas\u0101\u017eas e\u013c\u013ca ar mande\u013cu e\u013c\u013cu un A vitam\u012bnu, 200 ml"},"content":{"rendered":"<p>Pies\u0101tina \u0101du ar v\u0113rt\u012bgiem vitam\u012bniem, nov\u0113r\u0161 sausumu, nodro\u0161ina toniz\u0113jo\u0161u efektu. <\/p>\n<p>Satur A vitam\u012bnu. L\u016bgums pirms lieto\u0161anas p\u0101rdom\u0101t savu dienas devu.<\/p>\n<p>Lieto\u0161ana: uzkl\u0101jiet uz t\u012bras sausas \u0101das, iemas\u0113jiet. <\/p>\n<p>Uzglab\u0101t t\u00b0 no +5 \u00b0\u0421 l\u012bdz +25 \u00b0\u0421, sarg\u0101jot no tie\u0161iem saules stariem. <\/p>\n<p>Der\u012bguma termi\u0146\u0161: 24 m\u0113ne\u0161i.<\/p>\n","protected":false},"excerpt":{"rendered":"<p>Pies\u0101tina \u0101du ar v\u0113rt\u012bgiem vitam\u012bniem, nov\u0113r\u0161 sausumu, nodro\u0161ina toniz\u0113jo\u0161u efektu. Satur A vitam\u012bnu. L\u016bgums pirms lieto\u0161anas p\u0101rdom\u0101t savu dienas devu. Lieto\u0161ana: uzkl\u0101jiet uz t\u012bras sausas \u0101das, iemas\u0113jiet. Uzglab\u0101t t\u00b0 no +5 \u00b0\u0421 l\u012bdz +25 \u00b0\u0421, sarg\u0101jot no tie\u0161iem saules stariem. Der\u012bguma termi\u0146\u0161: 24 m\u0113ne\u0161i.<\/p>\n","protected":false},"featured_media":87666,"template":"","meta":[],"product_cat":[1619],"product_tag":[],"class_list":{"0":"post-41505","1":"product","2":"type-product","3":"status-publish","4":"has-post-thumbnail","6":"product_brand-viorica-cosmeplant_bg","7":"product_cat-ellas","9":"first","10":"instock","11":"taxable","12":"shipping-taxable","13":"product-type-simple"},"_links":{"self":[{"href":"https:\/\/e.kosmolat.eu\/lv\/wp-json\/wp\/v2\/product\/41505","targetHints":{"allow":["GET"]}}],"collection":[{"href":"https:\/\/e.kosmolat.eu\/lv\/wp-json\/wp\/v2\/product"}],"about":[{"href":"https:\/\/e.kosmolat.eu\/lv\/wp-json\/wp\/v2\/types\/product"}],"wp:featuredmedia":[{"embeddable":true,"href":"https:\/\/e.kosmolat.eu\/lv\/wp-json\/wp\/v2\/media\/87666"}],"wp:attachment":[{"href":"https:\/\/e.kosmolat.eu\/lv\/wp-json\/wp\/v2\/media?parent=41505"}],"wp:term":[{"taxonomy":"product_cat","embeddable":true,"href":"https:\/\/e.kosmolat.eu\/lv\/wp-json\/wp\/v2\/product_cat?post=41505"},{"taxonomy":"product_tag","embeddable":true,"href":"https:\/\/e.kosmolat.eu\/lv\/wp-json\/wp\/v2\/product_tag?post=41505"}],"curies":[{"name":"wp","href":"https:\/\/api.w.org\/{rel}","templated":true}]}}