{"id":41501,"date":"2023-12-23T03:06:40","date_gmt":"2023-12-23T03:06:40","guid":{"rendered":"https:\/\/e.kosmolat.eu\/product\/cosmeplant-dezodor-kaju-krems-noguruma-mazin-ar-piparmetras-un-natres-ekstr-100-ml\/"},"modified":"2026-04-18T12:52:37","modified_gmt":"2026-04-18T12:52:37","slug":"cosmeplant-dezodor-kaju-krems-noguruma-mazin-ar-piparmetras-un-natres-ekstr-100-ml","status":"publish","type":"product","link":"https:\/\/e.kosmolat.eu\/lv\/product\/cosmeplant-dezodor-kaju-krems-noguruma-mazin-ar-piparmetras-un-natres-ekstr-100-ml\/","title":{"rendered":"Cosmeplant Dezodor.k\u0101ju kr\u0113ms noguruma mazin.ar piparm\u0113tras un n\u0101tres ekstr., 100 ml"},"content":{"rendered":"<p>Aizsarg\u0101 no nepat\u012bkam\u0101s sviedru smar\u017eas, nov\u0113r&scaron; smaguma saj\u016btu, pat\u012bkami atv\u0113sina.<\/p>\n<p><strong>Lieto&scaron;ana:<\/strong> uzkl\u0101jiet kr\u0113mu uz t\u012bras sausas k\u0101ju \u0101das pirms apavu uzvilk&scaron;anas un pirms gul\u0113tie&scaron;anas. Iemas\u0113jiet, l\u012bdz tas piln\u012bb\u0101 uzs\u016bcas.&nbsp;<\/p>\n<p>Uzglab\u0101t t&deg; no +5&deg;\u0421 l\u012bdz +25&deg;\u0421, sarg\u0101jot no tie&scaron;iem saules stariem.&nbsp;<\/p>\n<p><strong>Der\u012bguma termi\u0146&scaron;: <\/strong>30 m\u0113ne&scaron;i.<br \/>\n&nbsp;<\/p>\n","protected":false},"excerpt":{"rendered":"<p>Aizsarg\u0101 no nepat\u012bkam\u0101s sviedru smar\u017eas, nov\u0113r&scaron; smaguma saj\u016btu, pat\u012bkami atv\u0113sina. Lieto&scaron;ana: uzkl\u0101jiet kr\u0113mu uz t\u012bras sausas k\u0101ju \u0101das pirms apavu uzvilk&scaron;anas un pirms gul\u0113tie&scaron;anas. Iemas\u0113jiet, l\u012bdz tas piln\u012bb\u0101 uzs\u016bcas.&nbsp; Uzglab\u0101t t&deg; no +5&deg;\u0421 l\u012bdz +25&deg;\u0421, sarg\u0101jot no tie&scaron;iem saules stariem.&nbsp; Der\u012bguma termi\u0146&scaron;: 30 m\u0113ne&scaron;i. &nbsp;<\/p>\n","protected":false},"featured_media":87662,"template":"","meta":[],"product_cat":[1761],"product_tag":[],"class_list":{"0":"post-41501","1":"product","2":"type-product","3":"status-publish","4":"has-post-thumbnail","6":"product_brand-viorica-cosmeplant_bg","7":"product_cat-kaju-kopsanas-kosmetika","9":"first","10":"instock","11":"taxable","12":"shipping-taxable","13":"product-type-simple"},"_links":{"self":[{"href":"https:\/\/e.kosmolat.eu\/lv\/wp-json\/wp\/v2\/product\/41501","targetHints":{"allow":["GET"]}}],"collection":[{"href":"https:\/\/e.kosmolat.eu\/lv\/wp-json\/wp\/v2\/product"}],"about":[{"href":"https:\/\/e.kosmolat.eu\/lv\/wp-json\/wp\/v2\/types\/product"}],"wp:featuredmedia":[{"embeddable":true,"href":"https:\/\/e.kosmolat.eu\/lv\/wp-json\/wp\/v2\/media\/87662"}],"wp:attachment":[{"href":"https:\/\/e.kosmolat.eu\/lv\/wp-json\/wp\/v2\/media?parent=41501"}],"wp:term":[{"taxonomy":"product_cat","embeddable":true,"href":"https:\/\/e.kosmolat.eu\/lv\/wp-json\/wp\/v2\/product_cat?post=41501"},{"taxonomy":"product_tag","embeddable":true,"href":"https:\/\/e.kosmolat.eu\/lv\/wp-json\/wp\/v2\/product_tag?post=41501"}],"curies":[{"name":"wp","href":"https:\/\/api.w.org\/{rel}","templated":true}]}}