{"id":41497,"date":"2023-12-23T03:06:16","date_gmt":"2023-12-23T03:06:16","guid":{"rendered":"https:\/\/e.kosmolat.eu\/product\/cosmeplant-mikstinoss-pedu-krems-ar-meza-ogu-ekstr-100-ml\/"},"modified":"2026-04-17T13:09:13","modified_gmt":"2026-04-17T13:09:13","slug":"cosmeplant-mikstinoss-pedu-krems-ar-meza-ogu-ekstr-100-ml","status":"publish","type":"product","link":"https:\/\/e.kosmolat.eu\/lv\/product\/cosmeplant-mikstinoss-pedu-krems-ar-meza-ogu-ekstr-100-ml\/","title":{"rendered":"Cosmeplant M\u012bkstino\u0161s p\u0113du kr\u0113ms ar me\u017ea ogu ekstr., 100 ml"},"content":{"rendered":"<p>Dzi\u013ci baro, m\u012bkstina saciet\u0113ju&scaron;o \u0101du, veicina plaisu un var\u017eacu dz\u012b&scaron;anu.&nbsp;<\/p>\n<p><strong>Lieto&scaron;ana:<\/strong> uzkl\u0101jiet kr\u0113mu uz t\u012bras sausas p\u0113du \u0101das, \u012bpa&scaron;u uzman\u012bbu piev\u0113r&scaron;ot pap\u0113\u017eiem. Iemas\u0113jiet, l\u012bdz tas piln\u012bb\u0101 uzs\u016bcas.&nbsp;<\/p>\n<p>Uzglab\u0101t t&deg; no +5&deg;\u0421 l\u012bdz +25&deg;\u0421, sarg\u0101jot no tie&scaron;iem saules stariem.&nbsp;<\/p>\n<p><strong>Der\u012bguma termi\u0146&scaron;:<\/strong> 30 m\u0113n.<br \/>\n&nbsp;<\/p>\n","protected":false},"excerpt":{"rendered":"<p>Dzi\u013ci baro, m\u012bkstina saciet\u0113ju&scaron;o \u0101du, veicina plaisu un var\u017eacu dz\u012b&scaron;anu.&nbsp; Lieto&scaron;ana: uzkl\u0101jiet kr\u0113mu uz t\u012bras sausas p\u0113du \u0101das, \u012bpa&scaron;u uzman\u012bbu piev\u0113r&scaron;ot pap\u0113\u017eiem. Iemas\u0113jiet, l\u012bdz tas piln\u012bb\u0101 uzs\u016bcas.&nbsp; Uzglab\u0101t t&deg; no +5&deg;\u0421 l\u012bdz +25&deg;\u0421, sarg\u0101jot no tie&scaron;iem saules stariem.&nbsp; Der\u012bguma termi\u0146&scaron;: 30 m\u0113n. &nbsp;<\/p>\n","protected":false},"featured_media":87658,"template":"","meta":[],"product_cat":[1761],"product_tag":[],"class_list":{"0":"post-41497","1":"product","2":"type-product","3":"status-publish","4":"has-post-thumbnail","6":"product_brand-viorica-cosmeplant_bg","7":"product_cat-kaju-kopsanas-kosmetika","9":"first","10":"outofstock","11":"taxable","12":"shipping-taxable","13":"product-type-simple"},"_links":{"self":[{"href":"https:\/\/e.kosmolat.eu\/lv\/wp-json\/wp\/v2\/product\/41497","targetHints":{"allow":["GET"]}}],"collection":[{"href":"https:\/\/e.kosmolat.eu\/lv\/wp-json\/wp\/v2\/product"}],"about":[{"href":"https:\/\/e.kosmolat.eu\/lv\/wp-json\/wp\/v2\/types\/product"}],"wp:featuredmedia":[{"embeddable":true,"href":"https:\/\/e.kosmolat.eu\/lv\/wp-json\/wp\/v2\/media\/87658"}],"wp:attachment":[{"href":"https:\/\/e.kosmolat.eu\/lv\/wp-json\/wp\/v2\/media?parent=41497"}],"wp:term":[{"taxonomy":"product_cat","embeddable":true,"href":"https:\/\/e.kosmolat.eu\/lv\/wp-json\/wp\/v2\/product_cat?post=41497"},{"taxonomy":"product_tag","embeddable":true,"href":"https:\/\/e.kosmolat.eu\/lv\/wp-json\/wp\/v2\/product_tag?post=41497"}],"curies":[{"name":"wp","href":"https:\/\/api.w.org\/{rel}","templated":true}]}}