{"id":41493,"date":"2023-12-23T03:05:58","date_gmt":"2023-12-23T03:05:58","guid":{"rendered":"https:\/\/e.kosmolat.eu\/product\/cosmeplant-vitam-krems-rokam-nagiem-un-kutikulam-ar-meza-ogu-ekstr-75-ml\/"},"modified":"2026-04-11T18:19:12","modified_gmt":"2026-04-11T18:19:12","slug":"cosmeplant-vitam-krems-rokam-nagiem-un-kutikulam-ar-meza-ogu-ekstr-75-ml","status":"publish","type":"product","link":"https:\/\/e.kosmolat.eu\/lv\/product\/cosmeplant-vitam-krems-rokam-nagiem-un-kutikulam-ar-meza-ogu-ekstr-75-ml\/","title":{"rendered":"Cosmeplant Vitam.kr\u0113ms rok\u0101m, nagiem un kutikul\u0101m ar me\u017ea ogu ekstr., 75 ml"},"content":{"rendered":"<p>Kompleksai roku kop\u0161anai. Nodro\u0161ina \u0101du un nagus ar vitam\u012bniem, m\u012bkstina kutikulas. <\/p>\n<p>Satur A vitam\u012bnu. L\u016bgums pirms lieto\u0161anas p\u0101rdom\u0101t savu dienas devu.<\/p>\n<p>Lieto\u0161ana: uzkl\u0101jiet kr\u0113mu uz t\u012bras sausas roku \u0101das, iemas\u0113jiet, l\u012bdz tas piln\u012bb\u0101 uzs\u016bcas. <\/p>\n<p>Uzglab\u0101t t\u00b0 no +5\u00b0\u0421 l\u012bdz +25\u00b0\u0421, sarg\u0101jot no tie\u0161iem saules stariem. <\/p>\n<p>Der\u012bguma termi\u0146\u0161: 30 m\u0113ne\u0161i.<\/p>\n","protected":false},"excerpt":{"rendered":"<p>Kompleksai roku kop\u0161anai. Nodro\u0161ina \u0101du un nagus ar vitam\u012bniem, m\u012bkstina kutikulas. Satur A vitam\u012bnu. L\u016bgums pirms lieto\u0161anas p\u0101rdom\u0101t savu dienas devu. Lieto\u0161ana: uzkl\u0101jiet kr\u0113mu uz t\u012bras sausas roku \u0101das, iemas\u0113jiet, l\u012bdz tas piln\u012bb\u0101 uzs\u016bcas. Uzglab\u0101t t\u00b0 no +5\u00b0\u0421 l\u012bdz +25\u00b0\u0421, sarg\u0101jot no tie\u0161iem saules stariem. Der\u012bguma termi\u0146\u0161: 30 m\u0113ne\u0161i.<\/p>\n","protected":false},"featured_media":87654,"template":"","meta":[],"product_cat":[1302],"product_tag":[],"class_list":{"0":"post-41493","1":"product","2":"type-product","3":"status-publish","4":"has-post-thumbnail","6":"product_brand-viorica-cosmeplant_bg","7":"product_cat-roku-kopsanas-kosmetika","9":"first","10":"outofstock","11":"taxable","12":"shipping-taxable","13":"product-type-simple"},"_links":{"self":[{"href":"https:\/\/e.kosmolat.eu\/lv\/wp-json\/wp\/v2\/product\/41493","targetHints":{"allow":["GET"]}}],"collection":[{"href":"https:\/\/e.kosmolat.eu\/lv\/wp-json\/wp\/v2\/product"}],"about":[{"href":"https:\/\/e.kosmolat.eu\/lv\/wp-json\/wp\/v2\/types\/product"}],"wp:featuredmedia":[{"embeddable":true,"href":"https:\/\/e.kosmolat.eu\/lv\/wp-json\/wp\/v2\/media\/87654"}],"wp:attachment":[{"href":"https:\/\/e.kosmolat.eu\/lv\/wp-json\/wp\/v2\/media?parent=41493"}],"wp:term":[{"taxonomy":"product_cat","embeddable":true,"href":"https:\/\/e.kosmolat.eu\/lv\/wp-json\/wp\/v2\/product_cat?post=41493"},{"taxonomy":"product_tag","embeddable":true,"href":"https:\/\/e.kosmolat.eu\/lv\/wp-json\/wp\/v2\/product_tag?post=41493"}],"curies":[{"name":"wp","href":"https:\/\/api.w.org\/{rel}","templated":true}]}}