{"id":41489,"date":"2023-12-23T03:05:41","date_gmt":"2023-12-23T03:05:41","guid":{"rendered":"https:\/\/e.kosmolat.eu\/product\/cosmeplant-mitrin-roku-krems-ar-gurka-ekstr-visiem-adas-tipiem-75-ml\/"},"modified":"2026-04-11T18:18:59","modified_gmt":"2026-04-11T18:18:59","slug":"cosmeplant-mitrin-roku-krems-ar-gurka-ekstr-visiem-adas-tipiem-75-ml","status":"publish","type":"product","link":"https:\/\/e.kosmolat.eu\/lv\/product\/cosmeplant-mitrin-roku-krems-ar-gurka-ekstr-visiem-adas-tipiem-75-ml\/","title":{"rendered":"Cosmeplant Mitrin.roku kr\u0113ms ar gur\u0137a ekstr.visiem \u0101das tipiem, 75 ml"},"content":{"rendered":"<p>Roku kop&scaron;anai ikdien\u0101. Nodro&scaron;ina intens\u012bvu mitrin\u0101&scaron;anu, toniz\u0113 \u0101du, padarot to samtainu uz ilgu laiku.&nbsp;<\/p>\n<p><strong>Lieto&scaron;ana:<\/strong> uzkl\u0101jiet kr\u0113mu uz t\u012bras sausas roku \u0101das, iemas\u0113jiet, l\u012bdz tas piln\u012bb\u0101 uzs\u016bcas.<\/p>\n<p>Uzglab\u0101t t&deg; no +5&deg;\u0421 l\u012bdz +25&deg;\u0421, sarg\u0101jot no tie&scaron;iem saules stariem.&nbsp;<\/p>\n<p><strong>Der\u012bguma termi\u0146&scaron;: <\/strong>30 m\u0113ne&scaron;i.<br \/>\n&nbsp;<\/p>\n","protected":false},"excerpt":{"rendered":"<p>Roku kop&scaron;anai ikdien\u0101. Nodro&scaron;ina intens\u012bvu mitrin\u0101&scaron;anu, toniz\u0113 \u0101du, padarot to samtainu uz ilgu laiku.&nbsp; Lieto&scaron;ana: uzkl\u0101jiet kr\u0113mu uz t\u012bras sausas roku \u0101das, iemas\u0113jiet, l\u012bdz tas piln\u012bb\u0101 uzs\u016bcas. Uzglab\u0101t t&deg; no +5&deg;\u0421 l\u012bdz +25&deg;\u0421, sarg\u0101jot no tie&scaron;iem saules stariem.&nbsp; Der\u012bguma termi\u0146&scaron;: 30 m\u0113ne&scaron;i. &nbsp;<\/p>\n","protected":false},"featured_media":87650,"template":"","meta":[],"product_cat":[1305],"product_tag":[],"class_list":{"0":"post-41489","1":"product","2":"type-product","3":"status-publish","4":"has-post-thumbnail","6":"product_brand-viorica-cosmeplant_bg","7":"product_cat-1305","9":"first","10":"outofstock","11":"taxable","12":"shipping-taxable","13":"product-type-simple"},"_links":{"self":[{"href":"https:\/\/e.kosmolat.eu\/lv\/wp-json\/wp\/v2\/product\/41489","targetHints":{"allow":["GET"]}}],"collection":[{"href":"https:\/\/e.kosmolat.eu\/lv\/wp-json\/wp\/v2\/product"}],"about":[{"href":"https:\/\/e.kosmolat.eu\/lv\/wp-json\/wp\/v2\/types\/product"}],"wp:featuredmedia":[{"embeddable":true,"href":"https:\/\/e.kosmolat.eu\/lv\/wp-json\/wp\/v2\/media\/87650"}],"wp:attachment":[{"href":"https:\/\/e.kosmolat.eu\/lv\/wp-json\/wp\/v2\/media?parent=41489"}],"wp:term":[{"taxonomy":"product_cat","embeddable":true,"href":"https:\/\/e.kosmolat.eu\/lv\/wp-json\/wp\/v2\/product_cat?post=41489"},{"taxonomy":"product_tag","embeddable":true,"href":"https:\/\/e.kosmolat.eu\/lv\/wp-json\/wp\/v2\/product_tag?post=41489"}],"curies":[{"name":"wp","href":"https:\/\/api.w.org\/{rel}","templated":true}]}}