{"id":41485,"date":"2023-12-23T03:05:16","date_gmt":"2023-12-23T03:05:16","guid":{"rendered":"https:\/\/e.kosmolat.eu\/product\/cosmeplant-balzams-boj-matiem-dubultais-keratins-ar-a-b5-e-vitam-200-ml\/"},"modified":"2026-04-11T18:18:33","modified_gmt":"2026-04-11T18:18:33","slug":"cosmeplant-balzams-boj-matiem-dubultais-keratins-ar-a-b5-e-vitam-200-ml","status":"publish","type":"product","link":"https:\/\/e.kosmolat.eu\/lv\/product\/cosmeplant-balzams-boj-matiem-dubultais-keratins-ar-a-b5-e-vitam-200-ml\/","title":{"rendered":"Cosmeplant Balzams boj.matiem Dubultais kerat\u012bns ar A, B5, E vitam., 200 ml"},"content":{"rendered":"<p>Dab\u012bgs l\u012bdzeklis ar 2 veidu kerat\u012bnu un organisko liepziedu ekstraktu. Acumirkl\u012b mitrina un baro, izl\u012bdzina matu stiebra strukt\u016bru, salipina \u0161\u0137eltos matu galus, atjauno matu dabisko sp\u0113ku un elast\u012bbu. Lokas k\u013c\u016bst sp\u012bd\u012bgas un koptas. <\/p>\n<p>Satur A vitam\u012bnu. L\u016bgums pirms lieto\u0161anas p\u0101rdom\u0101t savu dienas devu.<\/p>\n<p>Lieto\u0161ana: uzkl\u0101jiet balzamu uz t\u012briem mitriem matiem, \u012bpa\u0161u uzman\u012bbu piev\u0113r\u0161ot matu gali\u0146iem. P\u0113c 1-2 min\u016bt\u0113m r\u016bp\u012bgi noskalojiet ar \u016bdeni. <\/p>\n<p>Uzglab\u0101t t\u00b0 no +5\u00b0\u0421 l\u012bdz +25\u00b0\u0421, sarg\u0101jot no tie\u0161iem saules stariem. <\/p>\n<p>Der\u012bguma termi\u0146\u0161: 30 m\u0113ne\u0161i.<\/p>\n","protected":false},"excerpt":{"rendered":"<p>Dab\u012bgs l\u012bdzeklis ar 2 veidu kerat\u012bnu un organisko liepziedu ekstraktu. Acumirkl\u012b mitrina un baro, izl\u012bdzina matu stiebra strukt\u016bru, salipina \u0161\u0137eltos matu galus, atjauno matu dabisko sp\u0113ku un elast\u012bbu. Lokas k\u013c\u016bst sp\u012bd\u012bgas un koptas. Satur A vitam\u012bnu. L\u016bgums pirms lieto\u0161anas p\u0101rdom\u0101t savu dienas devu. Lieto\u0161ana: uzkl\u0101jiet balzamu uz t\u012briem mitriem matiem, \u012bpa\u0161u uzman\u012bbu piev\u0113r\u0161ot matu gali\u0146iem. [&#8230;]\n","protected":false},"featured_media":87642,"template":"","meta":[],"product_cat":[1640],"product_tag":[],"class_list":{"0":"post-41485","1":"product","2":"type-product","3":"status-publish","4":"has-post-thumbnail","6":"product_brand-viorica-cosmeplant_bg","7":"product_cat-balzamai","9":"first","10":"instock","11":"taxable","12":"shipping-taxable","13":"product-type-simple"},"_links":{"self":[{"href":"https:\/\/e.kosmolat.eu\/lv\/wp-json\/wp\/v2\/product\/41485","targetHints":{"allow":["GET"]}}],"collection":[{"href":"https:\/\/e.kosmolat.eu\/lv\/wp-json\/wp\/v2\/product"}],"about":[{"href":"https:\/\/e.kosmolat.eu\/lv\/wp-json\/wp\/v2\/types\/product"}],"wp:featuredmedia":[{"embeddable":true,"href":"https:\/\/e.kosmolat.eu\/lv\/wp-json\/wp\/v2\/media\/87642"}],"wp:attachment":[{"href":"https:\/\/e.kosmolat.eu\/lv\/wp-json\/wp\/v2\/media?parent=41485"}],"wp:term":[{"taxonomy":"product_cat","embeddable":true,"href":"https:\/\/e.kosmolat.eu\/lv\/wp-json\/wp\/v2\/product_cat?post=41485"},{"taxonomy":"product_tag","embeddable":true,"href":"https:\/\/e.kosmolat.eu\/lv\/wp-json\/wp\/v2\/product_tag?post=41485"}],"curies":[{"name":"wp","href":"https:\/\/api.w.org\/{rel}","templated":true}]}}