{"id":41481,"date":"2023-12-23T03:04:50","date_gmt":"2023-12-23T03:04:50","guid":{"rendered":"https:\/\/e.kosmolat.eu\/product\/cosmeplant-balzams-pret-matu-izkris-ar-natres-un-dizdadza-ekstr-un-ricinellu-200-ml\/"},"modified":"2026-04-23T09:30:58","modified_gmt":"2026-04-23T09:30:58","slug":"cosmeplant-balzams-pret-matu-izkris-ar-natres-un-dizdadza-ekstr-un-ricinellu-200-ml","status":"publish","type":"product","link":"https:\/\/e.kosmolat.eu\/lv\/product\/cosmeplant-balzams-pret-matu-izkris-ar-natres-un-dizdadza-ekstr-un-ricinellu-200-ml\/","title":{"rendered":"Cosmeplant Balzams pret matu izkri\u0161.ar n\u0101tres un di\u017edad\u017ea ekstr.un r\u012bcine\u013c\u013cu, 200 ml"},"content":{"rendered":"<p>Iek\u013c\u016bst dzi\u013ci matu strukt\u016br\u0101, atjauno un aizsarg\u0101 kutikulu, kondicion\u0113, t\u0101d\u0113j\u0101di mazinot matu izkri&scaron;anu \u0137emm\u0113&scaron;anas un ieveido&scaron;anas laik\u0101. Lokas k\u013c\u016bst sp\u0113c\u012bgas, sp\u012bd\u012bgas un paklaus\u012bgas.&nbsp;<\/p>\n<p><strong>Lieto&scaron;ana:<\/strong> uzkl\u0101jiet balzamu uz t\u012briem mitriem matiem, \u012bpa&scaron;u uzman\u012bbu piev\u0113r&scaron;ot matu gali\u0146iem. P\u0113c 1-2 min\u016bt\u0113m r\u016bp\u012bgi noskalojiet ar \u016bdeni.&nbsp;<\/p>\n<p>Uzglab\u0101t t&deg; no +5&deg;\u0421 l\u012bdz +25&deg;\u0421, sarg\u0101jot no tie&scaron;iem saules stariem.<\/p>\n<p><strong>Der\u012bguma termi\u0146&scaron;:<\/strong> 30 m\u0113ne&scaron;i.<br \/>\n&nbsp;<\/p>\n","protected":false},"excerpt":{"rendered":"<p>Iek\u013c\u016bst dzi\u013ci matu strukt\u016br\u0101, atjauno un aizsarg\u0101 kutikulu, kondicion\u0113, t\u0101d\u0113j\u0101di mazinot matu izkri&scaron;anu \u0137emm\u0113&scaron;anas un ieveido&scaron;anas laik\u0101. Lokas k\u013c\u016bst sp\u0113c\u012bgas, sp\u012bd\u012bgas un paklaus\u012bgas.&nbsp; Lieto&scaron;ana: uzkl\u0101jiet balzamu uz t\u012briem mitriem matiem, \u012bpa&scaron;u uzman\u012bbu piev\u0113r&scaron;ot matu gali\u0146iem. P\u0113c 1-2 min\u016bt\u0113m r\u016bp\u012bgi noskalojiet ar \u016bdeni.&nbsp; Uzglab\u0101t t&deg; no +5&deg;\u0421 l\u012bdz +25&deg;\u0421, sarg\u0101jot no tie&scaron;iem saules stariem. Der\u012bguma termi\u0146&scaron;: [&#8230;]\n","protected":false},"featured_media":87638,"template":"","meta":[],"product_cat":[1640],"product_tag":[],"class_list":{"0":"post-41481","1":"product","2":"type-product","3":"status-publish","4":"has-post-thumbnail","6":"product_brand-viorica-cosmeplant_bg","7":"product_cat-balzamai","9":"first","10":"instock","11":"taxable","12":"shipping-taxable","13":"product-type-simple"},"_links":{"self":[{"href":"https:\/\/e.kosmolat.eu\/lv\/wp-json\/wp\/v2\/product\/41481","targetHints":{"allow":["GET"]}}],"collection":[{"href":"https:\/\/e.kosmolat.eu\/lv\/wp-json\/wp\/v2\/product"}],"about":[{"href":"https:\/\/e.kosmolat.eu\/lv\/wp-json\/wp\/v2\/types\/product"}],"wp:featuredmedia":[{"embeddable":true,"href":"https:\/\/e.kosmolat.eu\/lv\/wp-json\/wp\/v2\/media\/87638"}],"wp:attachment":[{"href":"https:\/\/e.kosmolat.eu\/lv\/wp-json\/wp\/v2\/media?parent=41481"}],"wp:term":[{"taxonomy":"product_cat","embeddable":true,"href":"https:\/\/e.kosmolat.eu\/lv\/wp-json\/wp\/v2\/product_cat?post=41481"},{"taxonomy":"product_tag","embeddable":true,"href":"https:\/\/e.kosmolat.eu\/lv\/wp-json\/wp\/v2\/product_tag?post=41481"}],"curies":[{"name":"wp","href":"https:\/\/api.w.org\/{rel}","templated":true}]}}