{"id":41477,"date":"2023-12-23T03:04:25","date_gmt":"2023-12-23T03:04:25","guid":{"rendered":"https:\/\/e.kosmolat.eu\/product\/cosmeplant-baroj-matu-balzams-ar-klingerisu-ziedu-ekstr-un-smiltserksku-ellu-200-ml\/"},"modified":"2026-04-20T10:28:12","modified_gmt":"2026-04-20T10:28:12","slug":"cosmeplant-baroj-matu-balzams-ar-klingerisu-ziedu-ekstr-un-smiltserksku-ellu-200-ml","status":"publish","type":"product","link":"https:\/\/e.kosmolat.eu\/lv\/product\/cosmeplant-baroj-matu-balzams-ar-klingerisu-ziedu-ekstr-un-smiltserksku-ellu-200-ml\/","title":{"rendered":"Cosmeplant Baroj.matu balzams ar kli\u0146\u0123er\u012b\u0161u ziedu ekstr.un smilts\u0113rk\u0161\u0137u e\u013c\u013cu, 200 ml"},"content":{"rendered":"<p>Noplaku&scaron;u un nedz\u012bvu matu intens\u012bvai baro&scaron;anai. Pies\u0101tina ar v\u0113rt\u012bgiem vitam\u012bniem, izl\u012bdzina kutikulu, atjauno strukt\u016bras boj\u0101jumus un nov\u0113r&scaron; matu gali\u0146u sausumu. Lokas ieg\u016bst vesel\u012bgu izskatu, sp\u012bdumu un elast\u012bbu.&nbsp;<\/p>\n<p><strong>Lieto&scaron;ana: <\/strong>uzkl\u0101jiet uz t\u012briem mitriem matiem, \u012bpa&scaron;u uzman\u012bbu piev\u0113r&scaron;ot matu gali\u0146iem. P\u0113c 1-2 min\u016bt\u0113m r\u016bp\u012bgi noskalojiet ar \u016bdeni.&nbsp;<\/p>\n<p>Uzglab\u0101t t&deg; no +5&deg;\u0421 l\u012bdz +25&deg;\u0421, sarg\u0101jot no tie&scaron;iem saules stariem. &nbsp;<\/p>\n<p><strong>Der\u012bguma termi\u0146&scaron;:<\/strong> 30 m\u0113ne&scaron;i.<br \/>\n&nbsp;<\/p>\n","protected":false},"excerpt":{"rendered":"<p>Noplaku&scaron;u un nedz\u012bvu matu intens\u012bvai baro&scaron;anai. Pies\u0101tina ar v\u0113rt\u012bgiem vitam\u012bniem, izl\u012bdzina kutikulu, atjauno strukt\u016bras boj\u0101jumus un nov\u0113r&scaron; matu gali\u0146u sausumu. Lokas ieg\u016bst vesel\u012bgu izskatu, sp\u012bdumu un elast\u012bbu.&nbsp; Lieto&scaron;ana: uzkl\u0101jiet uz t\u012briem mitriem matiem, \u012bpa&scaron;u uzman\u012bbu piev\u0113r&scaron;ot matu gali\u0146iem. P\u0113c 1-2 min\u016bt\u0113m r\u016bp\u012bgi noskalojiet ar \u016bdeni.&nbsp; Uzglab\u0101t t&deg; no +5&deg;\u0421 l\u012bdz +25&deg;\u0421, sarg\u0101jot no tie&scaron;iem saules [&#8230;]\n","protected":false},"featured_media":87634,"template":"","meta":[],"product_cat":[1640],"product_tag":[],"class_list":{"0":"post-41477","1":"product","2":"type-product","3":"status-publish","4":"has-post-thumbnail","6":"product_brand-viorica-cosmeplant_bg","7":"product_cat-balzamai","9":"first","10":"instock","11":"taxable","12":"shipping-taxable","13":"product-type-simple"},"_links":{"self":[{"href":"https:\/\/e.kosmolat.eu\/lv\/wp-json\/wp\/v2\/product\/41477","targetHints":{"allow":["GET"]}}],"collection":[{"href":"https:\/\/e.kosmolat.eu\/lv\/wp-json\/wp\/v2\/product"}],"about":[{"href":"https:\/\/e.kosmolat.eu\/lv\/wp-json\/wp\/v2\/types\/product"}],"wp:featuredmedia":[{"embeddable":true,"href":"https:\/\/e.kosmolat.eu\/lv\/wp-json\/wp\/v2\/media\/87634"}],"wp:attachment":[{"href":"https:\/\/e.kosmolat.eu\/lv\/wp-json\/wp\/v2\/media?parent=41477"}],"wp:term":[{"taxonomy":"product_cat","embeddable":true,"href":"https:\/\/e.kosmolat.eu\/lv\/wp-json\/wp\/v2\/product_cat?post=41477"},{"taxonomy":"product_tag","embeddable":true,"href":"https:\/\/e.kosmolat.eu\/lv\/wp-json\/wp\/v2\/product_tag?post=41477"}],"curies":[{"name":"wp","href":"https:\/\/api.w.org\/{rel}","templated":true}]}}