{"id":41473,"date":"2023-12-23T03:04:04","date_gmt":"2023-12-23T03:04:04","guid":{"rendered":"https:\/\/e.kosmolat.eu\/product\/cosmeplant-samp-boj-matiem-dubultais-keratins-ar-a-b5-e-vitam-400-ml\/"},"modified":"2026-04-11T18:17:51","modified_gmt":"2026-04-11T18:17:51","slug":"cosmeplant-samp-boj-matiem-dubultais-keratins-ar-a-b5-e-vitam-400-ml","status":"publish","type":"product","link":"https:\/\/e.kosmolat.eu\/lv\/product\/cosmeplant-samp-boj-matiem-dubultais-keratins-ar-a-b5-e-vitam-400-ml\/","title":{"rendered":"Cosmeplant \u0160amp.boj.matiem Dubultais kerat\u012bns ar A, B5, E vitam., 400 ml"},"content":{"rendered":"<p>R\u016bp\u012bgi att\u012bra, aizpilda matu stiebru tuk&scaron;umus, padarot tos elast\u012bg\u0101kus, mazina matu galu &scaron;\u0137el&scaron;anos. Nodro&scaron;ina matu bl\u012bvumu, mazina statisk\u0101s elektr\u012bbas ra&scaron;anos.&nbsp;<\/p>\n<p><strong>Lieto&scaron;ana:<\/strong> uzkl\u0101jiet &scaron;amp\u016bnu uz mitriem matiem, saputojiet un iemas\u0113jiet. R\u016bp\u012bgi noskalojiet ar siltu \u016bdeni. Ja nepiecie&scaron;ams, atk\u0101rtojiet. Piem\u0113rots bie\u017eai lieto&scaron;anai.&nbsp;<\/p>\n<p>Uzglab\u0101t t&deg; no +5&deg;\u0421 l\u012bdz +25&deg;\u0421, sarg\u0101jot no tie&scaron;iem saules stariem.<\/p>\n<p><strong>Der\u012bguma termi\u0146&scaron;:<\/strong> 30 m\u0113ne&scaron;i.<br \/>\n&nbsp;<\/p>\n","protected":false},"excerpt":{"rendered":"<p>R\u016bp\u012bgi att\u012bra, aizpilda matu stiebru tuk&scaron;umus, padarot tos elast\u012bg\u0101kus, mazina matu galu &scaron;\u0137el&scaron;anos. Nodro&scaron;ina matu bl\u012bvumu, mazina statisk\u0101s elektr\u012bbas ra&scaron;anos.&nbsp; Lieto&scaron;ana: uzkl\u0101jiet &scaron;amp\u016bnu uz mitriem matiem, saputojiet un iemas\u0113jiet. R\u016bp\u012bgi noskalojiet ar siltu \u016bdeni. Ja nepiecie&scaron;ams, atk\u0101rtojiet. Piem\u0113rots bie\u017eai lieto&scaron;anai.&nbsp; Uzglab\u0101t t&deg; no +5&deg;\u0421 l\u012bdz +25&deg;\u0421, sarg\u0101jot no tie&scaron;iem saules stariem. Der\u012bguma termi\u0146&scaron;: 30 m\u0113ne&scaron;i. [&#8230;]\n","protected":false},"featured_media":87630,"template":"","meta":[],"product_cat":[1248],"product_tag":[],"class_list":{"0":"post-41473","1":"product","2":"type-product","3":"status-publish","4":"has-post-thumbnail","6":"product_brand-viorica-cosmeplant_bg","7":"product_cat-sampuni","9":"first","10":"instock","11":"taxable","12":"shipping-taxable","13":"product-type-simple"},"_links":{"self":[{"href":"https:\/\/e.kosmolat.eu\/lv\/wp-json\/wp\/v2\/product\/41473","targetHints":{"allow":["GET"]}}],"collection":[{"href":"https:\/\/e.kosmolat.eu\/lv\/wp-json\/wp\/v2\/product"}],"about":[{"href":"https:\/\/e.kosmolat.eu\/lv\/wp-json\/wp\/v2\/types\/product"}],"wp:featuredmedia":[{"embeddable":true,"href":"https:\/\/e.kosmolat.eu\/lv\/wp-json\/wp\/v2\/media\/87630"}],"wp:attachment":[{"href":"https:\/\/e.kosmolat.eu\/lv\/wp-json\/wp\/v2\/media?parent=41473"}],"wp:term":[{"taxonomy":"product_cat","embeddable":true,"href":"https:\/\/e.kosmolat.eu\/lv\/wp-json\/wp\/v2\/product_cat?post=41473"},{"taxonomy":"product_tag","embeddable":true,"href":"https:\/\/e.kosmolat.eu\/lv\/wp-json\/wp\/v2\/product_tag?post=41473"}],"curies":[{"name":"wp","href":"https:\/\/api.w.org\/{rel}","templated":true}]}}