{"id":41465,"date":"2023-12-23T03:03:18","date_gmt":"2023-12-23T03:03:18","guid":{"rendered":"https:\/\/e.kosmolat.eu\/product\/cosmeplant-normaliz-micel-samp-ar-melisas-un-upenes-lapu-ekstr-400-ml\/"},"modified":"2026-04-21T09:14:49","modified_gmt":"2026-04-21T09:14:49","slug":"cosmeplant-normaliz-micel-samp-ar-melisas-un-upenes-lapu-ekstr-400-ml","status":"publish","type":"product","link":"https:\/\/e.kosmolat.eu\/lv\/product\/cosmeplant-normaliz-micel-samp-ar-melisas-un-upenes-lapu-ekstr-400-ml\/","title":{"rendered":"Cosmeplant Normaliz.micel.\u0161amp.ar melisas un upenes lapu ekstr., 400 ml"},"content":{"rendered":"<p>Taukainiem matiem. Dzi\u013ci att\u012bra, nomierina galvas \u0101du, normaliz\u0113 t\u0101s mikrofloru, regul\u0113 tauku dziedzeru darb\u012bbu. Atsvaidzina matus un atjauno matu galu dabisko mitrumu. Lokas izskat\u0101s labi koptas un vesel\u012bgas.&nbsp;<\/p>\n<p><strong>Lieto&scaron;ana: <\/strong>uzkl\u0101jiet &scaron;amp\u016bnu uz mitriem matiem, saputojiet un iemas\u0113jiet. R\u016bp\u012bgi noskalojiet ar siltu \u016bdeni. Ja nepiecie&scaron;ams, atk\u0101rtojiet. Piem\u0113rots bie\u017eai lieto&scaron;anai.&nbsp;<\/p>\n<p>Uzglab\u0101t t&deg; no +5&deg;\u0421 l\u012bdz +25&deg;\u0421, sarg\u0101jot no tie&scaron;iem saules stariem. &nbsp;<\/p>\n<p><strong>Der\u012bguma termi\u0146&scaron;: <\/strong>36 m\u0113ne&scaron;i.&nbsp;<br \/>\n&nbsp;<\/p>\n","protected":false},"excerpt":{"rendered":"<p>Taukainiem matiem. Dzi\u013ci att\u012bra, nomierina galvas \u0101du, normaliz\u0113 t\u0101s mikrofloru, regul\u0113 tauku dziedzeru darb\u012bbu. Atsvaidzina matus un atjauno matu galu dabisko mitrumu. Lokas izskat\u0101s labi koptas un vesel\u012bgas.&nbsp; Lieto&scaron;ana: uzkl\u0101jiet &scaron;amp\u016bnu uz mitriem matiem, saputojiet un iemas\u0113jiet. R\u016bp\u012bgi noskalojiet ar siltu \u016bdeni. Ja nepiecie&scaron;ams, atk\u0101rtojiet. Piem\u0113rots bie\u017eai lieto&scaron;anai.&nbsp; Uzglab\u0101t t&deg; no +5&deg;\u0421 l\u012bdz +25&deg;\u0421, sarg\u0101jot [&#8230;]\n","protected":false},"featured_media":87622,"template":"","meta":[],"product_cat":[2181],"product_tag":[],"class_list":{"0":"post-41465","1":"product","2":"type-product","3":"status-publish","4":"has-post-thumbnail","6":"product_brand-viorica-cosmeplant_bg","7":"product_cat-bez-kategorijas-lt","9":"first","10":"instock","11":"taxable","12":"shipping-taxable","13":"product-type-simple"},"_links":{"self":[{"href":"https:\/\/e.kosmolat.eu\/lv\/wp-json\/wp\/v2\/product\/41465","targetHints":{"allow":["GET"]}}],"collection":[{"href":"https:\/\/e.kosmolat.eu\/lv\/wp-json\/wp\/v2\/product"}],"about":[{"href":"https:\/\/e.kosmolat.eu\/lv\/wp-json\/wp\/v2\/types\/product"}],"wp:featuredmedia":[{"embeddable":true,"href":"https:\/\/e.kosmolat.eu\/lv\/wp-json\/wp\/v2\/media\/87622"}],"wp:attachment":[{"href":"https:\/\/e.kosmolat.eu\/lv\/wp-json\/wp\/v2\/media?parent=41465"}],"wp:term":[{"taxonomy":"product_cat","embeddable":true,"href":"https:\/\/e.kosmolat.eu\/lv\/wp-json\/wp\/v2\/product_cat?post=41465"},{"taxonomy":"product_tag","embeddable":true,"href":"https:\/\/e.kosmolat.eu\/lv\/wp-json\/wp\/v2\/product_tag?post=41465"}],"curies":[{"name":"wp","href":"https:\/\/api.w.org\/{rel}","templated":true}]}}