{"id":41461,"date":"2023-12-23T03:02:55","date_gmt":"2023-12-23T03:02:55","guid":{"rendered":"https:\/\/e.kosmolat.eu\/product\/cosmeplant-samp-apjoms-un-stiprums-ar-rozmarina-un-ehinacijas-ekstr-400-ml\/"},"modified":"2026-04-20T10:27:45","modified_gmt":"2026-04-20T10:27:45","slug":"cosmeplant-samp-apjoms-un-stiprums-ar-rozmarina-un-ehinacijas-ekstr-400-ml","status":"publish","type":"product","link":"https:\/\/e.kosmolat.eu\/lv\/product\/cosmeplant-samp-apjoms-un-stiprums-ar-rozmarina-un-ehinacijas-ekstr-400-ml\/","title":{"rendered":"Cosmeplant \u0160amp.Apjoms un stiprums ar rozmar\u012bna un ehin\u0101cijas ekstr., 400 ml."},"content":{"rendered":"<p>Pl\u0101niem, boj\u0101tiem matiem. &Scaron;amp\u016bna sast\u0101vda\u013cas r\u016bp\u012bgi att\u012bra, nostiprina matu strukt\u016bru, atjaunojot vitalit\u0101ti un pie&scaron;\u0137irot sp\u0113ku, kr\u0101&scaron;\u0146umu un elast\u012bbu. Saglab\u0101 matu jaun\u012bbu un nov\u0113r&scaron; izkri&scaron;anu.<\/p>\n<p><strong>Lieto&scaron;ana: <\/strong>uzkl\u0101jiet &scaron;amp\u016bnu uz mitriem matiem, saputojiet un iemas\u0113jiet. R\u016bp\u012bgi noskalojiet ar siltu \u016bdeni. Ja nepiecie&scaron;ams, atk\u0101rtojiet. Piem\u0113rots bie\u017eai lieto&scaron;anai.&nbsp;<\/p>\n<p>Uzglab\u0101t t&deg; no +5&deg;\u0421 l\u012bdz +25&deg;\u0421, sarg\u0101jot no tie&scaron;iem saules stariem.&nbsp;<\/p>\n<p><strong>Der\u012bguma termi\u0146&scaron;:<\/strong> 36 m\u0113ne&scaron;i.<br \/>\n&nbsp;<\/p>\n","protected":false},"excerpt":{"rendered":"<p>Pl\u0101niem, boj\u0101tiem matiem. &Scaron;amp\u016bna sast\u0101vda\u013cas r\u016bp\u012bgi att\u012bra, nostiprina matu strukt\u016bru, atjaunojot vitalit\u0101ti un pie&scaron;\u0137irot sp\u0113ku, kr\u0101&scaron;\u0146umu un elast\u012bbu. Saglab\u0101 matu jaun\u012bbu un nov\u0113r&scaron; izkri&scaron;anu. Lieto&scaron;ana: uzkl\u0101jiet &scaron;amp\u016bnu uz mitriem matiem, saputojiet un iemas\u0113jiet. R\u016bp\u012bgi noskalojiet ar siltu \u016bdeni. Ja nepiecie&scaron;ams, atk\u0101rtojiet. Piem\u0113rots bie\u017eai lieto&scaron;anai.&nbsp; Uzglab\u0101t t&deg; no +5&deg;\u0421 l\u012bdz +25&deg;\u0421, sarg\u0101jot no tie&scaron;iem saules stariem.&nbsp; [&#8230;]\n","protected":false},"featured_media":87618,"template":"","meta":[],"product_cat":[1248],"product_tag":[],"class_list":{"0":"post-41461","1":"product","2":"type-product","3":"status-publish","4":"has-post-thumbnail","6":"product_brand-viorica-cosmeplant_bg","7":"product_cat-sampuni","9":"first","10":"instock","11":"taxable","12":"shipping-taxable","13":"product-type-simple"},"_links":{"self":[{"href":"https:\/\/e.kosmolat.eu\/lv\/wp-json\/wp\/v2\/product\/41461","targetHints":{"allow":["GET"]}}],"collection":[{"href":"https:\/\/e.kosmolat.eu\/lv\/wp-json\/wp\/v2\/product"}],"about":[{"href":"https:\/\/e.kosmolat.eu\/lv\/wp-json\/wp\/v2\/types\/product"}],"wp:featuredmedia":[{"embeddable":true,"href":"https:\/\/e.kosmolat.eu\/lv\/wp-json\/wp\/v2\/media\/87618"}],"wp:attachment":[{"href":"https:\/\/e.kosmolat.eu\/lv\/wp-json\/wp\/v2\/media?parent=41461"}],"wp:term":[{"taxonomy":"product_cat","embeddable":true,"href":"https:\/\/e.kosmolat.eu\/lv\/wp-json\/wp\/v2\/product_cat?post=41461"},{"taxonomy":"product_tag","embeddable":true,"href":"https:\/\/e.kosmolat.eu\/lv\/wp-json\/wp\/v2\/product_tag?post=41461"}],"curies":[{"name":"wp","href":"https:\/\/api.w.org\/{rel}","templated":true}]}}