{"id":41449,"date":"2023-12-23T03:01:41","date_gmt":"2023-12-23T03:01:41","guid":{"rendered":"https:\/\/e.kosmolat.eu\/product\/cosmeplant-samp-pret-matu-izkris-ar-natres-ricinellas-ekstr-vis-matu-tip-400-ml\/"},"modified":"2026-04-21T11:56:31","modified_gmt":"2026-04-21T11:56:31","slug":"cosmeplant-samp-pret-matu-izkris-ar-natres-ricinellas-ekstr-vis-matu-tip-400-ml","status":"publish","type":"product","link":"https:\/\/e.kosmolat.eu\/lv\/product\/cosmeplant-samp-pret-matu-izkris-ar-natres-ricinellas-ekstr-vis-matu-tip-400-ml\/","title":{"rendered":"Cosmeplant \u0160amp.pret matu izkri\u0161.ar n\u0101tres, r\u012bcine\u013c\u013cas ekstr. vis.matu tip., 400 ml"},"content":{"rendered":"<p>&Scaron;amp\u016bna sast\u0101vda\u013cas r\u016bp\u012bgi att\u012bra, stiprina nov\u0101jin\u0101tus matu s\u012bpoli\u0146us, stimul\u0113 jaunu matu aug&scaron;anu. Efekt\u012bvi iedarbojas uz galvas \u0101du un lok\u0101m, pie&scaron;\u0137irot sp\u0113ku, apjomu un vesel\u012bgu izskatu.<\/p>\n<p><strong>Lieto&scaron;ana:<\/strong> uzkl\u0101jiet &scaron;amp\u016bnu uz mitriem matiem, saputojiet un iemas\u0113jiet. R\u016bp\u012bgi noskalojiet ar siltu \u016bdeni. Ja nepiecie&scaron;ams, atk\u0101rtojiet. Piem\u0113rots bie\u017eai lieto&scaron;anai.&nbsp;<\/p>\n<p>Uzglab\u0101t t&deg; no +5&deg;\u0421 l\u012bdz +25&deg;\u0421, sarg\u0101jot no tie&scaron;iem saules stariem. &nbsp;<\/p>\n<p><strong>Der\u012bguma termi\u0146&scaron;: <\/strong>36 m\u0113ne&scaron;i.<br \/>\n&nbsp;<\/p>\n","protected":false},"excerpt":{"rendered":"<p>&Scaron;amp\u016bna sast\u0101vda\u013cas r\u016bp\u012bgi att\u012bra, stiprina nov\u0101jin\u0101tus matu s\u012bpoli\u0146us, stimul\u0113 jaunu matu aug&scaron;anu. Efekt\u012bvi iedarbojas uz galvas \u0101du un lok\u0101m, pie&scaron;\u0137irot sp\u0113ku, apjomu un vesel\u012bgu izskatu. Lieto&scaron;ana: uzkl\u0101jiet &scaron;amp\u016bnu uz mitriem matiem, saputojiet un iemas\u0113jiet. R\u016bp\u012bgi noskalojiet ar siltu \u016bdeni. Ja nepiecie&scaron;ams, atk\u0101rtojiet. Piem\u0113rots bie\u017eai lieto&scaron;anai.&nbsp; Uzglab\u0101t t&deg; no +5&deg;\u0421 l\u012bdz +25&deg;\u0421, sarg\u0101jot no tie&scaron;iem saules [&#8230;]\n","protected":false},"featured_media":87606,"template":"","meta":[],"product_cat":[1248],"product_tag":[],"class_list":{"0":"post-41449","1":"product","2":"type-product","3":"status-publish","4":"has-post-thumbnail","6":"product_brand-viorica-cosmeplant_bg","7":"product_cat-sampuni","9":"first","10":"instock","11":"taxable","12":"shipping-taxable","13":"product-type-simple"},"_links":{"self":[{"href":"https:\/\/e.kosmolat.eu\/lv\/wp-json\/wp\/v2\/product\/41449","targetHints":{"allow":["GET"]}}],"collection":[{"href":"https:\/\/e.kosmolat.eu\/lv\/wp-json\/wp\/v2\/product"}],"about":[{"href":"https:\/\/e.kosmolat.eu\/lv\/wp-json\/wp\/v2\/types\/product"}],"wp:featuredmedia":[{"embeddable":true,"href":"https:\/\/e.kosmolat.eu\/lv\/wp-json\/wp\/v2\/media\/87606"}],"wp:attachment":[{"href":"https:\/\/e.kosmolat.eu\/lv\/wp-json\/wp\/v2\/media?parent=41449"}],"wp:term":[{"taxonomy":"product_cat","embeddable":true,"href":"https:\/\/e.kosmolat.eu\/lv\/wp-json\/wp\/v2\/product_cat?post=41449"},{"taxonomy":"product_tag","embeddable":true,"href":"https:\/\/e.kosmolat.eu\/lv\/wp-json\/wp\/v2\/product_tag?post=41449"}],"curies":[{"name":"wp","href":"https:\/\/api.w.org\/{rel}","templated":true}]}}