{"id":41445,"date":"2023-12-23T03:01:16","date_gmt":"2023-12-23T03:01:16","guid":{"rendered":"https:\/\/e.kosmolat.eu\/product\/cosmeplant-samp-gludums-un-spidums-ar-apina-ekstr-un-kviesu-prot-400-ml\/"},"modified":"2026-04-11T18:16:48","modified_gmt":"2026-04-11T18:16:48","slug":"cosmeplant-samp-gludums-un-spidums-ar-apina-ekstr-un-kviesu-prot-400-ml","status":"publish","type":"product","link":"https:\/\/e.kosmolat.eu\/lv\/product\/cosmeplant-samp-gludums-un-spidums-ar-apina-ekstr-un-kviesu-prot-400-ml\/","title":{"rendered":"Cosmeplant \u0160amp.Gludums un sp\u012bdums ar api\u0146a ekstr.un kvie\u0161u prot., 400 ml"},"content":{"rendered":"<p>Bl\u0101viem un nepaklaus\u012bgiem matiem. &Scaron;amp\u016bna sast\u0101vda\u013cas r\u016bp\u012bgi att\u012bra, pie&scaron;\u0137ir matiem ener\u0123iju, izl\u012bdzina, padarot tos paklaus\u012bg\u0101kus un koptus, k\u0101 ar\u012b nov\u0113r&scaron; matu gali\u0146u &scaron;\u0137el&scaron;anos. Lokas k\u013c\u016bst z\u012bdainas, elast\u012bgas un pl\u016bsto&scaron;as.&nbsp;<\/p>\n<p><strong>Lieto&scaron;ana:<\/strong> uzkl\u0101jiet &scaron;amp\u016bnu uz mitriem matiem, saputojiet un iemas\u0113jiet. R\u016bp\u012bgi noskalojiet ar siltu \u016bdeni. Ja nepiecie&scaron;ams, atk\u0101rtojiet. Piem\u0113rots bie\u017eai lieto&scaron;anai.&nbsp;<\/p>\n<p>Uzglab\u0101t t&deg; no +5&deg;\u0421 l\u012bdz +25&deg;\u0421, sarg\u0101jot no tie&scaron;iem saules stariem. &nbsp;<\/p>\n<p><strong>Der\u012bguma termi\u0146&scaron;: <\/strong>30 m\u0113ne&scaron;i.<br \/>\n&nbsp;<\/p>\n","protected":false},"excerpt":{"rendered":"<p>Bl\u0101viem un nepaklaus\u012bgiem matiem. &Scaron;amp\u016bna sast\u0101vda\u013cas r\u016bp\u012bgi att\u012bra, pie&scaron;\u0137ir matiem ener\u0123iju, izl\u012bdzina, padarot tos paklaus\u012bg\u0101kus un koptus, k\u0101 ar\u012b nov\u0113r&scaron; matu gali\u0146u &scaron;\u0137el&scaron;anos. Lokas k\u013c\u016bst z\u012bdainas, elast\u012bgas un pl\u016bsto&scaron;as.&nbsp; Lieto&scaron;ana: uzkl\u0101jiet &scaron;amp\u016bnu uz mitriem matiem, saputojiet un iemas\u0113jiet. R\u016bp\u012bgi noskalojiet ar siltu \u016bdeni. Ja nepiecie&scaron;ams, atk\u0101rtojiet. Piem\u0113rots bie\u017eai lieto&scaron;anai.&nbsp; Uzglab\u0101t t&deg; no +5&deg;\u0421 l\u012bdz +25&deg;\u0421, [&#8230;]\n","protected":false},"featured_media":87602,"template":"","meta":[],"product_cat":[1251],"product_tag":[],"class_list":{"0":"post-41445","1":"product","2":"type-product","3":"status-publish","4":"has-post-thumbnail","6":"product_brand-viorica-cosmeplant_bg","7":"product_cat-sampunai","9":"first","10":"instock","11":"taxable","12":"shipping-taxable","13":"product-type-simple"},"_links":{"self":[{"href":"https:\/\/e.kosmolat.eu\/lv\/wp-json\/wp\/v2\/product\/41445","targetHints":{"allow":["GET"]}}],"collection":[{"href":"https:\/\/e.kosmolat.eu\/lv\/wp-json\/wp\/v2\/product"}],"about":[{"href":"https:\/\/e.kosmolat.eu\/lv\/wp-json\/wp\/v2\/types\/product"}],"wp:featuredmedia":[{"embeddable":true,"href":"https:\/\/e.kosmolat.eu\/lv\/wp-json\/wp\/v2\/media\/87602"}],"wp:attachment":[{"href":"https:\/\/e.kosmolat.eu\/lv\/wp-json\/wp\/v2\/media?parent=41445"}],"wp:term":[{"taxonomy":"product_cat","embeddable":true,"href":"https:\/\/e.kosmolat.eu\/lv\/wp-json\/wp\/v2\/product_cat?post=41445"},{"taxonomy":"product_tag","embeddable":true,"href":"https:\/\/e.kosmolat.eu\/lv\/wp-json\/wp\/v2\/product_tag?post=41445"}],"curies":[{"name":"wp","href":"https:\/\/api.w.org\/{rel}","templated":true}]}}