{"id":41441,"date":"2023-12-23T03:00:55","date_gmt":"2023-12-23T03:00:55","guid":{"rendered":"https:\/\/e.kosmolat.eu\/product\/cosmeplant-stiprin-samp-ar-dizdadza-valrieksta-lapu-ekstr-vis-matu-tip-400-ml\/"},"modified":"2026-04-20T10:27:18","modified_gmt":"2026-04-20T10:27:18","slug":"cosmeplant-stiprin-samp-ar-dizdadza-valrieksta-lapu-ekstr-vis-matu-tip-400-ml","status":"publish","type":"product","link":"https:\/\/e.kosmolat.eu\/lv\/product\/cosmeplant-stiprin-samp-ar-dizdadza-valrieksta-lapu-ekstr-vis-matu-tip-400-ml\/","title":{"rendered":"Cosmeplant Stiprin.\u0161amp.ar di\u017edad\u017ea, valrieksta lapu ekstr.vis.matu tip., 400 ml"},"content":{"rendered":"<p>&Scaron;amp\u016bna sast\u0101vda\u013cas r\u016bp\u012bgi att\u012bra, stiprina saknes, t\u0101d\u0113j\u0101di pal\u0113ninot matu nov\u0101j\u0113&scaron;anu un izkri&scaron;anu, atjauno boj\u0101t\u0101s cirtas vis\u0101 to garum\u0101. Mati k\u013c\u016bst stipr\u0101ki, apjom\u012bg\u0101ki un elast\u012bg\u0101ki.&nbsp;<\/p>\n<p><strong>Lieto&scaron;ana:<\/strong> uzkl\u0101jiet &scaron;amp\u016bnu uz mitriem matiem, saputojiet un iemas\u0113jiet. R\u016bp\u012bgi noskalojiet ar siltu \u016bdeni. Ja nepiecie&scaron;ams, atk\u0101rtojiet. Piem\u0113rots bie\u017eai lieto&scaron;anai.&nbsp;<\/p>\n<p>Uzglab\u0101t t&deg; no +5&deg;\u0421 l\u012bdz +25&deg;\u0421, sarg\u0101jot no tie&scaron;iem saules stariem. &nbsp;<\/p>\n<p><strong>Der\u012bguma termi\u0146&scaron;: <\/strong>36 m\u0113ne&scaron;i.<br \/>\n&nbsp;<\/p>\n","protected":false},"excerpt":{"rendered":"<p>&Scaron;amp\u016bna sast\u0101vda\u013cas r\u016bp\u012bgi att\u012bra, stiprina saknes, t\u0101d\u0113j\u0101di pal\u0113ninot matu nov\u0101j\u0113&scaron;anu un izkri&scaron;anu, atjauno boj\u0101t\u0101s cirtas vis\u0101 to garum\u0101. Mati k\u013c\u016bst stipr\u0101ki, apjom\u012bg\u0101ki un elast\u012bg\u0101ki.&nbsp; Lieto&scaron;ana: uzkl\u0101jiet &scaron;amp\u016bnu uz mitriem matiem, saputojiet un iemas\u0113jiet. R\u016bp\u012bgi noskalojiet ar siltu \u016bdeni. Ja nepiecie&scaron;ams, atk\u0101rtojiet. Piem\u0113rots bie\u017eai lieto&scaron;anai.&nbsp; Uzglab\u0101t t&deg; no +5&deg;\u0421 l\u012bdz +25&deg;\u0421, sarg\u0101jot no tie&scaron;iem saules stariem. [&#8230;]\n","protected":false},"featured_media":87598,"template":"","meta":[],"product_cat":[1248],"product_tag":[],"class_list":{"0":"post-41441","1":"product","2":"type-product","3":"status-publish","4":"has-post-thumbnail","6":"product_brand-viorica-cosmeplant_bg","7":"product_cat-sampuni","9":"first","10":"instock","11":"taxable","12":"shipping-taxable","13":"product-type-simple"},"_links":{"self":[{"href":"https:\/\/e.kosmolat.eu\/lv\/wp-json\/wp\/v2\/product\/41441","targetHints":{"allow":["GET"]}}],"collection":[{"href":"https:\/\/e.kosmolat.eu\/lv\/wp-json\/wp\/v2\/product"}],"about":[{"href":"https:\/\/e.kosmolat.eu\/lv\/wp-json\/wp\/v2\/types\/product"}],"wp:featuredmedia":[{"embeddable":true,"href":"https:\/\/e.kosmolat.eu\/lv\/wp-json\/wp\/v2\/media\/87598"}],"wp:attachment":[{"href":"https:\/\/e.kosmolat.eu\/lv\/wp-json\/wp\/v2\/media?parent=41441"}],"wp:term":[{"taxonomy":"product_cat","embeddable":true,"href":"https:\/\/e.kosmolat.eu\/lv\/wp-json\/wp\/v2\/product_cat?post=41441"},{"taxonomy":"product_tag","embeddable":true,"href":"https:\/\/e.kosmolat.eu\/lv\/wp-json\/wp\/v2\/product_tag?post=41441"}],"curies":[{"name":"wp","href":"https:\/\/api.w.org\/{rel}","templated":true}]}}