{"id":41437,"date":"2023-12-23T03:00:32","date_gmt":"2023-12-23T03:00:32","guid":{"rendered":"https:\/\/e.kosmolat.eu\/product\/cosmeplant-mitrin-losjons-toniks-ar-gurka-ekstr-200-ml\/"},"modified":"2026-04-20T12:26:51","modified_gmt":"2026-04-20T12:26:51","slug":"cosmeplant-mitrin-losjons-toniks-ar-gurka-ekstr-200-ml","status":"publish","type":"product","link":"https:\/\/e.kosmolat.eu\/lv\/product\/cosmeplant-mitrin-losjons-toniks-ar-gurka-ekstr-200-ml\/","title":{"rendered":"Cosmeplant Mitrin.losjons-toniks ar gur\u0137a ekstr., 200 ml."},"content":{"rendered":"<p>Intens\u012bvi mitrina, atsvaidzina, nov\u0113r&scaron; lob\u012b&scaron;anos un sagatavo sejas \u0101du kr\u0113ma uzkl\u0101&scaron;anai.&nbsp;<\/p>\n<p><strong>Lieto&scaron;ana:<\/strong> uzkl\u0101jiet uz vates diska un maigi not\u012briet sejas \u0101du, izvairoties no \u0101das ap ac\u012bm un l\u016bp\u0101m.<\/p>\n<p>Uzglab\u0101t t&deg; no +5 &deg;\u0421 l\u012bdz +25 &deg;\u0421, sarg\u0101jot no tie&scaron;iem saules stariem.&nbsp;<\/p>\n<p><strong>Der\u012bguma termi\u0146&scaron;: <\/strong>36 m\u0113ne&scaron;i.&nbsp;<br \/>\n&nbsp;<\/p>\n","protected":false},"excerpt":{"rendered":"<p>Intens\u012bvi mitrina, atsvaidzina, nov\u0113r&scaron; lob\u012b&scaron;anos un sagatavo sejas \u0101du kr\u0113ma uzkl\u0101&scaron;anai.&nbsp; Lieto&scaron;ana: uzkl\u0101jiet uz vates diska un maigi not\u012briet sejas \u0101du, izvairoties no \u0101das ap ac\u012bm un l\u016bp\u0101m. Uzglab\u0101t t&deg; no +5 &deg;\u0421 l\u012bdz +25 &deg;\u0421, sarg\u0101jot no tie&scaron;iem saules stariem.&nbsp; Der\u012bguma termi\u0146&scaron;: 36 m\u0113ne&scaron;i.&nbsp; &nbsp;<\/p>\n","protected":false},"featured_media":87594,"template":"","meta":[],"product_cat":[1578],"product_tag":[],"class_list":{"0":"post-41437","1":"product","2":"type-product","3":"status-publish","4":"has-post-thumbnail","6":"product_brand-viorica-cosmeplant_bg","7":"product_cat-losjoni-un-toniki","9":"first","10":"instock","11":"taxable","12":"shipping-taxable","13":"product-type-simple"},"_links":{"self":[{"href":"https:\/\/e.kosmolat.eu\/lv\/wp-json\/wp\/v2\/product\/41437","targetHints":{"allow":["GET"]}}],"collection":[{"href":"https:\/\/e.kosmolat.eu\/lv\/wp-json\/wp\/v2\/product"}],"about":[{"href":"https:\/\/e.kosmolat.eu\/lv\/wp-json\/wp\/v2\/types\/product"}],"wp:featuredmedia":[{"embeddable":true,"href":"https:\/\/e.kosmolat.eu\/lv\/wp-json\/wp\/v2\/media\/87594"}],"wp:attachment":[{"href":"https:\/\/e.kosmolat.eu\/lv\/wp-json\/wp\/v2\/media?parent=41437"}],"wp:term":[{"taxonomy":"product_cat","embeddable":true,"href":"https:\/\/e.kosmolat.eu\/lv\/wp-json\/wp\/v2\/product_cat?post=41437"},{"taxonomy":"product_tag","embeddable":true,"href":"https:\/\/e.kosmolat.eu\/lv\/wp-json\/wp\/v2\/product_tag?post=41437"}],"curies":[{"name":"wp","href":"https:\/\/api.w.org\/{rel}","templated":true}]}}