{"id":41433,"date":"2023-12-23T03:00:12","date_gmt":"2023-12-23T03:00:12","guid":{"rendered":"https:\/\/e.kosmolat.eu\/product\/cosmeplant-pienins-kosm-nonems-ar-upenes-avenes-un-vilkabeles-ekstr-200-ml\/"},"modified":"2026-04-11T18:16:09","modified_gmt":"2026-04-11T18:16:09","slug":"cosmeplant-pienins-kosm-nonems-ar-upenes-avenes-un-vilkabeles-ekstr-200-ml","status":"publish","type":"product","link":"https:\/\/e.kosmolat.eu\/lv\/product\/cosmeplant-pienins-kosm-nonems-ar-upenes-avenes-un-vilkabeles-ekstr-200-ml\/","title":{"rendered":"Cosmeplant Pieni\u0146\u0161 kosm.no\u0146em\u0161.ar upenes, avenes un vilk\u0101beles ekstr., 200 ml"},"content":{"rendered":"<p>R\u016bp\u012bgi un maigi att\u012bra, m\u012bkstina un baro \u0101du ar v\u0113rt\u012bgiem vitam\u012bniem, mazina \u0101das jut\u012bgumu.<\/p>\n<p><strong>Lieto&scaron;ana: <\/strong>uzkl\u0101jiet uz vates diska un maigi not\u012briet sejas \u0101du, tai skait\u0101 acu un l\u016bpu zon\u0101.&nbsp;<\/p>\n<p>Uzglab\u0101t t&deg; no +5 &deg;\u0421 l\u012bdz +25 &deg;\u0421, sarg\u0101jot no tie&scaron;iem saules stariem.&nbsp;<\/p>\n<p><strong>Der\u012bguma termi\u0146&scaron;: <\/strong>30 m\u0113ne&scaron;i.&nbsp;<br \/>\n&nbsp;<\/p>\n","protected":false},"excerpt":{"rendered":"<p>R\u016bp\u012bgi un maigi att\u012bra, m\u012bkstina un baro \u0101du ar v\u0113rt\u012bgiem vitam\u012bniem, mazina \u0101das jut\u012bgumu. Lieto&scaron;ana: uzkl\u0101jiet uz vates diska un maigi not\u012briet sejas \u0101du, tai skait\u0101 acu un l\u016bpu zon\u0101.&nbsp; Uzglab\u0101t t&deg; no +5 &deg;\u0421 l\u012bdz +25 &deg;\u0421, sarg\u0101jot no tie&scaron;iem saules stariem.&nbsp; Der\u012bguma termi\u0146&scaron;: 30 m\u0113ne&scaron;i.&nbsp; &nbsp;<\/p>\n","protected":false},"featured_media":87590,"template":"","meta":[],"product_cat":[1572],"product_tag":[],"class_list":{"0":"post-41433","1":"product","2":"type-product","3":"status-publish","4":"has-post-thumbnail","6":"product_brand-viorica-cosmeplant_bg","7":"product_cat-pienini-un-ellas","9":"first","10":"instock","11":"taxable","12":"shipping-taxable","13":"product-type-simple"},"_links":{"self":[{"href":"https:\/\/e.kosmolat.eu\/lv\/wp-json\/wp\/v2\/product\/41433","targetHints":{"allow":["GET"]}}],"collection":[{"href":"https:\/\/e.kosmolat.eu\/lv\/wp-json\/wp\/v2\/product"}],"about":[{"href":"https:\/\/e.kosmolat.eu\/lv\/wp-json\/wp\/v2\/types\/product"}],"wp:featuredmedia":[{"embeddable":true,"href":"https:\/\/e.kosmolat.eu\/lv\/wp-json\/wp\/v2\/media\/87590"}],"wp:attachment":[{"href":"https:\/\/e.kosmolat.eu\/lv\/wp-json\/wp\/v2\/media?parent=41433"}],"wp:term":[{"taxonomy":"product_cat","embeddable":true,"href":"https:\/\/e.kosmolat.eu\/lv\/wp-json\/wp\/v2\/product_cat?post=41433"},{"taxonomy":"product_tag","embeddable":true,"href":"https:\/\/e.kosmolat.eu\/lv\/wp-json\/wp\/v2\/product_tag?post=41433"}],"curies":[{"name":"wp","href":"https:\/\/api.w.org\/{rel}","templated":true}]}}